{"id":525,"date":"2025-01-24T13:41:11","date_gmt":"2025-01-24T13:41:11","guid":{"rendered":"https:\/\/flowersestonia.ee\/?post_type=product&#038;p=525"},"modified":"2025-06-01T15:57:30","modified_gmt":"2025-06-01T12:57:30","slug":"pulmakimp-rustik","status":"publish","type":"product","link":"https:\/\/flowersestonia.ee\/ru\/lillepood\/pulmakimp-rustik\/","title":{"rendered":"\u0421\u0432\u0430\u0434\u0435\u0431\u043d\u044b\u0439 \u0431\u0443\u043a\u0435\u0442 \u201cRustik\u201d"},"content":{"rendered":"<p data-start=\"109\" data-end=\"223\"><span class=\"relative -mx-px my-[-0.2rem] rounded px-px py-[0.2rem] transition-colors duration-100 ease-in-out\"><strong data-start=\"0\" data-end=\"22\" data-is-only-node=\"\">\u201ePulmakimp Rustik\u201d<\/strong> on loodud neile, kes hindavad loodusl\u00e4hedust ja ajatuid detaile.<\/span> <span class=\"relative -mx-px my-[-0.2rem] rounded px-px py-[0.2rem] transition-colors duration-100 ease-in-out\">See k\u00e4sit\u00f6\u00f6na valminud kimp \u00fchendab endas v\u00e4rsked hooajalised lilled ja rustikaalse disaini, sobides ideaalselt pulmadeks v\u00f5i t\u00e4htsateks hetkedeks.<\/span><\/p>\n<p data-start=\"225\" data-end=\"244\"><strong data-start=\"225\" data-end=\"244\">Toote omadused:<\/strong><\/p>\n<ul data-start=\"245\" data-end=\"451\">\n<li data-start=\"245\" data-end=\"286\">\n<p data-start=\"247\" data-end=\"286\"><span class=\"relative -mx-px my-[-0.2rem] rounded px-px py-[0.2rem] transition-colors duration-100 ease-in-out\">K\u00e4sit\u00f6\u00f6na valmistatud autorikimp.<\/span><\/p>\n<\/li>\n<li data-start=\"287\" data-end=\"328\">\n<p data-start=\"289\" data-end=\"328\"><span class=\"relative -mx-px my-[-0.2rem] rounded px-px py-[0.2rem] transition-colors duration-100 ease-in-out\">Valmistatud v\u00e4rsketest ja kvaliteetsetest lilledest.<\/span><\/p>\n<\/li>\n<li data-start=\"329\" data-end=\"370\">\n<p data-start=\"331\" data-end=\"370\"><span class=\"relative -mx-px my-[-0.2rem] rounded px-px py-[0.2rem] transition-colors duration-100 ease-in-out\">Sobib pulmadeks, pidulikeks s\u00fcndmusteks ja kingituseks.<\/span><\/p>\n<\/li>\n<li data-start=\"371\" data-end=\"451\">\n<p data-start=\"373\" data-end=\"451\"><span class=\"relative -mx-px my-[-0.2rem] rounded px-px py-[0.2rem] transition-colors duration-100 ease-in-out\">V\u00f5imalus samap\u00e4evaseks kohaletoimetamiseks Tallinnas tellimisel enne 17:00.<\/span><\/p>\n<\/li>\n<\/ul>\n<p data-start=\"453\" data-end=\"531\"><span class=\"relative -mx-px my-[-0.2rem] rounded px-px py-[0.2rem] transition-colors duration-100 ease-in-out\"><em data-start=\"0\" data-end=\"154\" data-is-last-node=\"\" data-is-only-node=\"\">NB! Kui kimp tellitakse v\u00e4hem kui 5 p\u00e4eva jooksul, on v\u00e4ikesed erinevused originaalist v\u00f5imalikud, s\u00f5ltuvalt lillematerjalide k\u00e4ttesaadavusest sel ajal.<\/em><\/span><\/p>","protected":false},"excerpt":{"rendered":"<p>\u201ePulmakimp Rustik\u201d on loodud neile, kes hindavad loodusl\u00e4hedust ja ajatuid detaile. See k\u00e4sit\u00f6\u00f6na valminud kimp \u00fchendab endas v\u00e4rsked hooajalised lilled ja rustikaalse disaini, sobides ideaalselt&#8230;<\/p>","protected":false},"featured_media":288,"comment_status":"open","ping_status":"closed","template":"","meta":[],"etheme_brands":[],"product_brand":[],"product_cat":[29],"product_tag":[],"class_list":{"0":"post-525","1":"product","2":"type-product","3":"status-publish","4":"has-post-thumbnail","6":"product_cat-pulmad","8":"first","9":"instock","10":"taxable","11":"shipping-taxable","12":"purchasable","13":"product-type-simple"},"yoast_head":"<!-- This site is optimized with the Yoast SEO plugin v24.9 - https:\/\/yoast.com\/wordpress\/plugins\/seo\/ -->\n<title>Pulmakimp &quot;Rustik&quot; &#8211; Flowers Estonia<\/title>\n<meta name=\"description\" content=\"Tellige rustikaalses stiilis pruudikimp &quot;Rustik&quot; Flowers Estonia lillepoest. Kiire kohaletoimetamine Tallinnas \u2013 ideaalne valik teie erilisele p\u00e4evale\" \/>\n<meta name=\"robots\" content=\"index, follow, max-snippet:-1, max-image-preview:large, max-video-preview:-1\" \/>\n<link rel=\"canonical\" href=\"https:\/\/flowersestonia.ee\/ru\/lillepood\/pulmakimp-rustik\/\" \/>\n<meta property=\"og:locale\" content=\"ru_RU\" \/>\n<meta property=\"og:type\" content=\"article\" \/>\n<meta property=\"og:title\" content=\"Pulmakimp &quot;Rustik&quot; &#8211; Flowers Estonia\" \/>\n<meta property=\"og:description\" content=\"Tellige rustikaalses stiilis pruudikimp &quot;Rustik&quot; Flowers Estonia lillepoest. Kiire kohaletoimetamine Tallinnas \u2013 ideaalne valik teie erilisele p\u00e4evale\" \/>\n<meta property=\"og:url\" content=\"https:\/\/flowersestonia.ee\/ru\/lillepood\/pulmakimp-rustik\/\" \/>\n<meta property=\"og:site_name\" content=\"Flowers Estonia\" \/>\n<meta property=\"article:modified_time\" content=\"2025-06-01T12:57:30+00:00\" \/>\n<meta property=\"og:image\" content=\"https:\/\/flowersestonia.ee\/wp-content\/uploads\/2025\/01\/rustik-129-euro-scaled-1-jpg.webp\" \/>\n\t<meta property=\"og:image:width\" content=\"2396\" \/>\n\t<meta property=\"og:image:height\" content=\"2560\" \/>\n\t<meta property=\"og:image:type\" content=\"image\/webp\" \/>\n<meta name=\"twitter:card\" content=\"summary_large_image\" \/>\n<meta name=\"twitter:label1\" content=\"\u041f\u0440\u0438\u043c\u0435\u0440\u043d\u043e\u0435 \u0432\u0440\u0435\u043c\u044f \u0434\u043b\u044f \u0447\u0442\u0435\u043d\u0438\u044f\" \/>\n\t<meta name=\"twitter:data1\" content=\"1 \u043c\u0438\u043d\u0443\u0442\u0430\" \/>\n<script type=\"application\/ld+json\" class=\"yoast-schema-graph\">{\"@context\":\"https:\/\/schema.org\",\"@graph\":[{\"@type\":\"WebPage\",\"@id\":\"https:\/\/flowersestonia.ee\/lillepood\/pulmakimp-rustik\/\",\"url\":\"https:\/\/flowersestonia.ee\/lillepood\/pulmakimp-rustik\/\",\"name\":\"Pulmakimp \\\"Rustik\\\" &#8211; Flowers Estonia\",\"isPartOf\":{\"@id\":\"https:\/\/flowersestonia.ee\/#website\"},\"primaryImageOfPage\":{\"@id\":\"https:\/\/flowersestonia.ee\/lillepood\/pulmakimp-rustik\/#primaryimage\"},\"image\":{\"@id\":\"https:\/\/flowersestonia.ee\/lillepood\/pulmakimp-rustik\/#primaryimage\"},\"thumbnailUrl\":\"https:\/\/flowersestonia.ee\/wp-content\/uploads\/2025\/01\/rustik-129-euro-scaled-1-jpg.webp\",\"datePublished\":\"2025-01-24T13:41:11+00:00\",\"dateModified\":\"2025-06-01T12:57:30+00:00\",\"description\":\"Tellige rustikaalses stiilis pruudikimp \\\"Rustik\\\" Flowers Estonia lillepoest. Kiire kohaletoimetamine Tallinnas \u2013 ideaalne valik teie erilisele p\u00e4evale\",\"breadcrumb\":{\"@id\":\"https:\/\/flowersestonia.ee\/lillepood\/pulmakimp-rustik\/#breadcrumb\"},\"inLanguage\":\"ru-RU\",\"potentialAction\":[{\"@type\":\"ReadAction\",\"target\":[\"https:\/\/flowersestonia.ee\/lillepood\/pulmakimp-rustik\/\"]}]},{\"@type\":\"ImageObject\",\"inLanguage\":\"ru-RU\",\"@id\":\"https:\/\/flowersestonia.ee\/lillepood\/pulmakimp-rustik\/#primaryimage\",\"url\":\"https:\/\/flowersestonia.ee\/wp-content\/uploads\/2025\/01\/rustik-129-euro-scaled-1-jpg.webp\",\"contentUrl\":\"https:\/\/flowersestonia.ee\/wp-content\/uploads\/2025\/01\/rustik-129-euro-scaled-1-jpg.webp\",\"width\":2396,\"height\":2560},{\"@type\":\"BreadcrumbList\",\"@id\":\"https:\/\/flowersestonia.ee\/lillepood\/pulmakimp-rustik\/#breadcrumb\",\"itemListElement\":[{\"@type\":\"ListItem\",\"position\":1,\"name\":\"\u0413\u043b\u0430\u0432\u043d\u0430\u044f \u0441\u0442\u0440\u0430\u043d\u0438\u0446\u0430\",\"item\":\"https:\/\/flowersestonia.ee\/\"},{\"@type\":\"ListItem\",\"position\":2,\"name\":\"Tooted\",\"item\":\"https:\/\/flowersestonia.ee\/shop\/\"},{\"@type\":\"ListItem\",\"position\":3,\"name\":\"Pulmakimp &#171;Rustik&#187;\"}]},{\"@type\":\"WebSite\",\"@id\":\"https:\/\/flowersestonia.ee\/#website\",\"url\":\"https:\/\/flowersestonia.ee\/\",\"name\":\"Flowers Estonia\",\"description\":\"Lillede m\u00fc\u00fck ja kohaletoimetamine\",\"publisher\":{\"@id\":\"https:\/\/flowersestonia.ee\/#organization\"},\"potentialAction\":[{\"@type\":\"SearchAction\",\"target\":{\"@type\":\"EntryPoint\",\"urlTemplate\":\"https:\/\/flowersestonia.ee\/?s={search_term_string}\"},\"query-input\":{\"@type\":\"PropertyValueSpecification\",\"valueRequired\":true,\"valueName\":\"search_term_string\"}}],\"inLanguage\":\"ru-RU\"},{\"@type\":\"Organization\",\"@id\":\"https:\/\/flowersestonia.ee\/#organization\",\"name\":\"Flowers Estonia\",\"url\":\"https:\/\/flowersestonia.ee\/\",\"logo\":{\"@type\":\"ImageObject\",\"inLanguage\":\"ru-RU\",\"@id\":\"https:\/\/flowersestonia.ee\/#\/schema\/logo\/image\/\",\"url\":\"https:\/\/flowersestonia.ee\/wp-content\/uploads\/2025\/01\/Frame-1.svg\",\"contentUrl\":\"https:\/\/flowersestonia.ee\/wp-content\/uploads\/2025\/01\/Frame-1.svg\",\"width\":350,\"height\":100,\"caption\":\"Flowers Estonia\"},\"image\":{\"@id\":\"https:\/\/flowersestonia.ee\/#\/schema\/logo\/image\/\"}}]}<\/script>\n<!-- \/ Yoast SEO plugin. -->","yoast_head_json":{"title":"Pulmakimp \"Rustik\" &#8211; Flowers Estonia","description":"Tellige rustikaalses stiilis pruudikimp \"Rustik\" Flowers Estonia lillepoest. Kiire kohaletoimetamine Tallinnas \u2013 ideaalne valik teie erilisele p\u00e4evale","robots":{"index":"index","follow":"follow","max-snippet":"max-snippet:-1","max-image-preview":"max-image-preview:large","max-video-preview":"max-video-preview:-1"},"canonical":"https:\/\/flowersestonia.ee\/ru\/lillepood\/pulmakimp-rustik\/","og_locale":"ru_RU","og_type":"article","og_title":"Pulmakimp \"Rustik\" &#8211; Flowers Estonia","og_description":"Tellige rustikaalses stiilis pruudikimp \"Rustik\" Flowers Estonia lillepoest. Kiire kohaletoimetamine Tallinnas \u2013 ideaalne valik teie erilisele p\u00e4evale","og_url":"https:\/\/flowersestonia.ee\/ru\/lillepood\/pulmakimp-rustik\/","og_site_name":"Flowers Estonia","article_modified_time":"2025-06-01T12:57:30+00:00","og_image":[{"width":2396,"height":2560,"url":"https:\/\/flowersestonia.ee\/wp-content\/uploads\/2025\/01\/rustik-129-euro-scaled-1-jpg.webp","type":"image\/webp"}],"twitter_card":"summary_large_image","twitter_misc":{"\u041f\u0440\u0438\u043c\u0435\u0440\u043d\u043e\u0435 \u0432\u0440\u0435\u043c\u044f \u0434\u043b\u044f \u0447\u0442\u0435\u043d\u0438\u044f":"1 \u043c\u0438\u043d\u0443\u0442\u0430"},"schema":{"@context":"https:\/\/schema.org","@graph":[{"@type":"WebPage","@id":"https:\/\/flowersestonia.ee\/lillepood\/pulmakimp-rustik\/","url":"https:\/\/flowersestonia.ee\/lillepood\/pulmakimp-rustik\/","name":"Pulmakimp \"Rustik\" &#8211; Flowers Estonia","isPartOf":{"@id":"https:\/\/flowersestonia.ee\/#website"},"primaryImageOfPage":{"@id":"https:\/\/flowersestonia.ee\/lillepood\/pulmakimp-rustik\/#primaryimage"},"image":{"@id":"https:\/\/flowersestonia.ee\/lillepood\/pulmakimp-rustik\/#primaryimage"},"thumbnailUrl":"https:\/\/flowersestonia.ee\/wp-content\/uploads\/2025\/01\/rustik-129-euro-scaled-1-jpg.webp","datePublished":"2025-01-24T13:41:11+00:00","dateModified":"2025-06-01T12:57:30+00:00","description":"Tellige rustikaalses stiilis pruudikimp \"Rustik\" Flowers Estonia lillepoest. Kiire kohaletoimetamine Tallinnas \u2013 ideaalne valik teie erilisele p\u00e4evale","breadcrumb":{"@id":"https:\/\/flowersestonia.ee\/lillepood\/pulmakimp-rustik\/#breadcrumb"},"inLanguage":"ru-RU","potentialAction":[{"@type":"ReadAction","target":["https:\/\/flowersestonia.ee\/lillepood\/pulmakimp-rustik\/"]}]},{"@type":"ImageObject","inLanguage":"ru-RU","@id":"https:\/\/flowersestonia.ee\/lillepood\/pulmakimp-rustik\/#primaryimage","url":"https:\/\/flowersestonia.ee\/wp-content\/uploads\/2025\/01\/rustik-129-euro-scaled-1-jpg.webp","contentUrl":"https:\/\/flowersestonia.ee\/wp-content\/uploads\/2025\/01\/rustik-129-euro-scaled-1-jpg.webp","width":2396,"height":2560},{"@type":"BreadcrumbList","@id":"https:\/\/flowersestonia.ee\/lillepood\/pulmakimp-rustik\/#breadcrumb","itemListElement":[{"@type":"ListItem","position":1,"name":"\u0413\u043b\u0430\u0432\u043d\u0430\u044f \u0441\u0442\u0440\u0430\u043d\u0438\u0446\u0430","item":"https:\/\/flowersestonia.ee\/"},{"@type":"ListItem","position":2,"name":"Tooted","item":"https:\/\/flowersestonia.ee\/shop\/"},{"@type":"ListItem","position":3,"name":"Pulmakimp &#171;Rustik&#187;"}]},{"@type":"WebSite","@id":"https:\/\/flowersestonia.ee\/#website","url":"https:\/\/flowersestonia.ee\/","name":"Flowers Estonia","description":"Lillede m\u00fc\u00fck ja kohaletoimetamine","publisher":{"@id":"https:\/\/flowersestonia.ee\/#organization"},"potentialAction":[{"@type":"SearchAction","target":{"@type":"EntryPoint","urlTemplate":"https:\/\/flowersestonia.ee\/?s={search_term_string}"},"query-input":{"@type":"PropertyValueSpecification","valueRequired":true,"valueName":"search_term_string"}}],"inLanguage":"ru-RU"},{"@type":"Organization","@id":"https:\/\/flowersestonia.ee\/#organization","name":"Flowers Estonia","url":"https:\/\/flowersestonia.ee\/","logo":{"@type":"ImageObject","inLanguage":"ru-RU","@id":"https:\/\/flowersestonia.ee\/#\/schema\/logo\/image\/","url":"https:\/\/flowersestonia.ee\/wp-content\/uploads\/2025\/01\/Frame-1.svg","contentUrl":"https:\/\/flowersestonia.ee\/wp-content\/uploads\/2025\/01\/Frame-1.svg","width":350,"height":100,"caption":"Flowers Estonia"},"image":{"@id":"https:\/\/flowersestonia.ee\/#\/schema\/logo\/image\/"}}]}},"_links":{"self":[{"href":"https:\/\/flowersestonia.ee\/ru\/wp-json\/wp\/v2\/product\/525","targetHints":{"allow":["GET"]}}],"collection":[{"href":"https:\/\/flowersestonia.ee\/ru\/wp-json\/wp\/v2\/product"}],"about":[{"href":"https:\/\/flowersestonia.ee\/ru\/wp-json\/wp\/v2\/types\/product"}],"replies":[{"embeddable":true,"href":"https:\/\/flowersestonia.ee\/ru\/wp-json\/wp\/v2\/comments?post=525"}],"version-history":[{"count":4,"href":"https:\/\/flowersestonia.ee\/ru\/wp-json\/wp\/v2\/product\/525\/revisions"}],"predecessor-version":[{"id":2492,"href":"https:\/\/flowersestonia.ee\/ru\/wp-json\/wp\/v2\/product\/525\/revisions\/2492"}],"wp:featuredmedia":[{"embeddable":true,"href":"https:\/\/flowersestonia.ee\/ru\/wp-json\/wp\/v2\/media\/288"}],"wp:attachment":[{"href":"https:\/\/flowersestonia.ee\/ru\/wp-json\/wp\/v2\/media?parent=525"}],"wp:term":[{"taxonomy":"brand","embeddable":true,"href":"https:\/\/flowersestonia.ee\/ru\/wp-json\/wp\/v2\/etheme_brands?post=525"},{"taxonomy":"product_brand","embeddable":true,"href":"https:\/\/flowersestonia.ee\/ru\/wp-json\/wp\/v2\/product_brand?post=525"},{"taxonomy":"product_cat","embeddable":true,"href":"https:\/\/flowersestonia.ee\/ru\/wp-json\/wp\/v2\/product_cat?post=525"},{"taxonomy":"product_tag","embeddable":true,"href":"https:\/\/flowersestonia.ee\/ru\/wp-json\/wp\/v2\/product_tag?post=525"}],"curies":[{"name":"wp","href":"https:\/\/api.w.org\/{rel}","templated":true}]}}