{"id":469,"date":"2025-01-24T13:41:08","date_gmt":"2025-01-24T13:41:08","guid":{"rendered":"https:\/\/flowersestonia.ee\/?post_type=product&#038;p=469"},"modified":"2025-06-01T17:55:11","modified_gmt":"2025-06-01T14:55:11","slug":"pulmakimpbombastic","status":"publish","type":"product","link":"https:\/\/flowersestonia.ee\/ru\/lillepood\/pulmakimpbombastic\/","title":{"rendered":"Pulmakimp&#8221;Bombastic&#8221;"},"content":{"rendered":"<p data-start=\"124\" data-end=\"476\"><strong data-start=\"124\" data-end=\"149\">Pulmakimp \u201eBombastic\u201d<\/strong> on elegantne ja ajatu valik pruudile, kes hindab luksuslikku lihtsust ja peent ilu. Kimp on valmistatud k\u00e4sit\u00f6\u00f6na, kasutades kvaliteetseid ja v\u00e4rskeid lilli, mis tagavad pikaajalise v\u00e4rskuse ja ilu. Selle neutraalne toon sobib ideaalselt erinevate pulmateemade ja -kleitidega, lisades teie erilisele p\u00e4evale romantilist h\u00f5ngu.<\/p>\n<p data-start=\"478\" data-end=\"491\"><strong data-start=\"478\" data-end=\"491\">Omadused:<\/strong><\/p>\n<ul data-start=\"492\" data-end=\"718\">\n<li data-start=\"492\" data-end=\"527\">\n<p data-start=\"494\" data-end=\"527\">K\u00e4sit\u00f6\u00f6na valmistatud autorikimp.<\/p>\n<\/li>\n<li data-start=\"528\" data-end=\"582\">\n<p data-start=\"530\" data-end=\"582\">Valmistatud v\u00e4rsketest ja kvaliteetsetest lilledest.<\/p>\n<\/li>\n<li data-start=\"583\" data-end=\"640\">\n<p data-start=\"585\" data-end=\"640\">Sobib pulmadeks, pidulikeks s\u00fcndmusteks ja kingituseks.<\/p>\n<\/li>\n<li data-start=\"641\" data-end=\"718\">\n<p data-start=\"643\" data-end=\"718\">V\u00f5imalus samap\u00e4evaseks kohaletoimetamiseks Tallinnas tellimisel enne 17:00.<\/p>\n<\/li>\n<\/ul>\n<p data-start=\"720\" data-end=\"844\"><em data-start=\"720\" data-end=\"844\">NB! Kui tellimus tehakse v\u00e4hem kui 5 p\u00e4eva ette, v\u00f5ib lillematerjalist s\u00f5ltuvalt esineda v\u00e4ikeseid erinevusi originaalist.<\/em><\/p>","protected":false},"excerpt":{"rendered":"<p>Pulmakimp \u201eBombastic\u201d on elegantne ja ajatu valik pruudile, kes hindab luksuslikku lihtsust ja peent ilu. Kimp on valmistatud k\u00e4sit\u00f6\u00f6na, kasutades kvaliteetseid ja v\u00e4rskeid lilli, mis&#8230;<\/p>","protected":false},"featured_media":305,"comment_status":"open","ping_status":"closed","template":"","meta":[],"etheme_brands":[],"product_brand":[],"product_cat":[29],"product_tag":[],"class_list":{"0":"post-469","1":"product","2":"type-product","3":"status-publish","4":"has-post-thumbnail","6":"product_cat-pulmad","8":"first","9":"instock","10":"taxable","11":"shipping-taxable","12":"purchasable","13":"product-type-simple"},"yoast_head":"<!-- This site is optimized with the Yoast SEO plugin v24.9 - https:\/\/yoast.com\/wordpress\/plugins\/seo\/ -->\n<title>Pulmakimp&quot;Bombastic&quot; &#8211; Flowers Estonia<\/title>\n<meta name=\"description\" content=\"Tellige elegantne pulmakimp &quot;Bombastic&quot; Flowers Estonia lillepoest. K\u00e4sit\u00f6\u00f6na valminud kimp sobib ideaalselt teie eriliseks p\u00e4evaks.\" \/>\n<meta name=\"robots\" content=\"index, follow, max-snippet:-1, max-image-preview:large, max-video-preview:-1\" \/>\n<link rel=\"canonical\" href=\"https:\/\/flowersestonia.ee\/ru\/lillepood\/pulmakimpbombastic\/\" \/>\n<meta property=\"og:locale\" content=\"ru_RU\" \/>\n<meta property=\"og:type\" content=\"article\" \/>\n<meta property=\"og:title\" content=\"Pulmakimp&quot;Bombastic&quot; &#8211; Flowers Estonia\" \/>\n<meta property=\"og:description\" content=\"Tellige elegantne pulmakimp &quot;Bombastic&quot; Flowers Estonia lillepoest. K\u00e4sit\u00f6\u00f6na valminud kimp sobib ideaalselt teie eriliseks p\u00e4evaks.\" \/>\n<meta property=\"og:url\" content=\"https:\/\/flowersestonia.ee\/ru\/lillepood\/pulmakimpbombastic\/\" \/>\n<meta property=\"og:site_name\" content=\"Flowers Estonia\" \/>\n<meta property=\"article:modified_time\" content=\"2025-06-01T14:55:11+00:00\" \/>\n<meta property=\"og:image\" content=\"https:\/\/flowersestonia.ee\/wp-content\/uploads\/2025\/01\/\u0438\u0437\u043e\u0431\u0440\u0430\u0436\u0435\u043d\u0438\u0435_viber_2022-03-24_12-14-58-670-jpg.webp\" \/>\n\t<meta property=\"og:image:width\" content=\"1600\" \/>\n\t<meta property=\"og:image:height\" content=\"1600\" \/>\n\t<meta property=\"og:image:type\" content=\"image\/webp\" \/>\n<meta name=\"twitter:card\" content=\"summary_large_image\" \/>\n<meta name=\"twitter:label1\" content=\"\u041f\u0440\u0438\u043c\u0435\u0440\u043d\u043e\u0435 \u0432\u0440\u0435\u043c\u044f \u0434\u043b\u044f \u0447\u0442\u0435\u043d\u0438\u044f\" \/>\n\t<meta name=\"twitter:data1\" content=\"1 \u043c\u0438\u043d\u0443\u0442\u0430\" \/>\n<script type=\"application\/ld+json\" class=\"yoast-schema-graph\">{\"@context\":\"https:\/\/schema.org\",\"@graph\":[{\"@type\":\"WebPage\",\"@id\":\"https:\/\/flowersestonia.ee\/lillepood\/pulmakimpbombastic\/\",\"url\":\"https:\/\/flowersestonia.ee\/lillepood\/pulmakimpbombastic\/\",\"name\":\"Pulmakimp\\\"Bombastic\\\" &#8211; Flowers Estonia\",\"isPartOf\":{\"@id\":\"https:\/\/flowersestonia.ee\/#website\"},\"primaryImageOfPage\":{\"@id\":\"https:\/\/flowersestonia.ee\/lillepood\/pulmakimpbombastic\/#primaryimage\"},\"image\":{\"@id\":\"https:\/\/flowersestonia.ee\/lillepood\/pulmakimpbombastic\/#primaryimage\"},\"thumbnailUrl\":\"https:\/\/flowersestonia.ee\/wp-content\/uploads\/2025\/01\/\u0438\u0437\u043e\u0431\u0440\u0430\u0436\u0435\u043d\u0438\u0435_viber_2022-03-24_12-14-58-670-jpg.webp\",\"datePublished\":\"2025-01-24T13:41:08+00:00\",\"dateModified\":\"2025-06-01T14:55:11+00:00\",\"description\":\"Tellige elegantne pulmakimp \\\"Bombastic\\\" Flowers Estonia lillepoest. K\u00e4sit\u00f6\u00f6na valminud kimp sobib ideaalselt teie eriliseks p\u00e4evaks.\",\"breadcrumb\":{\"@id\":\"https:\/\/flowersestonia.ee\/lillepood\/pulmakimpbombastic\/#breadcrumb\"},\"inLanguage\":\"ru-RU\",\"potentialAction\":[{\"@type\":\"ReadAction\",\"target\":[\"https:\/\/flowersestonia.ee\/lillepood\/pulmakimpbombastic\/\"]}]},{\"@type\":\"ImageObject\",\"inLanguage\":\"ru-RU\",\"@id\":\"https:\/\/flowersestonia.ee\/lillepood\/pulmakimpbombastic\/#primaryimage\",\"url\":\"https:\/\/flowersestonia.ee\/wp-content\/uploads\/2025\/01\/\u0438\u0437\u043e\u0431\u0440\u0430\u0436\u0435\u043d\u0438\u0435_viber_2022-03-24_12-14-58-670-jpg.webp\",\"contentUrl\":\"https:\/\/flowersestonia.ee\/wp-content\/uploads\/2025\/01\/\u0438\u0437\u043e\u0431\u0440\u0430\u0436\u0435\u043d\u0438\u0435_viber_2022-03-24_12-14-58-670-jpg.webp\",\"width\":1600,\"height\":1600},{\"@type\":\"BreadcrumbList\",\"@id\":\"https:\/\/flowersestonia.ee\/lillepood\/pulmakimpbombastic\/#breadcrumb\",\"itemListElement\":[{\"@type\":\"ListItem\",\"position\":1,\"name\":\"\u0413\u043b\u0430\u0432\u043d\u0430\u044f \u0441\u0442\u0440\u0430\u043d\u0438\u0446\u0430\",\"item\":\"https:\/\/flowersestonia.ee\/\"},{\"@type\":\"ListItem\",\"position\":2,\"name\":\"Tooted\",\"item\":\"https:\/\/flowersestonia.ee\/shop\/\"},{\"@type\":\"ListItem\",\"position\":3,\"name\":\"Pulmakimp&#187;Bombastic&#187;\"}]},{\"@type\":\"WebSite\",\"@id\":\"https:\/\/flowersestonia.ee\/#website\",\"url\":\"https:\/\/flowersestonia.ee\/\",\"name\":\"Flowers Estonia\",\"description\":\"Lillede m\u00fc\u00fck ja kohaletoimetamine\",\"publisher\":{\"@id\":\"https:\/\/flowersestonia.ee\/#organization\"},\"potentialAction\":[{\"@type\":\"SearchAction\",\"target\":{\"@type\":\"EntryPoint\",\"urlTemplate\":\"https:\/\/flowersestonia.ee\/?s={search_term_string}\"},\"query-input\":{\"@type\":\"PropertyValueSpecification\",\"valueRequired\":true,\"valueName\":\"search_term_string\"}}],\"inLanguage\":\"ru-RU\"},{\"@type\":\"Organization\",\"@id\":\"https:\/\/flowersestonia.ee\/#organization\",\"name\":\"Flowers Estonia\",\"url\":\"https:\/\/flowersestonia.ee\/\",\"logo\":{\"@type\":\"ImageObject\",\"inLanguage\":\"ru-RU\",\"@id\":\"https:\/\/flowersestonia.ee\/#\/schema\/logo\/image\/\",\"url\":\"https:\/\/flowersestonia.ee\/wp-content\/uploads\/2025\/01\/Frame-1.svg\",\"contentUrl\":\"https:\/\/flowersestonia.ee\/wp-content\/uploads\/2025\/01\/Frame-1.svg\",\"width\":350,\"height\":100,\"caption\":\"Flowers Estonia\"},\"image\":{\"@id\":\"https:\/\/flowersestonia.ee\/#\/schema\/logo\/image\/\"}}]}<\/script>\n<!-- \/ Yoast SEO plugin. -->","yoast_head_json":{"title":"Pulmakimp\"Bombastic\" &#8211; Flowers Estonia","description":"Tellige elegantne pulmakimp \"Bombastic\" Flowers Estonia lillepoest. K\u00e4sit\u00f6\u00f6na valminud kimp sobib ideaalselt teie eriliseks p\u00e4evaks.","robots":{"index":"index","follow":"follow","max-snippet":"max-snippet:-1","max-image-preview":"max-image-preview:large","max-video-preview":"max-video-preview:-1"},"canonical":"https:\/\/flowersestonia.ee\/ru\/lillepood\/pulmakimpbombastic\/","og_locale":"ru_RU","og_type":"article","og_title":"Pulmakimp\"Bombastic\" &#8211; Flowers Estonia","og_description":"Tellige elegantne pulmakimp \"Bombastic\" Flowers Estonia lillepoest. K\u00e4sit\u00f6\u00f6na valminud kimp sobib ideaalselt teie eriliseks p\u00e4evaks.","og_url":"https:\/\/flowersestonia.ee\/ru\/lillepood\/pulmakimpbombastic\/","og_site_name":"Flowers Estonia","article_modified_time":"2025-06-01T14:55:11+00:00","og_image":[{"width":1600,"height":1600,"url":"https:\/\/flowersestonia.ee\/wp-content\/uploads\/2025\/01\/\u0438\u0437\u043e\u0431\u0440\u0430\u0436\u0435\u043d\u0438\u0435_viber_2022-03-24_12-14-58-670-jpg.webp","type":"image\/webp"}],"twitter_card":"summary_large_image","twitter_misc":{"\u041f\u0440\u0438\u043c\u0435\u0440\u043d\u043e\u0435 \u0432\u0440\u0435\u043c\u044f \u0434\u043b\u044f \u0447\u0442\u0435\u043d\u0438\u044f":"1 \u043c\u0438\u043d\u0443\u0442\u0430"},"schema":{"@context":"https:\/\/schema.org","@graph":[{"@type":"WebPage","@id":"https:\/\/flowersestonia.ee\/lillepood\/pulmakimpbombastic\/","url":"https:\/\/flowersestonia.ee\/lillepood\/pulmakimpbombastic\/","name":"Pulmakimp\"Bombastic\" &#8211; Flowers Estonia","isPartOf":{"@id":"https:\/\/flowersestonia.ee\/#website"},"primaryImageOfPage":{"@id":"https:\/\/flowersestonia.ee\/lillepood\/pulmakimpbombastic\/#primaryimage"},"image":{"@id":"https:\/\/flowersestonia.ee\/lillepood\/pulmakimpbombastic\/#primaryimage"},"thumbnailUrl":"https:\/\/flowersestonia.ee\/wp-content\/uploads\/2025\/01\/\u0438\u0437\u043e\u0431\u0440\u0430\u0436\u0435\u043d\u0438\u0435_viber_2022-03-24_12-14-58-670-jpg.webp","datePublished":"2025-01-24T13:41:08+00:00","dateModified":"2025-06-01T14:55:11+00:00","description":"Tellige elegantne pulmakimp \"Bombastic\" Flowers Estonia lillepoest. K\u00e4sit\u00f6\u00f6na valminud kimp sobib ideaalselt teie eriliseks p\u00e4evaks.","breadcrumb":{"@id":"https:\/\/flowersestonia.ee\/lillepood\/pulmakimpbombastic\/#breadcrumb"},"inLanguage":"ru-RU","potentialAction":[{"@type":"ReadAction","target":["https:\/\/flowersestonia.ee\/lillepood\/pulmakimpbombastic\/"]}]},{"@type":"ImageObject","inLanguage":"ru-RU","@id":"https:\/\/flowersestonia.ee\/lillepood\/pulmakimpbombastic\/#primaryimage","url":"https:\/\/flowersestonia.ee\/wp-content\/uploads\/2025\/01\/\u0438\u0437\u043e\u0431\u0440\u0430\u0436\u0435\u043d\u0438\u0435_viber_2022-03-24_12-14-58-670-jpg.webp","contentUrl":"https:\/\/flowersestonia.ee\/wp-content\/uploads\/2025\/01\/\u0438\u0437\u043e\u0431\u0440\u0430\u0436\u0435\u043d\u0438\u0435_viber_2022-03-24_12-14-58-670-jpg.webp","width":1600,"height":1600},{"@type":"BreadcrumbList","@id":"https:\/\/flowersestonia.ee\/lillepood\/pulmakimpbombastic\/#breadcrumb","itemListElement":[{"@type":"ListItem","position":1,"name":"\u0413\u043b\u0430\u0432\u043d\u0430\u044f \u0441\u0442\u0440\u0430\u043d\u0438\u0446\u0430","item":"https:\/\/flowersestonia.ee\/"},{"@type":"ListItem","position":2,"name":"Tooted","item":"https:\/\/flowersestonia.ee\/shop\/"},{"@type":"ListItem","position":3,"name":"Pulmakimp&#187;Bombastic&#187;"}]},{"@type":"WebSite","@id":"https:\/\/flowersestonia.ee\/#website","url":"https:\/\/flowersestonia.ee\/","name":"Flowers Estonia","description":"Lillede m\u00fc\u00fck ja kohaletoimetamine","publisher":{"@id":"https:\/\/flowersestonia.ee\/#organization"},"potentialAction":[{"@type":"SearchAction","target":{"@type":"EntryPoint","urlTemplate":"https:\/\/flowersestonia.ee\/?s={search_term_string}"},"query-input":{"@type":"PropertyValueSpecification","valueRequired":true,"valueName":"search_term_string"}}],"inLanguage":"ru-RU"},{"@type":"Organization","@id":"https:\/\/flowersestonia.ee\/#organization","name":"Flowers Estonia","url":"https:\/\/flowersestonia.ee\/","logo":{"@type":"ImageObject","inLanguage":"ru-RU","@id":"https:\/\/flowersestonia.ee\/#\/schema\/logo\/image\/","url":"https:\/\/flowersestonia.ee\/wp-content\/uploads\/2025\/01\/Frame-1.svg","contentUrl":"https:\/\/flowersestonia.ee\/wp-content\/uploads\/2025\/01\/Frame-1.svg","width":350,"height":100,"caption":"Flowers Estonia"},"image":{"@id":"https:\/\/flowersestonia.ee\/#\/schema\/logo\/image\/"}}]}},"_links":{"self":[{"href":"https:\/\/flowersestonia.ee\/ru\/wp-json\/wp\/v2\/product\/469","targetHints":{"allow":["GET"]}}],"collection":[{"href":"https:\/\/flowersestonia.ee\/ru\/wp-json\/wp\/v2\/product"}],"about":[{"href":"https:\/\/flowersestonia.ee\/ru\/wp-json\/wp\/v2\/types\/product"}],"replies":[{"embeddable":true,"href":"https:\/\/flowersestonia.ee\/ru\/wp-json\/wp\/v2\/comments?post=469"}],"version-history":[{"count":4,"href":"https:\/\/flowersestonia.ee\/ru\/wp-json\/wp\/v2\/product\/469\/revisions"}],"predecessor-version":[{"id":2504,"href":"https:\/\/flowersestonia.ee\/ru\/wp-json\/wp\/v2\/product\/469\/revisions\/2504"}],"wp:featuredmedia":[{"embeddable":true,"href":"https:\/\/flowersestonia.ee\/ru\/wp-json\/wp\/v2\/media\/305"}],"wp:attachment":[{"href":"https:\/\/flowersestonia.ee\/ru\/wp-json\/wp\/v2\/media?parent=469"}],"wp:term":[{"taxonomy":"brand","embeddable":true,"href":"https:\/\/flowersestonia.ee\/ru\/wp-json\/wp\/v2\/etheme_brands?post=469"},{"taxonomy":"product_brand","embeddable":true,"href":"https:\/\/flowersestonia.ee\/ru\/wp-json\/wp\/v2\/product_brand?post=469"},{"taxonomy":"product_cat","embeddable":true,"href":"https:\/\/flowersestonia.ee\/ru\/wp-json\/wp\/v2\/product_cat?post=469"},{"taxonomy":"product_tag","embeddable":true,"href":"https:\/\/flowersestonia.ee\/ru\/wp-json\/wp\/v2\/product_tag?post=469"}],"curies":[{"name":"wp","href":"https:\/\/api.w.org\/{rel}","templated":true}]}}