{"id":464,"date":"2025-01-24T13:41:08","date_gmt":"2025-01-24T13:41:08","guid":{"rendered":"https:\/\/flowersestonia.ee\/?post_type=product&#038;p=464"},"modified":"2025-06-01T16:29:09","modified_gmt":"2025-06-01T13:29:09","slug":"suur-lilleline-suda","status":"publish","type":"product","link":"https:\/\/flowersestonia.ee\/ru\/lillepood\/suur-lilleline-suda\/","title":{"rendered":"\u0411\u043e\u043b\u044c\u0448\u043e\u0435 \u0446\u0432\u0435\u0442\u043e\u0447\u043d\u043e\u0435 \u0441\u0435\u0440\u0434\u0446\u0435"},"content":{"rendered":"<p data-start=\"157\" data-end=\"463\"><strong data-start=\"157\" data-end=\"180\">\u0411\u043e\u043b\u044c\u0448\u043e\u0435 \u0446\u0432\u0435\u0442\u043e\u0447\u043d\u043e\u0435 \u0441\u0435\u0440\u0434\u0446\u0435<\/strong> on silmapaistev dekoratsioon, mida saab <strong data-start=\"221\" data-end=\"232\">rentida<\/strong> pulmadeks, fotosessioonideks ja muudeks erilisteks s\u00fcndmusteks. See s\u00fcda on valmistatud kvaliteetsetest kunstlilledest ja j\u00e4\u00e4b <strong data-start=\"360\" data-end=\"403\">alati klassikalises punases v\u00e4rvitoonis<\/strong>, tuues igasse hetke romantilist ja emotsionaalset s\u00fcgavust.<\/p>\n<p data-start=\"465\" data-end=\"478\"><strong data-start=\"465\" data-end=\"478\">Omadused:<\/strong><\/p>\n<ul data-start=\"479\" data-end=\"718\">\n<li data-start=\"479\" data-end=\"536\">\n<p data-start=\"481\" data-end=\"536\">Rentimiseks m\u00f5eldud s\u00fcdamekujuline lilledekoratsioon.<\/p>\n<\/li>\n<li data-start=\"537\" data-end=\"574\">\n<p data-start=\"539\" data-end=\"574\">V\u00e4rv ei muutu \u2013 alati punane.<\/p>\n<\/li>\n<li data-start=\"575\" data-end=\"613\">\n<p data-start=\"577\" data-end=\"613\">Sobib sise- ja v\u00e4listingimustesse.<\/p>\n<\/li>\n<li data-start=\"614\" data-end=\"663\">\n<p data-start=\"616\" data-end=\"663\">Kerge ja lihtne paigaldada ning transportida.<\/p>\n<\/li>\n<li data-start=\"664\" data-end=\"718\">\n<p data-start=\"666\" data-end=\"718\">Efektne taust fotosessioonideks v\u00f5i tseremooniateks.<\/p>\n<\/li>\n<\/ul>\n<p data-start=\"720\" data-end=\"868\">NB! Lilledekoratsiooni rentimiseks palume esitada tellimus v\u00e4hemalt 5 p\u00e4eva ette. L\u00fchema t\u00e4htajaga tellimuste puhul v\u00f5ib saadavus olla piiratud.<\/p>","protected":false},"excerpt":{"rendered":"<p>Suur lilleline s\u00fcda on silmapaistev dekoratsioon, mida saab rentida pulmadeks, fotosessioonideks ja muudeks erilisteks s\u00fcndmusteks. See s\u00fcda on valmistatud kvaliteetsetest kunstlilledest ja j\u00e4\u00e4b alati klassikalises&#8230;<\/p>","protected":false},"featured_media":292,"comment_status":"open","ping_status":"closed","template":"","meta":[],"etheme_brands":[],"product_brand":[],"product_cat":[29],"product_tag":[],"class_list":{"0":"post-464","1":"product","2":"type-product","3":"status-publish","4":"has-post-thumbnail","6":"product_cat-pulmad","8":"first","9":"instock","10":"taxable","11":"shipping-taxable","12":"purchasable","13":"product-type-simple"},"yoast_head":"<!-- This site is optimized with the Yoast SEO plugin v24.9 - https:\/\/yoast.com\/wordpress\/plugins\/seo\/ -->\n<title>Suur lilleline s\u00fcda &#8211; Flowers Estonia<\/title>\n<meta name=\"description\" content=\"Rendige suur lilleline s\u00fcda Flowers Estonia lillepoest. Ideaalne valik pulmadeks ja pidulikeks s\u00fcndmusteks, et lisada teie p\u00e4evale romantilist h\u00f5ngu.\" \/>\n<meta name=\"robots\" content=\"index, follow, max-snippet:-1, max-image-preview:large, max-video-preview:-1\" \/>\n<link rel=\"canonical\" href=\"https:\/\/flowersestonia.ee\/ru\/lillepood\/suur-lilleline-suda\/\" \/>\n<meta property=\"og:locale\" content=\"ru_RU\" \/>\n<meta property=\"og:type\" content=\"article\" \/>\n<meta property=\"og:title\" content=\"Suur lilleline s\u00fcda &#8211; Flowers Estonia\" \/>\n<meta property=\"og:description\" content=\"Rendige suur lilleline s\u00fcda Flowers Estonia lillepoest. Ideaalne valik pulmadeks ja pidulikeks s\u00fcndmusteks, et lisada teie p\u00e4evale romantilist h\u00f5ngu.\" \/>\n<meta property=\"og:url\" content=\"https:\/\/flowersestonia.ee\/ru\/lillepood\/suur-lilleline-suda\/\" \/>\n<meta property=\"og:site_name\" content=\"Flowers Estonia\" \/>\n<meta property=\"article:modified_time\" content=\"2025-06-01T13:29:09+00:00\" \/>\n<meta property=\"og:image\" content=\"https:\/\/flowersestonia.ee\/wp-content\/uploads\/2025\/01\/thumbnail_kazas-dekoracijas-noformesana-floristika-3-jpg.webp\" \/>\n\t<meta property=\"og:image:width\" content=\"1200\" \/>\n\t<meta property=\"og:image:height\" content=\"899\" \/>\n\t<meta property=\"og:image:type\" content=\"image\/webp\" \/>\n<meta name=\"twitter:card\" content=\"summary_large_image\" \/>\n<meta name=\"twitter:label1\" content=\"\u041f\u0440\u0438\u043c\u0435\u0440\u043d\u043e\u0435 \u0432\u0440\u0435\u043c\u044f \u0434\u043b\u044f \u0447\u0442\u0435\u043d\u0438\u044f\" \/>\n\t<meta name=\"twitter:data1\" content=\"1 \u043c\u0438\u043d\u0443\u0442\u0430\" \/>\n<script type=\"application\/ld+json\" class=\"yoast-schema-graph\">{\"@context\":\"https:\/\/schema.org\",\"@graph\":[{\"@type\":\"WebPage\",\"@id\":\"https:\/\/flowersestonia.ee\/lillepood\/suur-lilleline-suda\/\",\"url\":\"https:\/\/flowersestonia.ee\/lillepood\/suur-lilleline-suda\/\",\"name\":\"Suur lilleline s\u00fcda &#8211; Flowers Estonia\",\"isPartOf\":{\"@id\":\"https:\/\/flowersestonia.ee\/#website\"},\"primaryImageOfPage\":{\"@id\":\"https:\/\/flowersestonia.ee\/lillepood\/suur-lilleline-suda\/#primaryimage\"},\"image\":{\"@id\":\"https:\/\/flowersestonia.ee\/lillepood\/suur-lilleline-suda\/#primaryimage\"},\"thumbnailUrl\":\"https:\/\/flowersestonia.ee\/wp-content\/uploads\/2025\/01\/thumbnail_kazas-dekoracijas-noformesana-floristika-3-jpg.webp\",\"datePublished\":\"2025-01-24T13:41:08+00:00\",\"dateModified\":\"2025-06-01T13:29:09+00:00\",\"description\":\"Rendige suur lilleline s\u00fcda Flowers Estonia lillepoest. Ideaalne valik pulmadeks ja pidulikeks s\u00fcndmusteks, et lisada teie p\u00e4evale romantilist h\u00f5ngu.\",\"breadcrumb\":{\"@id\":\"https:\/\/flowersestonia.ee\/lillepood\/suur-lilleline-suda\/#breadcrumb\"},\"inLanguage\":\"ru-RU\",\"potentialAction\":[{\"@type\":\"ReadAction\",\"target\":[\"https:\/\/flowersestonia.ee\/lillepood\/suur-lilleline-suda\/\"]}]},{\"@type\":\"ImageObject\",\"inLanguage\":\"ru-RU\",\"@id\":\"https:\/\/flowersestonia.ee\/lillepood\/suur-lilleline-suda\/#primaryimage\",\"url\":\"https:\/\/flowersestonia.ee\/wp-content\/uploads\/2025\/01\/thumbnail_kazas-dekoracijas-noformesana-floristika-3-jpg.webp\",\"contentUrl\":\"https:\/\/flowersestonia.ee\/wp-content\/uploads\/2025\/01\/thumbnail_kazas-dekoracijas-noformesana-floristika-3-jpg.webp\",\"width\":1200,\"height\":899},{\"@type\":\"BreadcrumbList\",\"@id\":\"https:\/\/flowersestonia.ee\/lillepood\/suur-lilleline-suda\/#breadcrumb\",\"itemListElement\":[{\"@type\":\"ListItem\",\"position\":1,\"name\":\"\u0413\u043b\u0430\u0432\u043d\u0430\u044f \u0441\u0442\u0440\u0430\u043d\u0438\u0446\u0430\",\"item\":\"https:\/\/flowersestonia.ee\/\"},{\"@type\":\"ListItem\",\"position\":2,\"name\":\"Tooted\",\"item\":\"https:\/\/flowersestonia.ee\/shop\/\"},{\"@type\":\"ListItem\",\"position\":3,\"name\":\"Suur lilleline s\u00fcda\"}]},{\"@type\":\"WebSite\",\"@id\":\"https:\/\/flowersestonia.ee\/#website\",\"url\":\"https:\/\/flowersestonia.ee\/\",\"name\":\"Flowers Estonia\",\"description\":\"Lillede m\u00fc\u00fck ja kohaletoimetamine\",\"publisher\":{\"@id\":\"https:\/\/flowersestonia.ee\/#organization\"},\"potentialAction\":[{\"@type\":\"SearchAction\",\"target\":{\"@type\":\"EntryPoint\",\"urlTemplate\":\"https:\/\/flowersestonia.ee\/?s={search_term_string}\"},\"query-input\":{\"@type\":\"PropertyValueSpecification\",\"valueRequired\":true,\"valueName\":\"search_term_string\"}}],\"inLanguage\":\"ru-RU\"},{\"@type\":\"Organization\",\"@id\":\"https:\/\/flowersestonia.ee\/#organization\",\"name\":\"Flowers Estonia\",\"url\":\"https:\/\/flowersestonia.ee\/\",\"logo\":{\"@type\":\"ImageObject\",\"inLanguage\":\"ru-RU\",\"@id\":\"https:\/\/flowersestonia.ee\/#\/schema\/logo\/image\/\",\"url\":\"https:\/\/flowersestonia.ee\/wp-content\/uploads\/2025\/01\/Frame-1.svg\",\"contentUrl\":\"https:\/\/flowersestonia.ee\/wp-content\/uploads\/2025\/01\/Frame-1.svg\",\"width\":350,\"height\":100,\"caption\":\"Flowers Estonia\"},\"image\":{\"@id\":\"https:\/\/flowersestonia.ee\/#\/schema\/logo\/image\/\"}}]}<\/script>\n<!-- \/ Yoast SEO plugin. -->","yoast_head_json":{"title":"Suur lilleline s\u00fcda &#8211; Flowers Estonia","description":"Rendige suur lilleline s\u00fcda Flowers Estonia lillepoest. Ideaalne valik pulmadeks ja pidulikeks s\u00fcndmusteks, et lisada teie p\u00e4evale romantilist h\u00f5ngu.","robots":{"index":"index","follow":"follow","max-snippet":"max-snippet:-1","max-image-preview":"max-image-preview:large","max-video-preview":"max-video-preview:-1"},"canonical":"https:\/\/flowersestonia.ee\/ru\/lillepood\/suur-lilleline-suda\/","og_locale":"ru_RU","og_type":"article","og_title":"Suur lilleline s\u00fcda &#8211; Flowers Estonia","og_description":"Rendige suur lilleline s\u00fcda Flowers Estonia lillepoest. Ideaalne valik pulmadeks ja pidulikeks s\u00fcndmusteks, et lisada teie p\u00e4evale romantilist h\u00f5ngu.","og_url":"https:\/\/flowersestonia.ee\/ru\/lillepood\/suur-lilleline-suda\/","og_site_name":"Flowers Estonia","article_modified_time":"2025-06-01T13:29:09+00:00","og_image":[{"width":1200,"height":899,"url":"https:\/\/flowersestonia.ee\/wp-content\/uploads\/2025\/01\/thumbnail_kazas-dekoracijas-noformesana-floristika-3-jpg.webp","type":"image\/webp"}],"twitter_card":"summary_large_image","twitter_misc":{"\u041f\u0440\u0438\u043c\u0435\u0440\u043d\u043e\u0435 \u0432\u0440\u0435\u043c\u044f \u0434\u043b\u044f \u0447\u0442\u0435\u043d\u0438\u044f":"1 \u043c\u0438\u043d\u0443\u0442\u0430"},"schema":{"@context":"https:\/\/schema.org","@graph":[{"@type":"WebPage","@id":"https:\/\/flowersestonia.ee\/lillepood\/suur-lilleline-suda\/","url":"https:\/\/flowersestonia.ee\/lillepood\/suur-lilleline-suda\/","name":"Suur lilleline s\u00fcda &#8211; Flowers Estonia","isPartOf":{"@id":"https:\/\/flowersestonia.ee\/#website"},"primaryImageOfPage":{"@id":"https:\/\/flowersestonia.ee\/lillepood\/suur-lilleline-suda\/#primaryimage"},"image":{"@id":"https:\/\/flowersestonia.ee\/lillepood\/suur-lilleline-suda\/#primaryimage"},"thumbnailUrl":"https:\/\/flowersestonia.ee\/wp-content\/uploads\/2025\/01\/thumbnail_kazas-dekoracijas-noformesana-floristika-3-jpg.webp","datePublished":"2025-01-24T13:41:08+00:00","dateModified":"2025-06-01T13:29:09+00:00","description":"Rendige suur lilleline s\u00fcda Flowers Estonia lillepoest. Ideaalne valik pulmadeks ja pidulikeks s\u00fcndmusteks, et lisada teie p\u00e4evale romantilist h\u00f5ngu.","breadcrumb":{"@id":"https:\/\/flowersestonia.ee\/lillepood\/suur-lilleline-suda\/#breadcrumb"},"inLanguage":"ru-RU","potentialAction":[{"@type":"ReadAction","target":["https:\/\/flowersestonia.ee\/lillepood\/suur-lilleline-suda\/"]}]},{"@type":"ImageObject","inLanguage":"ru-RU","@id":"https:\/\/flowersestonia.ee\/lillepood\/suur-lilleline-suda\/#primaryimage","url":"https:\/\/flowersestonia.ee\/wp-content\/uploads\/2025\/01\/thumbnail_kazas-dekoracijas-noformesana-floristika-3-jpg.webp","contentUrl":"https:\/\/flowersestonia.ee\/wp-content\/uploads\/2025\/01\/thumbnail_kazas-dekoracijas-noformesana-floristika-3-jpg.webp","width":1200,"height":899},{"@type":"BreadcrumbList","@id":"https:\/\/flowersestonia.ee\/lillepood\/suur-lilleline-suda\/#breadcrumb","itemListElement":[{"@type":"ListItem","position":1,"name":"\u0413\u043b\u0430\u0432\u043d\u0430\u044f \u0441\u0442\u0440\u0430\u043d\u0438\u0446\u0430","item":"https:\/\/flowersestonia.ee\/"},{"@type":"ListItem","position":2,"name":"Tooted","item":"https:\/\/flowersestonia.ee\/shop\/"},{"@type":"ListItem","position":3,"name":"Suur lilleline s\u00fcda"}]},{"@type":"WebSite","@id":"https:\/\/flowersestonia.ee\/#website","url":"https:\/\/flowersestonia.ee\/","name":"Flowers Estonia","description":"Lillede m\u00fc\u00fck ja kohaletoimetamine","publisher":{"@id":"https:\/\/flowersestonia.ee\/#organization"},"potentialAction":[{"@type":"SearchAction","target":{"@type":"EntryPoint","urlTemplate":"https:\/\/flowersestonia.ee\/?s={search_term_string}"},"query-input":{"@type":"PropertyValueSpecification","valueRequired":true,"valueName":"search_term_string"}}],"inLanguage":"ru-RU"},{"@type":"Organization","@id":"https:\/\/flowersestonia.ee\/#organization","name":"Flowers Estonia","url":"https:\/\/flowersestonia.ee\/","logo":{"@type":"ImageObject","inLanguage":"ru-RU","@id":"https:\/\/flowersestonia.ee\/#\/schema\/logo\/image\/","url":"https:\/\/flowersestonia.ee\/wp-content\/uploads\/2025\/01\/Frame-1.svg","contentUrl":"https:\/\/flowersestonia.ee\/wp-content\/uploads\/2025\/01\/Frame-1.svg","width":350,"height":100,"caption":"Flowers Estonia"},"image":{"@id":"https:\/\/flowersestonia.ee\/#\/schema\/logo\/image\/"}}]}},"_links":{"self":[{"href":"https:\/\/flowersestonia.ee\/ru\/wp-json\/wp\/v2\/product\/464","targetHints":{"allow":["GET"]}}],"collection":[{"href":"https:\/\/flowersestonia.ee\/ru\/wp-json\/wp\/v2\/product"}],"about":[{"href":"https:\/\/flowersestonia.ee\/ru\/wp-json\/wp\/v2\/types\/product"}],"replies":[{"embeddable":true,"href":"https:\/\/flowersestonia.ee\/ru\/wp-json\/wp\/v2\/comments?post=464"}],"version-history":[{"count":4,"href":"https:\/\/flowersestonia.ee\/ru\/wp-json\/wp\/v2\/product\/464\/revisions"}],"predecessor-version":[{"id":2510,"href":"https:\/\/flowersestonia.ee\/ru\/wp-json\/wp\/v2\/product\/464\/revisions\/2510"}],"wp:featuredmedia":[{"embeddable":true,"href":"https:\/\/flowersestonia.ee\/ru\/wp-json\/wp\/v2\/media\/292"}],"wp:attachment":[{"href":"https:\/\/flowersestonia.ee\/ru\/wp-json\/wp\/v2\/media?parent=464"}],"wp:term":[{"taxonomy":"brand","embeddable":true,"href":"https:\/\/flowersestonia.ee\/ru\/wp-json\/wp\/v2\/etheme_brands?post=464"},{"taxonomy":"product_brand","embeddable":true,"href":"https:\/\/flowersestonia.ee\/ru\/wp-json\/wp\/v2\/product_brand?post=464"},{"taxonomy":"product_cat","embeddable":true,"href":"https:\/\/flowersestonia.ee\/ru\/wp-json\/wp\/v2\/product_cat?post=464"},{"taxonomy":"product_tag","embeddable":true,"href":"https:\/\/flowersestonia.ee\/ru\/wp-json\/wp\/v2\/product_tag?post=464"}],"curies":[{"name":"wp","href":"https:\/\/api.w.org\/{rel}","templated":true}]}}