{"id":2520,"date":"2025-06-04T17:12:11","date_gmt":"2025-06-04T14:12:11","guid":{"rendered":"https:\/\/flowersestonia.ee\/?post_type=product&#038;p=2520"},"modified":"2026-04-02T20:29:42","modified_gmt":"2026-04-02T17:29:42","slug":"pulmakimp-kallad","status":"publish","type":"product","link":"https:\/\/flowersestonia.ee\/ru\/lillepood\/pulmakimp-kallad\/","title":{"rendered":"\u0421\u0432\u0430\u0434\u0435\u0431\u043d\u044b\u0439 \u0431\u0443\u043a\u0435\u0442 \u00abKallad\u00bb"},"content":{"rendered":"<p data-start=\"158\" data-end=\"536\"><strong>Pulmakimp \u201eKallad\u201d<\/strong> on stiilne ja klassikaline valik pruudile, kes hindab minimalismi ja ajatut ilu. Kimp on valmistatud k\u00e4sit\u00f6\u00f6na, kasutades elegantseid valgeid kallasid, mis s\u00fcmboliseerivad puhtust, siirust ja armastust. Selle puhas joon ja lihtne vorm muudavad kimbu sobivaks nii modernse kui ka traditsioonilise pulmateema juurde, tuues igasse hetke rahulikkust ja graatsiat.<\/p>\n<p data-start=\"538\" data-end=\"551\"><strong data-start=\"538\" data-end=\"551\">Omadused:<\/strong><\/p>\n<ul data-start=\"553\" data-end=\"806\">\n<li data-start=\"553\" data-end=\"590\">\n<p data-start=\"555\" data-end=\"590\">K\u00e4sit\u00f6\u00f6na valmistatud autorikimp.<\/p>\n<\/li>\n<li data-start=\"591\" data-end=\"647\">\n<p data-start=\"593\" data-end=\"647\">Valmistatud v\u00e4rsketest ja kvaliteetsetest kalladest.<\/p>\n<\/li>\n<li data-start=\"648\" data-end=\"726\">\n<p data-start=\"650\" data-end=\"726\">Ideaalne pulmadeks, pidulikeks s\u00fcndmusteks v\u00f5i kinkimiseks erilisel puhul.<\/p>\n<\/li>\n<li data-start=\"727\" data-end=\"806\">\n<p data-start=\"729\" data-end=\"806\">V\u00f5imalus samap\u00e4evaseks kohaletoimetamiseks Tallinnas tellimisel enne 17:00.<\/p>\n<\/li>\n<\/ul>\n<p data-start=\"808\" data-end=\"934\"><em><strong data-start=\"808\" data-end=\"815\">NB!<\/strong> Kui tellimus tehakse v\u00e4hem kui 5 p\u00e4eva ette, v\u00f5ib lillematerjalist s\u00f5ltuvalt esineda v\u00e4ikeseid erinevusi originaalist.<\/em><\/p>","protected":false},"excerpt":{"rendered":"<p>Pulmakimp \u201eKallad\u201d on stiilne ja klassikaline valik pruudile, kes hindab minimalismi ja ajatut ilu. Kimp on valmistatud k\u00e4sit\u00f6\u00f6na, kasutades elegantseid valgeid kallasid, mis s\u00fcmboliseerivad puhtust,&#8230;<\/p>","protected":false},"featured_media":2521,"comment_status":"open","ping_status":"closed","template":"","meta":[],"etheme_brands":[],"product_brand":[],"product_cat":[29],"product_tag":[],"class_list":{"0":"post-2520","1":"product","2":"type-product","3":"status-publish","4":"has-post-thumbnail","6":"product_cat-pulmad","8":"first","9":"instock","10":"taxable","11":"shipping-taxable","12":"purchasable","13":"product-type-simple"},"yoast_head":"<!-- This site is optimized with the Yoast SEO plugin v24.9 - https:\/\/yoast.com\/wordpress\/plugins\/seo\/ -->\n<title>Pulmakimp &quot;Kallad&quot; &#8211; Flowers Estonia<\/title>\n<meta name=\"description\" content=\"Pulmakimp \u201eKallad\u201d \u2013 elegantne ja ajatult stiilne valik valgetest kalladest. Sobib igale pruudile. Kohaletoimetamine Tallinnas samal p\u00e4eval.\" \/>\n<meta name=\"robots\" content=\"index, follow, max-snippet:-1, max-image-preview:large, max-video-preview:-1\" \/>\n<link rel=\"canonical\" href=\"https:\/\/flowersestonia.ee\/ru\/lillepood\/pulmakimp-kallad\/\" \/>\n<meta property=\"og:locale\" content=\"ru_RU\" \/>\n<meta property=\"og:type\" content=\"article\" \/>\n<meta property=\"og:title\" content=\"Pulmakimp &quot;Kallad&quot; &#8211; Flowers Estonia\" \/>\n<meta property=\"og:description\" content=\"Pulmakimp \u201eKallad\u201d \u2013 elegantne ja ajatult stiilne valik valgetest kalladest. Sobib igale pruudile. Kohaletoimetamine Tallinnas samal p\u00e4eval.\" \/>\n<meta property=\"og:url\" content=\"https:\/\/flowersestonia.ee\/ru\/lillepood\/pulmakimp-kallad\/\" \/>\n<meta property=\"og:site_name\" content=\"Flowers Estonia\" \/>\n<meta property=\"article:modified_time\" content=\"2026-04-02T17:29:42+00:00\" \/>\n<meta property=\"og:image\" content=\"https:\/\/flowersestonia.ee\/wp-content\/uploads\/2025\/06\/photo_2025-06-04_17-08-07.webp\" \/>\n\t<meta property=\"og:image:width\" content=\"720\" \/>\n\t<meta property=\"og:image:height\" content=\"1280\" \/>\n\t<meta property=\"og:image:type\" content=\"image\/jpeg\" \/>\n<meta name=\"twitter:card\" content=\"summary_large_image\" \/>\n<meta name=\"twitter:label1\" content=\"\u041f\u0440\u0438\u043c\u0435\u0440\u043d\u043e\u0435 \u0432\u0440\u0435\u043c\u044f \u0434\u043b\u044f \u0447\u0442\u0435\u043d\u0438\u044f\" \/>\n\t<meta name=\"twitter:data1\" content=\"1 \u043c\u0438\u043d\u0443\u0442\u0430\" \/>\n<script type=\"application\/ld+json\" class=\"yoast-schema-graph\">{\"@context\":\"https:\/\/schema.org\",\"@graph\":[{\"@type\":\"WebPage\",\"@id\":\"https:\/\/flowersestonia.ee\/lillepood\/pulmakimp-kallad\/\",\"url\":\"https:\/\/flowersestonia.ee\/lillepood\/pulmakimp-kallad\/\",\"name\":\"Pulmakimp \\\"Kallad\\\" &#8211; Flowers Estonia\",\"isPartOf\":{\"@id\":\"https:\/\/flowersestonia.ee\/#website\"},\"primaryImageOfPage\":{\"@id\":\"https:\/\/flowersestonia.ee\/lillepood\/pulmakimp-kallad\/#primaryimage\"},\"image\":{\"@id\":\"https:\/\/flowersestonia.ee\/lillepood\/pulmakimp-kallad\/#primaryimage\"},\"thumbnailUrl\":\"https:\/\/flowersestonia.ee\/wp-content\/uploads\/2025\/06\/photo_2025-06-04_17-08-07.webp\",\"datePublished\":\"2025-06-04T14:12:11+00:00\",\"dateModified\":\"2026-04-02T17:29:42+00:00\",\"description\":\"Pulmakimp \u201eKallad\u201d \u2013 elegantne ja ajatult stiilne valik valgetest kalladest. Sobib igale pruudile. Kohaletoimetamine Tallinnas samal p\u00e4eval.\",\"breadcrumb\":{\"@id\":\"https:\/\/flowersestonia.ee\/lillepood\/pulmakimp-kallad\/#breadcrumb\"},\"inLanguage\":\"ru-RU\",\"potentialAction\":[{\"@type\":\"ReadAction\",\"target\":[\"https:\/\/flowersestonia.ee\/lillepood\/pulmakimp-kallad\/\"]}]},{\"@type\":\"ImageObject\",\"inLanguage\":\"ru-RU\",\"@id\":\"https:\/\/flowersestonia.ee\/lillepood\/pulmakimp-kallad\/#primaryimage\",\"url\":\"https:\/\/flowersestonia.ee\/wp-content\/uploads\/2025\/06\/photo_2025-06-04_17-08-07.webp\",\"contentUrl\":\"https:\/\/flowersestonia.ee\/wp-content\/uploads\/2025\/06\/photo_2025-06-04_17-08-07.webp\",\"width\":720,\"height\":1280},{\"@type\":\"BreadcrumbList\",\"@id\":\"https:\/\/flowersestonia.ee\/lillepood\/pulmakimp-kallad\/#breadcrumb\",\"itemListElement\":[{\"@type\":\"ListItem\",\"position\":1,\"name\":\"\u0413\u043b\u0430\u0432\u043d\u0430\u044f \u0441\u0442\u0440\u0430\u043d\u0438\u0446\u0430\",\"item\":\"https:\/\/flowersestonia.ee\/\"},{\"@type\":\"ListItem\",\"position\":2,\"name\":\"Tooted\",\"item\":\"https:\/\/flowersestonia.ee\/shop\/\"},{\"@type\":\"ListItem\",\"position\":3,\"name\":\"Pulmakimp &#171;Kallad&#187;\"}]},{\"@type\":\"WebSite\",\"@id\":\"https:\/\/flowersestonia.ee\/#website\",\"url\":\"https:\/\/flowersestonia.ee\/\",\"name\":\"Flowers Estonia\",\"description\":\"Lillede m\u00fc\u00fck ja kohaletoimetamine\",\"publisher\":{\"@id\":\"https:\/\/flowersestonia.ee\/#organization\"},\"potentialAction\":[{\"@type\":\"SearchAction\",\"target\":{\"@type\":\"EntryPoint\",\"urlTemplate\":\"https:\/\/flowersestonia.ee\/?s={search_term_string}\"},\"query-input\":{\"@type\":\"PropertyValueSpecification\",\"valueRequired\":true,\"valueName\":\"search_term_string\"}}],\"inLanguage\":\"ru-RU\"},{\"@type\":\"Organization\",\"@id\":\"https:\/\/flowersestonia.ee\/#organization\",\"name\":\"Flowers Estonia\",\"url\":\"https:\/\/flowersestonia.ee\/\",\"logo\":{\"@type\":\"ImageObject\",\"inLanguage\":\"ru-RU\",\"@id\":\"https:\/\/flowersestonia.ee\/#\/schema\/logo\/image\/\",\"url\":\"https:\/\/flowersestonia.ee\/wp-content\/uploads\/2025\/01\/Frame-1.svg\",\"contentUrl\":\"https:\/\/flowersestonia.ee\/wp-content\/uploads\/2025\/01\/Frame-1.svg\",\"width\":350,\"height\":100,\"caption\":\"Flowers Estonia\"},\"image\":{\"@id\":\"https:\/\/flowersestonia.ee\/#\/schema\/logo\/image\/\"}}]}<\/script>\n<!-- \/ Yoast SEO plugin. -->","yoast_head_json":{"title":"Pulmakimp \"Kallad\" &#8211; Flowers Estonia","description":"Pulmakimp \u201eKallad\u201d \u2013 elegantne ja ajatult stiilne valik valgetest kalladest. Sobib igale pruudile. Kohaletoimetamine Tallinnas samal p\u00e4eval.","robots":{"index":"index","follow":"follow","max-snippet":"max-snippet:-1","max-image-preview":"max-image-preview:large","max-video-preview":"max-video-preview:-1"},"canonical":"https:\/\/flowersestonia.ee\/ru\/lillepood\/pulmakimp-kallad\/","og_locale":"ru_RU","og_type":"article","og_title":"Pulmakimp \"Kallad\" &#8211; Flowers Estonia","og_description":"Pulmakimp \u201eKallad\u201d \u2013 elegantne ja ajatult stiilne valik valgetest kalladest. Sobib igale pruudile. Kohaletoimetamine Tallinnas samal p\u00e4eval.","og_url":"https:\/\/flowersestonia.ee\/ru\/lillepood\/pulmakimp-kallad\/","og_site_name":"Flowers Estonia","article_modified_time":"2026-04-02T17:29:42+00:00","og_image":[{"width":720,"height":1280,"url":"https:\/\/flowersestonia.ee\/wp-content\/uploads\/2025\/06\/photo_2025-06-04_17-08-07.webp","type":"image\/jpeg"}],"twitter_card":"summary_large_image","twitter_misc":{"\u041f\u0440\u0438\u043c\u0435\u0440\u043d\u043e\u0435 \u0432\u0440\u0435\u043c\u044f \u0434\u043b\u044f \u0447\u0442\u0435\u043d\u0438\u044f":"1 \u043c\u0438\u043d\u0443\u0442\u0430"},"schema":{"@context":"https:\/\/schema.org","@graph":[{"@type":"WebPage","@id":"https:\/\/flowersestonia.ee\/lillepood\/pulmakimp-kallad\/","url":"https:\/\/flowersestonia.ee\/lillepood\/pulmakimp-kallad\/","name":"Pulmakimp \"Kallad\" &#8211; Flowers Estonia","isPartOf":{"@id":"https:\/\/flowersestonia.ee\/#website"},"primaryImageOfPage":{"@id":"https:\/\/flowersestonia.ee\/lillepood\/pulmakimp-kallad\/#primaryimage"},"image":{"@id":"https:\/\/flowersestonia.ee\/lillepood\/pulmakimp-kallad\/#primaryimage"},"thumbnailUrl":"https:\/\/flowersestonia.ee\/wp-content\/uploads\/2025\/06\/photo_2025-06-04_17-08-07.webp","datePublished":"2025-06-04T14:12:11+00:00","dateModified":"2026-04-02T17:29:42+00:00","description":"Pulmakimp \u201eKallad\u201d \u2013 elegantne ja ajatult stiilne valik valgetest kalladest. Sobib igale pruudile. Kohaletoimetamine Tallinnas samal p\u00e4eval.","breadcrumb":{"@id":"https:\/\/flowersestonia.ee\/lillepood\/pulmakimp-kallad\/#breadcrumb"},"inLanguage":"ru-RU","potentialAction":[{"@type":"ReadAction","target":["https:\/\/flowersestonia.ee\/lillepood\/pulmakimp-kallad\/"]}]},{"@type":"ImageObject","inLanguage":"ru-RU","@id":"https:\/\/flowersestonia.ee\/lillepood\/pulmakimp-kallad\/#primaryimage","url":"https:\/\/flowersestonia.ee\/wp-content\/uploads\/2025\/06\/photo_2025-06-04_17-08-07.webp","contentUrl":"https:\/\/flowersestonia.ee\/wp-content\/uploads\/2025\/06\/photo_2025-06-04_17-08-07.webp","width":720,"height":1280},{"@type":"BreadcrumbList","@id":"https:\/\/flowersestonia.ee\/lillepood\/pulmakimp-kallad\/#breadcrumb","itemListElement":[{"@type":"ListItem","position":1,"name":"\u0413\u043b\u0430\u0432\u043d\u0430\u044f \u0441\u0442\u0440\u0430\u043d\u0438\u0446\u0430","item":"https:\/\/flowersestonia.ee\/"},{"@type":"ListItem","position":2,"name":"Tooted","item":"https:\/\/flowersestonia.ee\/shop\/"},{"@type":"ListItem","position":3,"name":"Pulmakimp &#171;Kallad&#187;"}]},{"@type":"WebSite","@id":"https:\/\/flowersestonia.ee\/#website","url":"https:\/\/flowersestonia.ee\/","name":"Flowers Estonia","description":"Lillede m\u00fc\u00fck ja kohaletoimetamine","publisher":{"@id":"https:\/\/flowersestonia.ee\/#organization"},"potentialAction":[{"@type":"SearchAction","target":{"@type":"EntryPoint","urlTemplate":"https:\/\/flowersestonia.ee\/?s={search_term_string}"},"query-input":{"@type":"PropertyValueSpecification","valueRequired":true,"valueName":"search_term_string"}}],"inLanguage":"ru-RU"},{"@type":"Organization","@id":"https:\/\/flowersestonia.ee\/#organization","name":"Flowers Estonia","url":"https:\/\/flowersestonia.ee\/","logo":{"@type":"ImageObject","inLanguage":"ru-RU","@id":"https:\/\/flowersestonia.ee\/#\/schema\/logo\/image\/","url":"https:\/\/flowersestonia.ee\/wp-content\/uploads\/2025\/01\/Frame-1.svg","contentUrl":"https:\/\/flowersestonia.ee\/wp-content\/uploads\/2025\/01\/Frame-1.svg","width":350,"height":100,"caption":"Flowers Estonia"},"image":{"@id":"https:\/\/flowersestonia.ee\/#\/schema\/logo\/image\/"}}]}},"_links":{"self":[{"href":"https:\/\/flowersestonia.ee\/ru\/wp-json\/wp\/v2\/product\/2520","targetHints":{"allow":["GET"]}}],"collection":[{"href":"https:\/\/flowersestonia.ee\/ru\/wp-json\/wp\/v2\/product"}],"about":[{"href":"https:\/\/flowersestonia.ee\/ru\/wp-json\/wp\/v2\/types\/product"}],"replies":[{"embeddable":true,"href":"https:\/\/flowersestonia.ee\/ru\/wp-json\/wp\/v2\/comments?post=2520"}],"version-history":[{"count":4,"href":"https:\/\/flowersestonia.ee\/ru\/wp-json\/wp\/v2\/product\/2520\/revisions"}],"predecessor-version":[{"id":2525,"href":"https:\/\/flowersestonia.ee\/ru\/wp-json\/wp\/v2\/product\/2520\/revisions\/2525"}],"wp:featuredmedia":[{"embeddable":true,"href":"https:\/\/flowersestonia.ee\/ru\/wp-json\/wp\/v2\/media\/2521"}],"wp:attachment":[{"href":"https:\/\/flowersestonia.ee\/ru\/wp-json\/wp\/v2\/media?parent=2520"}],"wp:term":[{"taxonomy":"brand","embeddable":true,"href":"https:\/\/flowersestonia.ee\/ru\/wp-json\/wp\/v2\/etheme_brands?post=2520"},{"taxonomy":"product_brand","embeddable":true,"href":"https:\/\/flowersestonia.ee\/ru\/wp-json\/wp\/v2\/product_brand?post=2520"},{"taxonomy":"product_cat","embeddable":true,"href":"https:\/\/flowersestonia.ee\/ru\/wp-json\/wp\/v2\/product_cat?post=2520"},{"taxonomy":"product_tag","embeddable":true,"href":"https:\/\/flowersestonia.ee\/ru\/wp-json\/wp\/v2\/product_tag?post=2520"}],"curies":[{"name":"wp","href":"https:\/\/api.w.org\/{rel}","templated":true}]}}