{"id":2353,"date":"2025-05-03T15:23:42","date_gmt":"2025-05-03T12:23:42","guid":{"rendered":"https:\/\/flowersestonia.ee\/?post_type=product&#038;p=2353"},"modified":"2026-03-07T12:33:42","modified_gmt":"2026-03-07T09:33:42","slug":"25-valget-prantsuse-roosi","status":"publish","type":"product","link":"https:\/\/flowersestonia.ee\/ru\/lillepood\/25-valget-prantsuse-roosi\/","title":{"rendered":"25 valget Prantsuse roosi"},"content":{"rendered":"<p>Elegantne kimp, mis koosneb 25 valgest Prantsuse roosist ja v\u00e4rskest eukal\u00fcptist. T\u00e4iuslik valik erilisteks hetkeks \u2013 romantiline, stiilne ja ajatu.<\/p>","protected":false},"excerpt":{"rendered":"<p>Elegantne kimp, mis koosneb 25 valgest Prantsuse roosist ja v\u00e4rskest eukal\u00fcptist. T\u00e4iuslik valik erilisteks hetkeks \u2013 romantiline, stiilne ja ajatu.<\/p>","protected":false},"featured_media":2354,"comment_status":"open","ping_status":"closed","template":"","meta":[],"etheme_brands":[],"product_brand":[],"product_cat":[19,26],"product_tag":[],"class_list":{"0":"post-2353","1":"product","2":"type-product","3":"status-publish","4":"has-post-thumbnail","6":"product_cat-autorikimbud","7":"product_cat-roosid","9":"first","10":"instock","11":"taxable","12":"shipping-taxable","13":"purchasable","14":"product-type-simple"},"yoast_head":"<!-- This site is optimized with the Yoast SEO plugin v24.9 - https:\/\/yoast.com\/wordpress\/plugins\/seo\/ -->\n<title>25 valget Prantsuse roosi &#8211; Flowers Estonia<\/title>\n<meta name=\"description\" content=\"Valged prantsuse roosid \u2013 elegantsed ja luksuslikud lilled igaks t\u00e4htp\u00e4evaks. Telli eksklusiivne roosikimp Tallinnas kiire kohaletoimetamisega.\" \/>\n<meta name=\"robots\" content=\"index, follow, max-snippet:-1, max-image-preview:large, max-video-preview:-1\" \/>\n<link rel=\"canonical\" href=\"https:\/\/flowersestonia.ee\/ru\/lillepood\/25-valget-prantsuse-roosi\/\" \/>\n<meta property=\"og:locale\" content=\"ru_RU\" \/>\n<meta property=\"og:type\" content=\"article\" \/>\n<meta property=\"og:title\" content=\"25 valget Prantsuse roosi &#8211; Flowers Estonia\" \/>\n<meta property=\"og:description\" content=\"Valged prantsuse roosid \u2013 elegantsed ja luksuslikud lilled igaks t\u00e4htp\u00e4evaks. Telli eksklusiivne roosikimp Tallinnas kiire kohaletoimetamisega.\" \/>\n<meta property=\"og:url\" content=\"https:\/\/flowersestonia.ee\/ru\/lillepood\/25-valget-prantsuse-roosi\/\" \/>\n<meta property=\"og:site_name\" content=\"Flowers Estonia\" \/>\n<meta property=\"article:modified_time\" content=\"2026-03-07T09:33:42+00:00\" \/>\n<meta property=\"og:image\" content=\"https:\/\/flowersestonia.ee\/wp-content\/uploads\/2025\/05\/photo_2025-05-03_15-00-17.webp\" \/>\n\t<meta property=\"og:image:width\" content=\"960\" \/>\n\t<meta property=\"og:image:height\" content=\"1280\" \/>\n\t<meta property=\"og:image:type\" content=\"image\/jpeg\" \/>\n<meta name=\"twitter:card\" content=\"summary_large_image\" \/>\n<meta name=\"twitter:label1\" content=\"\u041f\u0440\u0438\u043c\u0435\u0440\u043d\u043e\u0435 \u0432\u0440\u0435\u043c\u044f \u0434\u043b\u044f \u0447\u0442\u0435\u043d\u0438\u044f\" \/>\n\t<meta name=\"twitter:data1\" content=\"1 \u043c\u0438\u043d\u0443\u0442\u0430\" \/>\n<script type=\"application\/ld+json\" class=\"yoast-schema-graph\">{\"@context\":\"https:\/\/schema.org\",\"@graph\":[{\"@type\":\"WebPage\",\"@id\":\"https:\/\/flowersestonia.ee\/lillepood\/25-valget-prantsuse-roosi\/\",\"url\":\"https:\/\/flowersestonia.ee\/lillepood\/25-valget-prantsuse-roosi\/\",\"name\":\"25 valget Prantsuse roosi &#8211; Flowers Estonia\",\"isPartOf\":{\"@id\":\"https:\/\/flowersestonia.ee\/#website\"},\"primaryImageOfPage\":{\"@id\":\"https:\/\/flowersestonia.ee\/lillepood\/25-valget-prantsuse-roosi\/#primaryimage\"},\"image\":{\"@id\":\"https:\/\/flowersestonia.ee\/lillepood\/25-valget-prantsuse-roosi\/#primaryimage\"},\"thumbnailUrl\":\"https:\/\/flowersestonia.ee\/wp-content\/uploads\/2025\/05\/photo_2025-05-03_15-00-17.webp\",\"datePublished\":\"2025-05-03T12:23:42+00:00\",\"dateModified\":\"2026-03-07T09:33:42+00:00\",\"description\":\"Valged prantsuse roosid \u2013 elegantsed ja luksuslikud lilled igaks t\u00e4htp\u00e4evaks. Telli eksklusiivne roosikimp Tallinnas kiire kohaletoimetamisega.\",\"breadcrumb\":{\"@id\":\"https:\/\/flowersestonia.ee\/lillepood\/25-valget-prantsuse-roosi\/#breadcrumb\"},\"inLanguage\":\"ru-RU\",\"potentialAction\":[{\"@type\":\"ReadAction\",\"target\":[\"https:\/\/flowersestonia.ee\/lillepood\/25-valget-prantsuse-roosi\/\"]}]},{\"@type\":\"ImageObject\",\"inLanguage\":\"ru-RU\",\"@id\":\"https:\/\/flowersestonia.ee\/lillepood\/25-valget-prantsuse-roosi\/#primaryimage\",\"url\":\"https:\/\/flowersestonia.ee\/wp-content\/uploads\/2025\/05\/photo_2025-05-03_15-00-17.webp\",\"contentUrl\":\"https:\/\/flowersestonia.ee\/wp-content\/uploads\/2025\/05\/photo_2025-05-03_15-00-17.webp\",\"width\":960,\"height\":1280},{\"@type\":\"BreadcrumbList\",\"@id\":\"https:\/\/flowersestonia.ee\/lillepood\/25-valget-prantsuse-roosi\/#breadcrumb\",\"itemListElement\":[{\"@type\":\"ListItem\",\"position\":1,\"name\":\"\u0413\u043b\u0430\u0432\u043d\u0430\u044f \u0441\u0442\u0440\u0430\u043d\u0438\u0446\u0430\",\"item\":\"https:\/\/flowersestonia.ee\/\"},{\"@type\":\"ListItem\",\"position\":2,\"name\":\"Tooted\",\"item\":\"https:\/\/flowersestonia.ee\/shop\/\"},{\"@type\":\"ListItem\",\"position\":3,\"name\":\"25 valget Prantsuse roosi\"}]},{\"@type\":\"WebSite\",\"@id\":\"https:\/\/flowersestonia.ee\/#website\",\"url\":\"https:\/\/flowersestonia.ee\/\",\"name\":\"Flowers Estonia\",\"description\":\"Lillede m\u00fc\u00fck ja kohaletoimetamine\",\"publisher\":{\"@id\":\"https:\/\/flowersestonia.ee\/#organization\"},\"potentialAction\":[{\"@type\":\"SearchAction\",\"target\":{\"@type\":\"EntryPoint\",\"urlTemplate\":\"https:\/\/flowersestonia.ee\/?s={search_term_string}\"},\"query-input\":{\"@type\":\"PropertyValueSpecification\",\"valueRequired\":true,\"valueName\":\"search_term_string\"}}],\"inLanguage\":\"ru-RU\"},{\"@type\":\"Organization\",\"@id\":\"https:\/\/flowersestonia.ee\/#organization\",\"name\":\"Flowers Estonia\",\"url\":\"https:\/\/flowersestonia.ee\/\",\"logo\":{\"@type\":\"ImageObject\",\"inLanguage\":\"ru-RU\",\"@id\":\"https:\/\/flowersestonia.ee\/#\/schema\/logo\/image\/\",\"url\":\"https:\/\/flowersestonia.ee\/wp-content\/uploads\/2025\/01\/Frame-1.svg\",\"contentUrl\":\"https:\/\/flowersestonia.ee\/wp-content\/uploads\/2025\/01\/Frame-1.svg\",\"width\":350,\"height\":100,\"caption\":\"Flowers Estonia\"},\"image\":{\"@id\":\"https:\/\/flowersestonia.ee\/#\/schema\/logo\/image\/\"}}]}<\/script>\n<!-- \/ Yoast SEO plugin. -->","yoast_head_json":{"title":"25 valget Prantsuse roosi &#8211; Flowers Estonia","description":"Valged prantsuse roosid \u2013 elegantsed ja luksuslikud lilled igaks t\u00e4htp\u00e4evaks. Telli eksklusiivne roosikimp Tallinnas kiire kohaletoimetamisega.","robots":{"index":"index","follow":"follow","max-snippet":"max-snippet:-1","max-image-preview":"max-image-preview:large","max-video-preview":"max-video-preview:-1"},"canonical":"https:\/\/flowersestonia.ee\/ru\/lillepood\/25-valget-prantsuse-roosi\/","og_locale":"ru_RU","og_type":"article","og_title":"25 valget Prantsuse roosi &#8211; Flowers Estonia","og_description":"Valged prantsuse roosid \u2013 elegantsed ja luksuslikud lilled igaks t\u00e4htp\u00e4evaks. Telli eksklusiivne roosikimp Tallinnas kiire kohaletoimetamisega.","og_url":"https:\/\/flowersestonia.ee\/ru\/lillepood\/25-valget-prantsuse-roosi\/","og_site_name":"Flowers Estonia","article_modified_time":"2026-03-07T09:33:42+00:00","og_image":[{"width":960,"height":1280,"url":"https:\/\/flowersestonia.ee\/wp-content\/uploads\/2025\/05\/photo_2025-05-03_15-00-17.webp","type":"image\/jpeg"}],"twitter_card":"summary_large_image","twitter_misc":{"\u041f\u0440\u0438\u043c\u0435\u0440\u043d\u043e\u0435 \u0432\u0440\u0435\u043c\u044f \u0434\u043b\u044f \u0447\u0442\u0435\u043d\u0438\u044f":"1 \u043c\u0438\u043d\u0443\u0442\u0430"},"schema":{"@context":"https:\/\/schema.org","@graph":[{"@type":"WebPage","@id":"https:\/\/flowersestonia.ee\/lillepood\/25-valget-prantsuse-roosi\/","url":"https:\/\/flowersestonia.ee\/lillepood\/25-valget-prantsuse-roosi\/","name":"25 valget Prantsuse roosi &#8211; Flowers Estonia","isPartOf":{"@id":"https:\/\/flowersestonia.ee\/#website"},"primaryImageOfPage":{"@id":"https:\/\/flowersestonia.ee\/lillepood\/25-valget-prantsuse-roosi\/#primaryimage"},"image":{"@id":"https:\/\/flowersestonia.ee\/lillepood\/25-valget-prantsuse-roosi\/#primaryimage"},"thumbnailUrl":"https:\/\/flowersestonia.ee\/wp-content\/uploads\/2025\/05\/photo_2025-05-03_15-00-17.webp","datePublished":"2025-05-03T12:23:42+00:00","dateModified":"2026-03-07T09:33:42+00:00","description":"Valged prantsuse roosid \u2013 elegantsed ja luksuslikud lilled igaks t\u00e4htp\u00e4evaks. Telli eksklusiivne roosikimp Tallinnas kiire kohaletoimetamisega.","breadcrumb":{"@id":"https:\/\/flowersestonia.ee\/lillepood\/25-valget-prantsuse-roosi\/#breadcrumb"},"inLanguage":"ru-RU","potentialAction":[{"@type":"ReadAction","target":["https:\/\/flowersestonia.ee\/lillepood\/25-valget-prantsuse-roosi\/"]}]},{"@type":"ImageObject","inLanguage":"ru-RU","@id":"https:\/\/flowersestonia.ee\/lillepood\/25-valget-prantsuse-roosi\/#primaryimage","url":"https:\/\/flowersestonia.ee\/wp-content\/uploads\/2025\/05\/photo_2025-05-03_15-00-17.webp","contentUrl":"https:\/\/flowersestonia.ee\/wp-content\/uploads\/2025\/05\/photo_2025-05-03_15-00-17.webp","width":960,"height":1280},{"@type":"BreadcrumbList","@id":"https:\/\/flowersestonia.ee\/lillepood\/25-valget-prantsuse-roosi\/#breadcrumb","itemListElement":[{"@type":"ListItem","position":1,"name":"\u0413\u043b\u0430\u0432\u043d\u0430\u044f \u0441\u0442\u0440\u0430\u043d\u0438\u0446\u0430","item":"https:\/\/flowersestonia.ee\/"},{"@type":"ListItem","position":2,"name":"Tooted","item":"https:\/\/flowersestonia.ee\/shop\/"},{"@type":"ListItem","position":3,"name":"25 valget Prantsuse roosi"}]},{"@type":"WebSite","@id":"https:\/\/flowersestonia.ee\/#website","url":"https:\/\/flowersestonia.ee\/","name":"Flowers Estonia","description":"Lillede m\u00fc\u00fck ja kohaletoimetamine","publisher":{"@id":"https:\/\/flowersestonia.ee\/#organization"},"potentialAction":[{"@type":"SearchAction","target":{"@type":"EntryPoint","urlTemplate":"https:\/\/flowersestonia.ee\/?s={search_term_string}"},"query-input":{"@type":"PropertyValueSpecification","valueRequired":true,"valueName":"search_term_string"}}],"inLanguage":"ru-RU"},{"@type":"Organization","@id":"https:\/\/flowersestonia.ee\/#organization","name":"Flowers Estonia","url":"https:\/\/flowersestonia.ee\/","logo":{"@type":"ImageObject","inLanguage":"ru-RU","@id":"https:\/\/flowersestonia.ee\/#\/schema\/logo\/image\/","url":"https:\/\/flowersestonia.ee\/wp-content\/uploads\/2025\/01\/Frame-1.svg","contentUrl":"https:\/\/flowersestonia.ee\/wp-content\/uploads\/2025\/01\/Frame-1.svg","width":350,"height":100,"caption":"Flowers Estonia"},"image":{"@id":"https:\/\/flowersestonia.ee\/#\/schema\/logo\/image\/"}}]}},"_links":{"self":[{"href":"https:\/\/flowersestonia.ee\/ru\/wp-json\/wp\/v2\/product\/2353","targetHints":{"allow":["GET"]}}],"collection":[{"href":"https:\/\/flowersestonia.ee\/ru\/wp-json\/wp\/v2\/product"}],"about":[{"href":"https:\/\/flowersestonia.ee\/ru\/wp-json\/wp\/v2\/types\/product"}],"replies":[{"embeddable":true,"href":"https:\/\/flowersestonia.ee\/ru\/wp-json\/wp\/v2\/comments?post=2353"}],"version-history":[{"count":3,"href":"https:\/\/flowersestonia.ee\/ru\/wp-json\/wp\/v2\/product\/2353\/revisions"}],"predecessor-version":[{"id":2375,"href":"https:\/\/flowersestonia.ee\/ru\/wp-json\/wp\/v2\/product\/2353\/revisions\/2375"}],"wp:featuredmedia":[{"embeddable":true,"href":"https:\/\/flowersestonia.ee\/ru\/wp-json\/wp\/v2\/media\/2354"}],"wp:attachment":[{"href":"https:\/\/flowersestonia.ee\/ru\/wp-json\/wp\/v2\/media?parent=2353"}],"wp:term":[{"taxonomy":"brand","embeddable":true,"href":"https:\/\/flowersestonia.ee\/ru\/wp-json\/wp\/v2\/etheme_brands?post=2353"},{"taxonomy":"product_brand","embeddable":true,"href":"https:\/\/flowersestonia.ee\/ru\/wp-json\/wp\/v2\/product_brand?post=2353"},{"taxonomy":"product_cat","embeddable":true,"href":"https:\/\/flowersestonia.ee\/ru\/wp-json\/wp\/v2\/product_cat?post=2353"},{"taxonomy":"product_tag","embeddable":true,"href":"https:\/\/flowersestonia.ee\/ru\/wp-json\/wp\/v2\/product_tag?post=2353"}],"curies":[{"name":"wp","href":"https:\/\/api.w.org\/{rel}","templated":true}]}}