{"id":1224,"date":"2025-02-04T16:45:40","date_gmt":"2025-02-04T16:45:40","guid":{"rendered":"https:\/\/flowersestonia.ee\/?page_id=1224"},"modified":"2025-02-04T16:58:14","modified_gmt":"2025-02-04T16:58:14","slug":"tellimuse-tuhistamine","status":"publish","type":"page","link":"https:\/\/flowersestonia.ee\/ru\/tellimuse-tuhistamine\/","title":{"rendered":"\u041e\u0442\u043c\u0435\u043d\u0430 \u0437\u0430\u043a\u0430\u0437\u0430"},"content":{"rendered":"<div data-elementor-type=\"wp-page\" data-elementor-id=\"1224\" class=\"elementor elementor-1224\" data-elementor-post-type=\"page\">\n\t\t\t\t<div class=\"elementor-element elementor-element-4d86dfb e-flex e-con-boxed e-con e-parent\" data-id=\"4d86dfb\" data-element_type=\"container\">\n\t\t\t\t\t<div class=\"e-con-inner\">\n\t\t\t\t<div class=\"elementor-element elementor-element-61495c3 elementor-widget elementor-widget-text-editor\" data-id=\"61495c3\" data-element_type=\"widget\" data-widget_type=\"text-editor.default\">\n\t\t\t\t<div class=\"elementor-widget-container\">\n\t\t\t\t\t\t\t\t\t<p><strong>Tellimuse t\u00fchistamise tingimused<\/strong><\/p><ol start=\"1\"><li><p><strong>Tavatelimuste t\u00fchistamine<\/strong><br \/>Teil on \u00f5igus t\u00fchistada tellimus, <strong>kui see pole saajani j\u00f5udnud<\/strong>. Tagasimakse tehakse <strong>5 t\u00f6\u00f6p\u00e4eva jooksul alates t\u00fchistamise kinnitamisest<\/strong>.<\/p><\/li><li><p><strong>T\u00fchistamise kord<\/strong><br \/>T\u00fchistamiseks helistage v\u00f5i kirjutage <strong>t\u00f6\u00f6p\u00e4eviti kella 9:00\u201317:00 vahel, hiljemalt \u00fcks p\u00e4ev enne kohaletoimetamise kuup\u00e4eva<\/strong>.<br \/>Kontakandmed:<br \/><br \/><strong>info@flowersestonia.ee<\/strong><br \/><strong>+372 56 012 613<\/strong><\/p><\/li><li><p><strong>Suurte v\u00f5i p\u00fchadega seotud tellimuste t\u00fchistamine<\/strong><br \/><strong>Suurte tellimuste t\u00fchistamine (n\u00e4iteks pulmad) ja tellimused mis on tehtud (s\u00f5brap\u00e4evaks, 8 m\u00e4rtsiks, emade p\u00e4evaks) on v\u00f5imalik t\u00fchistada 5 p\u00e4eva enne planeeritud tellimuse tarneaga.<\/strong><\/p><\/li><li><p><strong>T\u00fchistamise piirangud<\/strong><br \/>Tellimust <strong>ei ole v\u00f5imalik t\u00fchistada<\/strong>, kui tegemist on <strong>kohandatud tootega, mida ei m\u00fc\u00fcda meie veebipoes<\/strong>.<\/p><\/li><li><p><strong>Vastutus olukordade korral<\/strong><\/p><ul><li><p>Kui tellimus <strong>ei j\u00f5ua saajani saatja poolt esitatud vigaste andmete t\u00f5ttu<\/strong>, kannab saatja vastutuse.<\/p><\/li><li><p>Kui saaja <strong>keeldub tellimust vastu v\u00f5tmast<\/strong>, on saatja kohustatud tasuma tellimuse <strong>t\u00e4issumma<\/strong>.<\/p><\/li><\/ul><\/li><li><p><strong>Abi ja tugi<\/strong><br \/>Probleemide korral v\u00f5tame teiega <strong>\u00fchendust<\/strong> v\u00f5imalikult kiiresti.<\/p><\/li><\/ol>\t\t\t\t\t\t\t\t<\/div>\n\t\t\t\t<\/div>\n\t\t\t\t\t<\/div>\n\t\t\t\t<\/div>\n\t\t\t\t<\/div>","protected":false},"excerpt":{"rendered":"<p>Tellimuse t\u00fchistamise tingimused Tavatelimuste t\u00fchistamineTeil on \u00f5igus t\u00fchistada tellimus, kui see pole saajani j\u00f5udnud. Tagasimakse tehakse 5 t\u00f6\u00f6p\u00e4eva jooksul alates t\u00fchistamise kinnitamisest. T\u00fchistamise kordT\u00fchistamiseks helistage&#8230;<\/p>","protected":false},"author":1,"featured_media":0,"parent":0,"menu_order":0,"comment_status":"closed","ping_status":"closed","template":"","meta":{"footnotes":""},"class_list":["post-1224","page","type-page","status-publish","hentry"],"yoast_head":"<!-- This site is optimized with the Yoast SEO plugin v24.9 - https:\/\/yoast.com\/wordpress\/plugins\/seo\/ -->\n<title>Tellimuse t\u00fchistamine &#8211; Flowers Estonia<\/title>\n<meta name=\"robots\" content=\"index, follow, max-snippet:-1, max-image-preview:large, max-video-preview:-1\" \/>\n<link rel=\"canonical\" href=\"https:\/\/flowersestonia.ee\/ru\/tellimuse-tuhistamine\/\" \/>\n<meta property=\"og:locale\" content=\"ru_RU\" \/>\n<meta property=\"og:type\" content=\"article\" \/>\n<meta property=\"og:title\" content=\"Tellimuse t\u00fchistamine &#8211; Flowers Estonia\" \/>\n<meta property=\"og:description\" content=\"Tellimuse t\u00fchistamise tingimused Tavatelimuste t\u00fchistamineTeil on \u00f5igus t\u00fchistada tellimus, kui see pole saajani j\u00f5udnud. Tagasimakse tehakse 5 t\u00f6\u00f6p\u00e4eva jooksul alates t\u00fchistamise kinnitamisest. T\u00fchistamise kordT\u00fchistamiseks helistage...\" \/>\n<meta property=\"og:url\" content=\"https:\/\/flowersestonia.ee\/ru\/tellimuse-tuhistamine\/\" \/>\n<meta property=\"og:site_name\" content=\"Flowers Estonia\" \/>\n<meta property=\"article:modified_time\" content=\"2025-02-04T16:58:14+00:00\" \/>\n<meta name=\"twitter:card\" content=\"summary_large_image\" \/>\n<meta name=\"twitter:label1\" content=\"\u041f\u0440\u0438\u043c\u0435\u0440\u043d\u043e\u0435 \u0432\u0440\u0435\u043c\u044f \u0434\u043b\u044f \u0447\u0442\u0435\u043d\u0438\u044f\" \/>\n\t<meta name=\"twitter:data1\" content=\"1 \u043c\u0438\u043d\u0443\u0442\u0430\" \/>\n<script type=\"application\/ld+json\" class=\"yoast-schema-graph\">{\"@context\":\"https:\/\/schema.org\",\"@graph\":[{\"@type\":\"WebPage\",\"@id\":\"https:\/\/flowersestonia.ee\/tellimuse-tuhistamine\/\",\"url\":\"https:\/\/flowersestonia.ee\/tellimuse-tuhistamine\/\",\"name\":\"Tellimuse t\u00fchistamine &#8211; Flowers Estonia\",\"isPartOf\":{\"@id\":\"https:\/\/flowersestonia.ee\/#website\"},\"datePublished\":\"2025-02-04T16:45:40+00:00\",\"dateModified\":\"2025-02-04T16:58:14+00:00\",\"breadcrumb\":{\"@id\":\"https:\/\/flowersestonia.ee\/tellimuse-tuhistamine\/#breadcrumb\"},\"inLanguage\":\"ru-RU\",\"potentialAction\":[{\"@type\":\"ReadAction\",\"target\":[\"https:\/\/flowersestonia.ee\/tellimuse-tuhistamine\/\"]}]},{\"@type\":\"BreadcrumbList\",\"@id\":\"https:\/\/flowersestonia.ee\/tellimuse-tuhistamine\/#breadcrumb\",\"itemListElement\":[{\"@type\":\"ListItem\",\"position\":1,\"name\":\"\u0413\u043b\u0430\u0432\u043d\u0430\u044f \u0441\u0442\u0440\u0430\u043d\u0438\u0446\u0430\",\"item\":\"https:\/\/flowersestonia.ee\/\"},{\"@type\":\"ListItem\",\"position\":2,\"name\":\"Tellimuse t\u00fchistamine\"}]},{\"@type\":\"WebSite\",\"@id\":\"https:\/\/flowersestonia.ee\/#website\",\"url\":\"https:\/\/flowersestonia.ee\/\",\"name\":\"Flowers Estonia\",\"description\":\"Lillede m\u00fc\u00fck ja kohaletoimetamine\",\"publisher\":{\"@id\":\"https:\/\/flowersestonia.ee\/#organization\"},\"potentialAction\":[{\"@type\":\"SearchAction\",\"target\":{\"@type\":\"EntryPoint\",\"urlTemplate\":\"https:\/\/flowersestonia.ee\/?s={search_term_string}\"},\"query-input\":{\"@type\":\"PropertyValueSpecification\",\"valueRequired\":true,\"valueName\":\"search_term_string\"}}],\"inLanguage\":\"ru-RU\"},{\"@type\":\"Organization\",\"@id\":\"https:\/\/flowersestonia.ee\/#organization\",\"name\":\"Flowers Estonia\",\"url\":\"https:\/\/flowersestonia.ee\/\",\"logo\":{\"@type\":\"ImageObject\",\"inLanguage\":\"ru-RU\",\"@id\":\"https:\/\/flowersestonia.ee\/#\/schema\/logo\/image\/\",\"url\":\"https:\/\/flowersestonia.ee\/wp-content\/uploads\/2025\/01\/Frame-1.svg\",\"contentUrl\":\"https:\/\/flowersestonia.ee\/wp-content\/uploads\/2025\/01\/Frame-1.svg\",\"width\":350,\"height\":100,\"caption\":\"Flowers Estonia\"},\"image\":{\"@id\":\"https:\/\/flowersestonia.ee\/#\/schema\/logo\/image\/\"}}]}<\/script>\n<!-- \/ Yoast SEO plugin. -->","yoast_head_json":{"title":"Tellimuse t\u00fchistamine &#8211; Flowers Estonia","robots":{"index":"index","follow":"follow","max-snippet":"max-snippet:-1","max-image-preview":"max-image-preview:large","max-video-preview":"max-video-preview:-1"},"canonical":"https:\/\/flowersestonia.ee\/ru\/tellimuse-tuhistamine\/","og_locale":"ru_RU","og_type":"article","og_title":"Tellimuse t\u00fchistamine &#8211; Flowers Estonia","og_description":"Tellimuse t\u00fchistamise tingimused Tavatelimuste t\u00fchistamineTeil on \u00f5igus t\u00fchistada tellimus, kui see pole saajani j\u00f5udnud. Tagasimakse tehakse 5 t\u00f6\u00f6p\u00e4eva jooksul alates t\u00fchistamise kinnitamisest. T\u00fchistamise kordT\u00fchistamiseks helistage...","og_url":"https:\/\/flowersestonia.ee\/ru\/tellimuse-tuhistamine\/","og_site_name":"Flowers Estonia","article_modified_time":"2025-02-04T16:58:14+00:00","twitter_card":"summary_large_image","twitter_misc":{"\u041f\u0440\u0438\u043c\u0435\u0440\u043d\u043e\u0435 \u0432\u0440\u0435\u043c\u044f \u0434\u043b\u044f \u0447\u0442\u0435\u043d\u0438\u044f":"1 \u043c\u0438\u043d\u0443\u0442\u0430"},"schema":{"@context":"https:\/\/schema.org","@graph":[{"@type":"WebPage","@id":"https:\/\/flowersestonia.ee\/tellimuse-tuhistamine\/","url":"https:\/\/flowersestonia.ee\/tellimuse-tuhistamine\/","name":"Tellimuse t\u00fchistamine &#8211; Flowers Estonia","isPartOf":{"@id":"https:\/\/flowersestonia.ee\/#website"},"datePublished":"2025-02-04T16:45:40+00:00","dateModified":"2025-02-04T16:58:14+00:00","breadcrumb":{"@id":"https:\/\/flowersestonia.ee\/tellimuse-tuhistamine\/#breadcrumb"},"inLanguage":"ru-RU","potentialAction":[{"@type":"ReadAction","target":["https:\/\/flowersestonia.ee\/tellimuse-tuhistamine\/"]}]},{"@type":"BreadcrumbList","@id":"https:\/\/flowersestonia.ee\/tellimuse-tuhistamine\/#breadcrumb","itemListElement":[{"@type":"ListItem","position":1,"name":"\u0413\u043b\u0430\u0432\u043d\u0430\u044f \u0441\u0442\u0440\u0430\u043d\u0438\u0446\u0430","item":"https:\/\/flowersestonia.ee\/"},{"@type":"ListItem","position":2,"name":"Tellimuse t\u00fchistamine"}]},{"@type":"WebSite","@id":"https:\/\/flowersestonia.ee\/#website","url":"https:\/\/flowersestonia.ee\/","name":"Flowers Estonia","description":"Lillede m\u00fc\u00fck ja kohaletoimetamine","publisher":{"@id":"https:\/\/flowersestonia.ee\/#organization"},"potentialAction":[{"@type":"SearchAction","target":{"@type":"EntryPoint","urlTemplate":"https:\/\/flowersestonia.ee\/?s={search_term_string}"},"query-input":{"@type":"PropertyValueSpecification","valueRequired":true,"valueName":"search_term_string"}}],"inLanguage":"ru-RU"},{"@type":"Organization","@id":"https:\/\/flowersestonia.ee\/#organization","name":"Flowers Estonia","url":"https:\/\/flowersestonia.ee\/","logo":{"@type":"ImageObject","inLanguage":"ru-RU","@id":"https:\/\/flowersestonia.ee\/#\/schema\/logo\/image\/","url":"https:\/\/flowersestonia.ee\/wp-content\/uploads\/2025\/01\/Frame-1.svg","contentUrl":"https:\/\/flowersestonia.ee\/wp-content\/uploads\/2025\/01\/Frame-1.svg","width":350,"height":100,"caption":"Flowers Estonia"},"image":{"@id":"https:\/\/flowersestonia.ee\/#\/schema\/logo\/image\/"}}]}},"_links":{"self":[{"href":"https:\/\/flowersestonia.ee\/ru\/wp-json\/wp\/v2\/pages\/1224","targetHints":{"allow":["GET"]}}],"collection":[{"href":"https:\/\/flowersestonia.ee\/ru\/wp-json\/wp\/v2\/pages"}],"about":[{"href":"https:\/\/flowersestonia.ee\/ru\/wp-json\/wp\/v2\/types\/page"}],"author":[{"embeddable":true,"href":"https:\/\/flowersestonia.ee\/ru\/wp-json\/wp\/v2\/users\/1"}],"replies":[{"embeddable":true,"href":"https:\/\/flowersestonia.ee\/ru\/wp-json\/wp\/v2\/comments?post=1224"}],"version-history":[{"count":4,"href":"https:\/\/flowersestonia.ee\/ru\/wp-json\/wp\/v2\/pages\/1224\/revisions"}],"predecessor-version":[{"id":1230,"href":"https:\/\/flowersestonia.ee\/ru\/wp-json\/wp\/v2\/pages\/1224\/revisions\/1230"}],"wp:attachment":[{"href":"https:\/\/flowersestonia.ee\/ru\/wp-json\/wp\/v2\/media?parent=1224"}],"curies":[{"name":"wp","href":"https:\/\/api.w.org\/{rel}","templated":true}]}}