{"id":754,"date":"2025-01-24T13:41:28","date_gmt":"2025-01-24T13:41:28","guid":{"rendered":"https:\/\/flowersestonia.ee\/?post_type=product&#038;p=754"},"modified":"2025-01-24T17:20:50","modified_gmt":"2025-01-24T17:20:50","slug":"ohupall-happy-birthday-liblikatega","status":"publish","type":"product","link":"https:\/\/flowersestonia.ee\/en\/lillepood\/ohupall-happy-birthday-liblikatega\/","title":{"rendered":"\u00d5hupall &#8220;Happy Birthday&#8221; liblikatega"},"content":{"rendered":"<p>V\u00e4rviline \u00f5hupall, mis loob piduliku meeleolu ja on suurep\u00e4rane \u00f5nnitlus.<\/p>","protected":false},"excerpt":{"rendered":"<p>V\u00e4rviline \u00f5hupall, mis loob piduliku meeleolu ja on suurep\u00e4rane \u00f5nnitlus.<\/p>","protected":false},"featured_media":164,"comment_status":"open","ping_status":"closed","template":"","meta":[],"etheme_brands":[],"product_brand":[],"product_cat":[31],"product_tag":[],"class_list":{"0":"post-754","1":"product","2":"type-product","3":"status-publish","4":"has-post-thumbnail","6":"product_cat-ohupallid","8":"first","9":"instock","10":"taxable","11":"shipping-taxable","12":"purchasable","13":"product-type-simple"},"yoast_head":"<!-- This site is optimized with the Yoast SEO plugin v24.9 - https:\/\/yoast.com\/wordpress\/plugins\/seo\/ -->\n<title>\u00d5hupall &quot;Happy Birthday&quot; liblikatega &#8211; Flowers Estonia<\/title>\n<meta name=\"robots\" content=\"index, follow, max-snippet:-1, max-image-preview:large, max-video-preview:-1\" \/>\n<link rel=\"canonical\" href=\"https:\/\/flowersestonia.ee\/en\/lillepood\/ohupall-happy-birthday-liblikatega\/\" \/>\n<meta property=\"og:locale\" content=\"en_GB\" \/>\n<meta property=\"og:type\" content=\"article\" \/>\n<meta property=\"og:title\" content=\"\u00d5hupall &quot;Happy Birthday&quot; liblikatega &#8211; Flowers Estonia\" \/>\n<meta property=\"og:description\" content=\"V\u00e4rviline \u00f5hupall, mis loob piduliku meeleolu ja on suurep\u00e4rane \u00f5nnitlus.\" \/>\n<meta property=\"og:url\" content=\"https:\/\/flowersestonia.ee\/en\/lillepood\/ohupall-happy-birthday-liblikatega\/\" \/>\n<meta property=\"og:site_name\" content=\"Flowers Estonia\" \/>\n<meta property=\"article:modified_time\" content=\"2025-01-24T17:20:50+00:00\" \/>\n<meta property=\"og:image\" content=\"https:\/\/flowersestonia.ee\/wp-content\/uploads\/2025\/01\/12-\u0435\u0432\u0440\u043e-2-1-jpg.webp\" \/>\n\t<meta property=\"og:image:width\" content=\"367\" \/>\n\t<meta property=\"og:image:height\" content=\"367\" \/>\n\t<meta property=\"og:image:type\" content=\"image\/webp\" \/>\n<meta name=\"twitter:card\" content=\"summary_large_image\" \/>\n<script type=\"application\/ld+json\" class=\"yoast-schema-graph\">{\"@context\":\"https:\/\/schema.org\",\"@graph\":[{\"@type\":\"WebPage\",\"@id\":\"https:\/\/flowersestonia.ee\/lillepood\/ohupall-happy-birthday-liblikatega\/\",\"url\":\"https:\/\/flowersestonia.ee\/lillepood\/ohupall-happy-birthday-liblikatega\/\",\"name\":\"\u00d5hupall \\\"Happy Birthday\\\" liblikatega &#8211; Flowers Estonia\",\"isPartOf\":{\"@id\":\"https:\/\/flowersestonia.ee\/#website\"},\"primaryImageOfPage\":{\"@id\":\"https:\/\/flowersestonia.ee\/lillepood\/ohupall-happy-birthday-liblikatega\/#primaryimage\"},\"image\":{\"@id\":\"https:\/\/flowersestonia.ee\/lillepood\/ohupall-happy-birthday-liblikatega\/#primaryimage\"},\"thumbnailUrl\":\"https:\/\/flowersestonia.ee\/wp-content\/uploads\/2025\/01\/12-\u0435\u0432\u0440\u043e-2-1-jpg.webp\",\"datePublished\":\"2025-01-24T13:41:28+00:00\",\"dateModified\":\"2025-01-24T17:20:50+00:00\",\"breadcrumb\":{\"@id\":\"https:\/\/flowersestonia.ee\/lillepood\/ohupall-happy-birthday-liblikatega\/#breadcrumb\"},\"inLanguage\":\"en-GB\",\"potentialAction\":[{\"@type\":\"ReadAction\",\"target\":[\"https:\/\/flowersestonia.ee\/lillepood\/ohupall-happy-birthday-liblikatega\/\"]}]},{\"@type\":\"ImageObject\",\"inLanguage\":\"en-GB\",\"@id\":\"https:\/\/flowersestonia.ee\/lillepood\/ohupall-happy-birthday-liblikatega\/#primaryimage\",\"url\":\"https:\/\/flowersestonia.ee\/wp-content\/uploads\/2025\/01\/12-\u0435\u0432\u0440\u043e-2-1-jpg.webp\",\"contentUrl\":\"https:\/\/flowersestonia.ee\/wp-content\/uploads\/2025\/01\/12-\u0435\u0432\u0440\u043e-2-1-jpg.webp\",\"width\":367,\"height\":367},{\"@type\":\"BreadcrumbList\",\"@id\":\"https:\/\/flowersestonia.ee\/lillepood\/ohupall-happy-birthday-liblikatega\/#breadcrumb\",\"itemListElement\":[{\"@type\":\"ListItem\",\"position\":1,\"name\":\"\u0413\u043b\u0430\u0432\u043d\u0430\u044f \u0441\u0442\u0440\u0430\u043d\u0438\u0446\u0430\",\"item\":\"https:\/\/flowersestonia.ee\/\"},{\"@type\":\"ListItem\",\"position\":2,\"name\":\"Tooted\",\"item\":\"https:\/\/flowersestonia.ee\/shop\/\"},{\"@type\":\"ListItem\",\"position\":3,\"name\":\"\u00d5hupall &#8220;Happy Birthday&#8221; liblikatega\"}]},{\"@type\":\"WebSite\",\"@id\":\"https:\/\/flowersestonia.ee\/#website\",\"url\":\"https:\/\/flowersestonia.ee\/\",\"name\":\"Flowers Estonia\",\"description\":\"Lillede m\u00fc\u00fck ja kohaletoimetamine\",\"publisher\":{\"@id\":\"https:\/\/flowersestonia.ee\/#organization\"},\"potentialAction\":[{\"@type\":\"SearchAction\",\"target\":{\"@type\":\"EntryPoint\",\"urlTemplate\":\"https:\/\/flowersestonia.ee\/?s={search_term_string}\"},\"query-input\":{\"@type\":\"PropertyValueSpecification\",\"valueRequired\":true,\"valueName\":\"search_term_string\"}}],\"inLanguage\":\"en-GB\"},{\"@type\":\"Organization\",\"@id\":\"https:\/\/flowersestonia.ee\/#organization\",\"name\":\"Flowers Estonia\",\"url\":\"https:\/\/flowersestonia.ee\/\",\"logo\":{\"@type\":\"ImageObject\",\"inLanguage\":\"en-GB\",\"@id\":\"https:\/\/flowersestonia.ee\/#\/schema\/logo\/image\/\",\"url\":\"https:\/\/flowersestonia.ee\/wp-content\/uploads\/2025\/01\/Frame-1.svg\",\"contentUrl\":\"https:\/\/flowersestonia.ee\/wp-content\/uploads\/2025\/01\/Frame-1.svg\",\"width\":350,\"height\":100,\"caption\":\"Flowers Estonia\"},\"image\":{\"@id\":\"https:\/\/flowersestonia.ee\/#\/schema\/logo\/image\/\"}}]}<\/script>\n<!-- \/ Yoast SEO plugin. -->","yoast_head_json":{"title":"\u00d5hupall \"Happy Birthday\" liblikatega &#8211; Flowers Estonia","robots":{"index":"index","follow":"follow","max-snippet":"max-snippet:-1","max-image-preview":"max-image-preview:large","max-video-preview":"max-video-preview:-1"},"canonical":"https:\/\/flowersestonia.ee\/en\/lillepood\/ohupall-happy-birthday-liblikatega\/","og_locale":"en_GB","og_type":"article","og_title":"\u00d5hupall \"Happy Birthday\" liblikatega &#8211; Flowers Estonia","og_description":"V\u00e4rviline \u00f5hupall, mis loob piduliku meeleolu ja on suurep\u00e4rane \u00f5nnitlus.","og_url":"https:\/\/flowersestonia.ee\/en\/lillepood\/ohupall-happy-birthday-liblikatega\/","og_site_name":"Flowers Estonia","article_modified_time":"2025-01-24T17:20:50+00:00","og_image":[{"width":367,"height":367,"url":"https:\/\/flowersestonia.ee\/wp-content\/uploads\/2025\/01\/12-\u0435\u0432\u0440\u043e-2-1-jpg.webp","type":"image\/webp"}],"twitter_card":"summary_large_image","schema":{"@context":"https:\/\/schema.org","@graph":[{"@type":"WebPage","@id":"https:\/\/flowersestonia.ee\/lillepood\/ohupall-happy-birthday-liblikatega\/","url":"https:\/\/flowersestonia.ee\/lillepood\/ohupall-happy-birthday-liblikatega\/","name":"\u00d5hupall \"Happy Birthday\" liblikatega &#8211; Flowers Estonia","isPartOf":{"@id":"https:\/\/flowersestonia.ee\/#website"},"primaryImageOfPage":{"@id":"https:\/\/flowersestonia.ee\/lillepood\/ohupall-happy-birthday-liblikatega\/#primaryimage"},"image":{"@id":"https:\/\/flowersestonia.ee\/lillepood\/ohupall-happy-birthday-liblikatega\/#primaryimage"},"thumbnailUrl":"https:\/\/flowersestonia.ee\/wp-content\/uploads\/2025\/01\/12-\u0435\u0432\u0440\u043e-2-1-jpg.webp","datePublished":"2025-01-24T13:41:28+00:00","dateModified":"2025-01-24T17:20:50+00:00","breadcrumb":{"@id":"https:\/\/flowersestonia.ee\/lillepood\/ohupall-happy-birthday-liblikatega\/#breadcrumb"},"inLanguage":"en-GB","potentialAction":[{"@type":"ReadAction","target":["https:\/\/flowersestonia.ee\/lillepood\/ohupall-happy-birthday-liblikatega\/"]}]},{"@type":"ImageObject","inLanguage":"en-GB","@id":"https:\/\/flowersestonia.ee\/lillepood\/ohupall-happy-birthday-liblikatega\/#primaryimage","url":"https:\/\/flowersestonia.ee\/wp-content\/uploads\/2025\/01\/12-\u0435\u0432\u0440\u043e-2-1-jpg.webp","contentUrl":"https:\/\/flowersestonia.ee\/wp-content\/uploads\/2025\/01\/12-\u0435\u0432\u0440\u043e-2-1-jpg.webp","width":367,"height":367},{"@type":"BreadcrumbList","@id":"https:\/\/flowersestonia.ee\/lillepood\/ohupall-happy-birthday-liblikatega\/#breadcrumb","itemListElement":[{"@type":"ListItem","position":1,"name":"\u0413\u043b\u0430\u0432\u043d\u0430\u044f \u0441\u0442\u0440\u0430\u043d\u0438\u0446\u0430","item":"https:\/\/flowersestonia.ee\/"},{"@type":"ListItem","position":2,"name":"Tooted","item":"https:\/\/flowersestonia.ee\/shop\/"},{"@type":"ListItem","position":3,"name":"\u00d5hupall &#8220;Happy Birthday&#8221; liblikatega"}]},{"@type":"WebSite","@id":"https:\/\/flowersestonia.ee\/#website","url":"https:\/\/flowersestonia.ee\/","name":"Flowers Estonia","description":"Lillede m\u00fc\u00fck ja kohaletoimetamine","publisher":{"@id":"https:\/\/flowersestonia.ee\/#organization"},"potentialAction":[{"@type":"SearchAction","target":{"@type":"EntryPoint","urlTemplate":"https:\/\/flowersestonia.ee\/?s={search_term_string}"},"query-input":{"@type":"PropertyValueSpecification","valueRequired":true,"valueName":"search_term_string"}}],"inLanguage":"en-GB"},{"@type":"Organization","@id":"https:\/\/flowersestonia.ee\/#organization","name":"Flowers Estonia","url":"https:\/\/flowersestonia.ee\/","logo":{"@type":"ImageObject","inLanguage":"en-GB","@id":"https:\/\/flowersestonia.ee\/#\/schema\/logo\/image\/","url":"https:\/\/flowersestonia.ee\/wp-content\/uploads\/2025\/01\/Frame-1.svg","contentUrl":"https:\/\/flowersestonia.ee\/wp-content\/uploads\/2025\/01\/Frame-1.svg","width":350,"height":100,"caption":"Flowers Estonia"},"image":{"@id":"https:\/\/flowersestonia.ee\/#\/schema\/logo\/image\/"}}]}},"_links":{"self":[{"href":"https:\/\/flowersestonia.ee\/en\/wp-json\/wp\/v2\/product\/754","targetHints":{"allow":["GET"]}}],"collection":[{"href":"https:\/\/flowersestonia.ee\/en\/wp-json\/wp\/v2\/product"}],"about":[{"href":"https:\/\/flowersestonia.ee\/en\/wp-json\/wp\/v2\/types\/product"}],"replies":[{"embeddable":true,"href":"https:\/\/flowersestonia.ee\/en\/wp-json\/wp\/v2\/comments?post=754"}],"version-history":[{"count":1,"href":"https:\/\/flowersestonia.ee\/en\/wp-json\/wp\/v2\/product\/754\/revisions"}],"predecessor-version":[{"id":764,"href":"https:\/\/flowersestonia.ee\/en\/wp-json\/wp\/v2\/product\/754\/revisions\/764"}],"wp:featuredmedia":[{"embeddable":true,"href":"https:\/\/flowersestonia.ee\/en\/wp-json\/wp\/v2\/media\/164"}],"wp:attachment":[{"href":"https:\/\/flowersestonia.ee\/en\/wp-json\/wp\/v2\/media?parent=754"}],"wp:term":[{"taxonomy":"brand","embeddable":true,"href":"https:\/\/flowersestonia.ee\/en\/wp-json\/wp\/v2\/etheme_brands?post=754"},{"taxonomy":"product_brand","embeddable":true,"href":"https:\/\/flowersestonia.ee\/en\/wp-json\/wp\/v2\/product_brand?post=754"},{"taxonomy":"product_cat","embeddable":true,"href":"https:\/\/flowersestonia.ee\/en\/wp-json\/wp\/v2\/product_cat?post=754"},{"taxonomy":"product_tag","embeddable":true,"href":"https:\/\/flowersestonia.ee\/en\/wp-json\/wp\/v2\/product_tag?post=754"}],"curies":[{"name":"wp","href":"https:\/\/api.w.org\/{rel}","templated":true}]}}