{"id":717,"date":"2025-01-24T13:41:25","date_gmt":"2025-01-24T13:41:25","guid":{"rendered":"https:\/\/flowersestonia.ee\/?post_type=product&#038;p=717"},"modified":"2025-01-26T10:53:43","modified_gmt":"2025-01-26T10:53:43","slug":"15-turkiissinist-ohupalli","status":"publish","type":"product","link":"https:\/\/flowersestonia.ee\/en\/lillepood\/15-turkiissinist-ohupalli\/","title":{"rendered":"15 t\u00fcrkiissinist \u00f5hupalli"},"content":{"rendered":"<p>\u00d5hupallid 15 tk.<\/p>","protected":false},"excerpt":{"rendered":"<p>\u00d5hupallid 15 tk.<\/p>","protected":false},"featured_media":168,"comment_status":"open","ping_status":"closed","template":"","meta":[],"etheme_brands":[],"product_brand":[],"product_cat":[31],"product_tag":[],"class_list":{"0":"post-717","1":"product","2":"type-product","3":"status-publish","4":"has-post-thumbnail","6":"product_cat-ohupallid","8":"first","9":"instock","10":"taxable","11":"shipping-taxable","12":"purchasable","13":"product-type-simple"},"yoast_head":"<!-- This site is optimized with the Yoast SEO plugin v24.9 - https:\/\/yoast.com\/wordpress\/plugins\/seo\/ -->\n<title>15 t\u00fcrkiissinist \u00f5hupalli &#8211; Flowers Estonia<\/title>\n<meta name=\"robots\" content=\"index, follow, max-snippet:-1, max-image-preview:large, max-video-preview:-1\" \/>\n<link rel=\"canonical\" href=\"https:\/\/flowersestonia.ee\/en\/\u0446\u0432\u0435\u0442\u043e\u0447\u043d\u044b\u0439-\u043c\u0430\u0433\u0430\u0437\u0438\u043d\/15-\u044f\u0447\u043c\u0435\u043d\u043d\u044b\u0445-\u0448\u0430\u0440\u0438\u043a\u043e\u0432-\u0442\u0440\u0435\u0441\u043a\u0438-\u0433\u043e\u043b\u0443\u0431\u043e\u0433\u043e-\u0446\u0432\u0435\/\" \/>\n<meta property=\"og:locale\" content=\"en_GB\" \/>\n<meta property=\"og:type\" content=\"article\" \/>\n<meta property=\"og:title\" content=\"15 t\u00fcrkiissinist \u00f5hupalli &#8211; Flowers Estonia\" \/>\n<meta property=\"og:description\" content=\"\u00d5hupallid 15 tk.\" \/>\n<meta property=\"og:url\" content=\"https:\/\/flowersestonia.ee\/en\/\u0446\u0432\u0435\u0442\u043e\u0447\u043d\u044b\u0439-\u043c\u0430\u0433\u0430\u0437\u0438\u043d\/15-\u044f\u0447\u043c\u0435\u043d\u043d\u044b\u0445-\u0448\u0430\u0440\u0438\u043a\u043e\u0432-\u0442\u0440\u0435\u0441\u043a\u0438-\u0433\u043e\u043b\u0443\u0431\u043e\u0433\u043e-\u0446\u0432\u0435\/\" \/>\n<meta property=\"og:site_name\" content=\"Flowers Estonia\" \/>\n<meta property=\"article:modified_time\" content=\"2025-01-26T10:53:43+00:00\" \/>\n<meta property=\"og:image\" content=\"https:\/\/flowersestonia.ee\/wp-content\/uploads\/2025\/01\/15-\u0442\u043a-30-\u0435\u0432\u0440\u043e-3-jpg.webp\" \/>\n\t<meta property=\"og:image:width\" content=\"512\" \/>\n\t<meta property=\"og:image:height\" content=\"512\" \/>\n\t<meta property=\"og:image:type\" content=\"image\/webp\" \/>\n<meta name=\"twitter:card\" content=\"summary_large_image\" \/>\n<script type=\"application\/ld+json\" class=\"yoast-schema-graph\">{\"@context\":\"https:\/\/schema.org\",\"@graph\":[{\"@type\":\"WebPage\",\"@id\":\"https:\/\/flowersestonia.ee\/ru\/%d1%86%d0%b2%d0%b5%d1%82%d0%be%d1%87%d0%bd%d1%8b%d0%b9-%d0%bc%d0%b0%d0%b3%d0%b0%d0%b7%d0%b8%d0%bd\/15-%d1%8f%d1%87%d0%bc%d0%b5%d0%bd%d0%bd%d1%8b%d1%85-%d1%88%d0%b0%d1%80%d0%b8%d0%ba%d0%be%d0%b2-%d1%82%d1%80%d0%b5%d1%81%d0%ba%d0%b8-%d0%b3%d0%be%d0%bb%d1%83%d0%b1%d0%be%d0%b3%d0%be-%d1%86%d0%b2%d0%b5\/\",\"url\":\"https:\/\/flowersestonia.ee\/ru\/%d1%86%d0%b2%d0%b5%d1%82%d0%be%d1%87%d0%bd%d1%8b%d0%b9-%d0%bc%d0%b0%d0%b3%d0%b0%d0%b7%d0%b8%d0%bd\/15-%d1%8f%d1%87%d0%bc%d0%b5%d0%bd%d0%bd%d1%8b%d1%85-%d1%88%d0%b0%d1%80%d0%b8%d0%ba%d0%be%d0%b2-%d1%82%d1%80%d0%b5%d1%81%d0%ba%d0%b8-%d0%b3%d0%be%d0%bb%d1%83%d0%b1%d0%be%d0%b3%d0%be-%d1%86%d0%b2%d0%b5\/\",\"name\":\"15 t\u00fcrkiissinist \u00f5hupalli &#8211; Flowers Estonia\",\"isPartOf\":{\"@id\":\"https:\/\/flowersestonia.ee\/#website\"},\"primaryImageOfPage\":{\"@id\":\"https:\/\/flowersestonia.ee\/ru\/%d1%86%d0%b2%d0%b5%d1%82%d0%be%d1%87%d0%bd%d1%8b%d0%b9-%d0%bc%d0%b0%d0%b3%d0%b0%d0%b7%d0%b8%d0%bd\/15-%d1%8f%d1%87%d0%bc%d0%b5%d0%bd%d0%bd%d1%8b%d1%85-%d1%88%d0%b0%d1%80%d0%b8%d0%ba%d0%be%d0%b2-%d1%82%d1%80%d0%b5%d1%81%d0%ba%d0%b8-%d0%b3%d0%be%d0%bb%d1%83%d0%b1%d0%be%d0%b3%d0%be-%d1%86%d0%b2%d0%b5\/#primaryimage\"},\"image\":{\"@id\":\"https:\/\/flowersestonia.ee\/ru\/%d1%86%d0%b2%d0%b5%d1%82%d0%be%d1%87%d0%bd%d1%8b%d0%b9-%d0%bc%d0%b0%d0%b3%d0%b0%d0%b7%d0%b8%d0%bd\/15-%d1%8f%d1%87%d0%bc%d0%b5%d0%bd%d0%bd%d1%8b%d1%85-%d1%88%d0%b0%d1%80%d0%b8%d0%ba%d0%be%d0%b2-%d1%82%d1%80%d0%b5%d1%81%d0%ba%d0%b8-%d0%b3%d0%be%d0%bb%d1%83%d0%b1%d0%be%d0%b3%d0%be-%d1%86%d0%b2%d0%b5\/#primaryimage\"},\"thumbnailUrl\":\"https:\/\/flowersestonia.ee\/wp-content\/uploads\/2025\/01\/15-\u0442\u043a-30-\u0435\u0432\u0440\u043e-3-jpg.webp\",\"datePublished\":\"2025-01-24T13:41:25+00:00\",\"dateModified\":\"2025-01-26T10:53:43+00:00\",\"breadcrumb\":{\"@id\":\"https:\/\/flowersestonia.ee\/ru\/%d1%86%d0%b2%d0%b5%d1%82%d0%be%d1%87%d0%bd%d1%8b%d0%b9-%d0%bc%d0%b0%d0%b3%d0%b0%d0%b7%d0%b8%d0%bd\/15-%d1%8f%d1%87%d0%bc%d0%b5%d0%bd%d0%bd%d1%8b%d1%85-%d1%88%d0%b0%d1%80%d0%b8%d0%ba%d0%be%d0%b2-%d1%82%d1%80%d0%b5%d1%81%d0%ba%d0%b8-%d0%b3%d0%be%d0%bb%d1%83%d0%b1%d0%be%d0%b3%d0%be-%d1%86%d0%b2%d0%b5\/#breadcrumb\"},\"inLanguage\":\"en-GB\",\"potentialAction\":[{\"@type\":\"ReadAction\",\"target\":[\"https:\/\/flowersestonia.ee\/ru\/%d1%86%d0%b2%d0%b5%d1%82%d0%be%d1%87%d0%bd%d1%8b%d0%b9-%d0%bc%d0%b0%d0%b3%d0%b0%d0%b7%d0%b8%d0%bd\/15-%d1%8f%d1%87%d0%bc%d0%b5%d0%bd%d0%bd%d1%8b%d1%85-%d1%88%d0%b0%d1%80%d0%b8%d0%ba%d0%be%d0%b2-%d1%82%d1%80%d0%b5%d1%81%d0%ba%d0%b8-%d0%b3%d0%be%d0%bb%d1%83%d0%b1%d0%be%d0%b3%d0%be-%d1%86%d0%b2%d0%b5\/\"]}]},{\"@type\":\"ImageObject\",\"inLanguage\":\"en-GB\",\"@id\":\"https:\/\/flowersestonia.ee\/ru\/%d1%86%d0%b2%d0%b5%d1%82%d0%be%d1%87%d0%bd%d1%8b%d0%b9-%d0%bc%d0%b0%d0%b3%d0%b0%d0%b7%d0%b8%d0%bd\/15-%d1%8f%d1%87%d0%bc%d0%b5%d0%bd%d0%bd%d1%8b%d1%85-%d1%88%d0%b0%d1%80%d0%b8%d0%ba%d0%be%d0%b2-%d1%82%d1%80%d0%b5%d1%81%d0%ba%d0%b8-%d0%b3%d0%be%d0%bb%d1%83%d0%b1%d0%be%d0%b3%d0%be-%d1%86%d0%b2%d0%b5\/#primaryimage\",\"url\":\"https:\/\/flowersestonia.ee\/wp-content\/uploads\/2025\/01\/15-\u0442\u043a-30-\u0435\u0432\u0440\u043e-3-jpg.webp\",\"contentUrl\":\"https:\/\/flowersestonia.ee\/wp-content\/uploads\/2025\/01\/15-\u0442\u043a-30-\u0435\u0432\u0440\u043e-3-jpg.webp\",\"width\":512,\"height\":512},{\"@type\":\"BreadcrumbList\",\"@id\":\"https:\/\/flowersestonia.ee\/ru\/%d1%86%d0%b2%d0%b5%d1%82%d0%be%d1%87%d0%bd%d1%8b%d0%b9-%d0%bc%d0%b0%d0%b3%d0%b0%d0%b7%d0%b8%d0%bd\/15-%d1%8f%d1%87%d0%bc%d0%b5%d0%bd%d0%bd%d1%8b%d1%85-%d1%88%d0%b0%d1%80%d0%b8%d0%ba%d0%be%d0%b2-%d1%82%d1%80%d0%b5%d1%81%d0%ba%d0%b8-%d0%b3%d0%be%d0%bb%d1%83%d0%b1%d0%be%d0%b3%d0%be-%d1%86%d0%b2%d0%b5\/#breadcrumb\",\"itemListElement\":[{\"@type\":\"ListItem\",\"position\":1,\"name\":\"\u0413\u043b\u0430\u0432\u043d\u0430\u044f \u0441\u0442\u0440\u0430\u043d\u0438\u0446\u0430\",\"item\":\"https:\/\/flowersestonia.ee\/\"},{\"@type\":\"ListItem\",\"position\":2,\"name\":\"Tooted\",\"item\":\"https:\/\/flowersestonia.ee\/shop\/\"},{\"@type\":\"ListItem\",\"position\":3,\"name\":\"15 t\u00fcrkiissinist \u00f5hupalli\"}]},{\"@type\":\"WebSite\",\"@id\":\"https:\/\/flowersestonia.ee\/#website\",\"url\":\"https:\/\/flowersestonia.ee\/\",\"name\":\"Flowers Estonia\",\"description\":\"Lillede m\u00fc\u00fck ja kohaletoimetamine\",\"publisher\":{\"@id\":\"https:\/\/flowersestonia.ee\/#organization\"},\"potentialAction\":[{\"@type\":\"SearchAction\",\"target\":{\"@type\":\"EntryPoint\",\"urlTemplate\":\"https:\/\/flowersestonia.ee\/?s={search_term_string}\"},\"query-input\":{\"@type\":\"PropertyValueSpecification\",\"valueRequired\":true,\"valueName\":\"search_term_string\"}}],\"inLanguage\":\"en-GB\"},{\"@type\":\"Organization\",\"@id\":\"https:\/\/flowersestonia.ee\/#organization\",\"name\":\"Flowers Estonia\",\"url\":\"https:\/\/flowersestonia.ee\/\",\"logo\":{\"@type\":\"ImageObject\",\"inLanguage\":\"en-GB\",\"@id\":\"https:\/\/flowersestonia.ee\/#\/schema\/logo\/image\/\",\"url\":\"https:\/\/flowersestonia.ee\/wp-content\/uploads\/2025\/01\/Frame-1.svg\",\"contentUrl\":\"https:\/\/flowersestonia.ee\/wp-content\/uploads\/2025\/01\/Frame-1.svg\",\"width\":350,\"height\":100,\"caption\":\"Flowers Estonia\"},\"image\":{\"@id\":\"https:\/\/flowersestonia.ee\/#\/schema\/logo\/image\/\"}}]}<\/script>\n<!-- \/ Yoast SEO plugin. -->","yoast_head_json":{"title":"15 t\u00fcrkiissinist \u00f5hupalli &#8211; Flowers Estonia","robots":{"index":"index","follow":"follow","max-snippet":"max-snippet:-1","max-image-preview":"max-image-preview:large","max-video-preview":"max-video-preview:-1"},"canonical":"https:\/\/flowersestonia.ee\/en\/\u0446\u0432\u0435\u0442\u043e\u0447\u043d\u044b\u0439-\u043c\u0430\u0433\u0430\u0437\u0438\u043d\/15-\u044f\u0447\u043c\u0435\u043d\u043d\u044b\u0445-\u0448\u0430\u0440\u0438\u043a\u043e\u0432-\u0442\u0440\u0435\u0441\u043a\u0438-\u0433\u043e\u043b\u0443\u0431\u043e\u0433\u043e-\u0446\u0432\u0435\/","og_locale":"en_GB","og_type":"article","og_title":"15 t\u00fcrkiissinist \u00f5hupalli &#8211; Flowers Estonia","og_description":"\u00d5hupallid 15 tk.","og_url":"https:\/\/flowersestonia.ee\/en\/\u0446\u0432\u0435\u0442\u043e\u0447\u043d\u044b\u0439-\u043c\u0430\u0433\u0430\u0437\u0438\u043d\/15-\u044f\u0447\u043c\u0435\u043d\u043d\u044b\u0445-\u0448\u0430\u0440\u0438\u043a\u043e\u0432-\u0442\u0440\u0435\u0441\u043a\u0438-\u0433\u043e\u043b\u0443\u0431\u043e\u0433\u043e-\u0446\u0432\u0435\/","og_site_name":"Flowers Estonia","article_modified_time":"2025-01-26T10:53:43+00:00","og_image":[{"width":512,"height":512,"url":"https:\/\/flowersestonia.ee\/wp-content\/uploads\/2025\/01\/15-\u0442\u043a-30-\u0435\u0432\u0440\u043e-3-jpg.webp","type":"image\/webp"}],"twitter_card":"summary_large_image","schema":{"@context":"https:\/\/schema.org","@graph":[{"@type":"WebPage","@id":"https:\/\/flowersestonia.ee\/ru\/%d1%86%d0%b2%d0%b5%d1%82%d0%be%d1%87%d0%bd%d1%8b%d0%b9-%d0%bc%d0%b0%d0%b3%d0%b0%d0%b7%d0%b8%d0%bd\/15-%d1%8f%d1%87%d0%bc%d0%b5%d0%bd%d0%bd%d1%8b%d1%85-%d1%88%d0%b0%d1%80%d0%b8%d0%ba%d0%be%d0%b2-%d1%82%d1%80%d0%b5%d1%81%d0%ba%d0%b8-%d0%b3%d0%be%d0%bb%d1%83%d0%b1%d0%be%d0%b3%d0%be-%d1%86%d0%b2%d0%b5\/","url":"https:\/\/flowersestonia.ee\/ru\/%d1%86%d0%b2%d0%b5%d1%82%d0%be%d1%87%d0%bd%d1%8b%d0%b9-%d0%bc%d0%b0%d0%b3%d0%b0%d0%b7%d0%b8%d0%bd\/15-%d1%8f%d1%87%d0%bc%d0%b5%d0%bd%d0%bd%d1%8b%d1%85-%d1%88%d0%b0%d1%80%d0%b8%d0%ba%d0%be%d0%b2-%d1%82%d1%80%d0%b5%d1%81%d0%ba%d0%b8-%d0%b3%d0%be%d0%bb%d1%83%d0%b1%d0%be%d0%b3%d0%be-%d1%86%d0%b2%d0%b5\/","name":"15 t\u00fcrkiissinist \u00f5hupalli &#8211; Flowers Estonia","isPartOf":{"@id":"https:\/\/flowersestonia.ee\/#website"},"primaryImageOfPage":{"@id":"https:\/\/flowersestonia.ee\/ru\/%d1%86%d0%b2%d0%b5%d1%82%d0%be%d1%87%d0%bd%d1%8b%d0%b9-%d0%bc%d0%b0%d0%b3%d0%b0%d0%b7%d0%b8%d0%bd\/15-%d1%8f%d1%87%d0%bc%d0%b5%d0%bd%d0%bd%d1%8b%d1%85-%d1%88%d0%b0%d1%80%d0%b8%d0%ba%d0%be%d0%b2-%d1%82%d1%80%d0%b5%d1%81%d0%ba%d0%b8-%d0%b3%d0%be%d0%bb%d1%83%d0%b1%d0%be%d0%b3%d0%be-%d1%86%d0%b2%d0%b5\/#primaryimage"},"image":{"@id":"https:\/\/flowersestonia.ee\/ru\/%d1%86%d0%b2%d0%b5%d1%82%d0%be%d1%87%d0%bd%d1%8b%d0%b9-%d0%bc%d0%b0%d0%b3%d0%b0%d0%b7%d0%b8%d0%bd\/15-%d1%8f%d1%87%d0%bc%d0%b5%d0%bd%d0%bd%d1%8b%d1%85-%d1%88%d0%b0%d1%80%d0%b8%d0%ba%d0%be%d0%b2-%d1%82%d1%80%d0%b5%d1%81%d0%ba%d0%b8-%d0%b3%d0%be%d0%bb%d1%83%d0%b1%d0%be%d0%b3%d0%be-%d1%86%d0%b2%d0%b5\/#primaryimage"},"thumbnailUrl":"https:\/\/flowersestonia.ee\/wp-content\/uploads\/2025\/01\/15-\u0442\u043a-30-\u0435\u0432\u0440\u043e-3-jpg.webp","datePublished":"2025-01-24T13:41:25+00:00","dateModified":"2025-01-26T10:53:43+00:00","breadcrumb":{"@id":"https:\/\/flowersestonia.ee\/ru\/%d1%86%d0%b2%d0%b5%d1%82%d0%be%d1%87%d0%bd%d1%8b%d0%b9-%d0%bc%d0%b0%d0%b3%d0%b0%d0%b7%d0%b8%d0%bd\/15-%d1%8f%d1%87%d0%bc%d0%b5%d0%bd%d0%bd%d1%8b%d1%85-%d1%88%d0%b0%d1%80%d0%b8%d0%ba%d0%be%d0%b2-%d1%82%d1%80%d0%b5%d1%81%d0%ba%d0%b8-%d0%b3%d0%be%d0%bb%d1%83%d0%b1%d0%be%d0%b3%d0%be-%d1%86%d0%b2%d0%b5\/#breadcrumb"},"inLanguage":"en-GB","potentialAction":[{"@type":"ReadAction","target":["https:\/\/flowersestonia.ee\/ru\/%d1%86%d0%b2%d0%b5%d1%82%d0%be%d1%87%d0%bd%d1%8b%d0%b9-%d0%bc%d0%b0%d0%b3%d0%b0%d0%b7%d0%b8%d0%bd\/15-%d1%8f%d1%87%d0%bc%d0%b5%d0%bd%d0%bd%d1%8b%d1%85-%d1%88%d0%b0%d1%80%d0%b8%d0%ba%d0%be%d0%b2-%d1%82%d1%80%d0%b5%d1%81%d0%ba%d0%b8-%d0%b3%d0%be%d0%bb%d1%83%d0%b1%d0%be%d0%b3%d0%be-%d1%86%d0%b2%d0%b5\/"]}]},{"@type":"ImageObject","inLanguage":"en-GB","@id":"https:\/\/flowersestonia.ee\/ru\/%d1%86%d0%b2%d0%b5%d1%82%d0%be%d1%87%d0%bd%d1%8b%d0%b9-%d0%bc%d0%b0%d0%b3%d0%b0%d0%b7%d0%b8%d0%bd\/15-%d1%8f%d1%87%d0%bc%d0%b5%d0%bd%d0%bd%d1%8b%d1%85-%d1%88%d0%b0%d1%80%d0%b8%d0%ba%d0%be%d0%b2-%d1%82%d1%80%d0%b5%d1%81%d0%ba%d0%b8-%d0%b3%d0%be%d0%bb%d1%83%d0%b1%d0%be%d0%b3%d0%be-%d1%86%d0%b2%d0%b5\/#primaryimage","url":"https:\/\/flowersestonia.ee\/wp-content\/uploads\/2025\/01\/15-\u0442\u043a-30-\u0435\u0432\u0440\u043e-3-jpg.webp","contentUrl":"https:\/\/flowersestonia.ee\/wp-content\/uploads\/2025\/01\/15-\u0442\u043a-30-\u0435\u0432\u0440\u043e-3-jpg.webp","width":512,"height":512},{"@type":"BreadcrumbList","@id":"https:\/\/flowersestonia.ee\/ru\/%d1%86%d0%b2%d0%b5%d1%82%d0%be%d1%87%d0%bd%d1%8b%d0%b9-%d0%bc%d0%b0%d0%b3%d0%b0%d0%b7%d0%b8%d0%bd\/15-%d1%8f%d1%87%d0%bc%d0%b5%d0%bd%d0%bd%d1%8b%d1%85-%d1%88%d0%b0%d1%80%d0%b8%d0%ba%d0%be%d0%b2-%d1%82%d1%80%d0%b5%d1%81%d0%ba%d0%b8-%d0%b3%d0%be%d0%bb%d1%83%d0%b1%d0%be%d0%b3%d0%be-%d1%86%d0%b2%d0%b5\/#breadcrumb","itemListElement":[{"@type":"ListItem","position":1,"name":"\u0413\u043b\u0430\u0432\u043d\u0430\u044f \u0441\u0442\u0440\u0430\u043d\u0438\u0446\u0430","item":"https:\/\/flowersestonia.ee\/"},{"@type":"ListItem","position":2,"name":"Tooted","item":"https:\/\/flowersestonia.ee\/shop\/"},{"@type":"ListItem","position":3,"name":"15 t\u00fcrkiissinist \u00f5hupalli"}]},{"@type":"WebSite","@id":"https:\/\/flowersestonia.ee\/#website","url":"https:\/\/flowersestonia.ee\/","name":"Flowers Estonia","description":"Lillede m\u00fc\u00fck ja kohaletoimetamine","publisher":{"@id":"https:\/\/flowersestonia.ee\/#organization"},"potentialAction":[{"@type":"SearchAction","target":{"@type":"EntryPoint","urlTemplate":"https:\/\/flowersestonia.ee\/?s={search_term_string}"},"query-input":{"@type":"PropertyValueSpecification","valueRequired":true,"valueName":"search_term_string"}}],"inLanguage":"en-GB"},{"@type":"Organization","@id":"https:\/\/flowersestonia.ee\/#organization","name":"Flowers Estonia","url":"https:\/\/flowersestonia.ee\/","logo":{"@type":"ImageObject","inLanguage":"en-GB","@id":"https:\/\/flowersestonia.ee\/#\/schema\/logo\/image\/","url":"https:\/\/flowersestonia.ee\/wp-content\/uploads\/2025\/01\/Frame-1.svg","contentUrl":"https:\/\/flowersestonia.ee\/wp-content\/uploads\/2025\/01\/Frame-1.svg","width":350,"height":100,"caption":"Flowers Estonia"},"image":{"@id":"https:\/\/flowersestonia.ee\/#\/schema\/logo\/image\/"}}]}},"_links":{"self":[{"href":"https:\/\/flowersestonia.ee\/en\/wp-json\/wp\/v2\/product\/717","targetHints":{"allow":["GET"]}}],"collection":[{"href":"https:\/\/flowersestonia.ee\/en\/wp-json\/wp\/v2\/product"}],"about":[{"href":"https:\/\/flowersestonia.ee\/en\/wp-json\/wp\/v2\/types\/product"}],"replies":[{"embeddable":true,"href":"https:\/\/flowersestonia.ee\/en\/wp-json\/wp\/v2\/comments?post=717"}],"version-history":[{"count":1,"href":"https:\/\/flowersestonia.ee\/en\/wp-json\/wp\/v2\/product\/717\/revisions"}],"predecessor-version":[{"id":746,"href":"https:\/\/flowersestonia.ee\/en\/wp-json\/wp\/v2\/product\/717\/revisions\/746"}],"wp:featuredmedia":[{"embeddable":true,"href":"https:\/\/flowersestonia.ee\/en\/wp-json\/wp\/v2\/media\/168"}],"wp:attachment":[{"href":"https:\/\/flowersestonia.ee\/en\/wp-json\/wp\/v2\/media?parent=717"}],"wp:term":[{"taxonomy":"brand","embeddable":true,"href":"https:\/\/flowersestonia.ee\/en\/wp-json\/wp\/v2\/etheme_brands?post=717"},{"taxonomy":"product_brand","embeddable":true,"href":"https:\/\/flowersestonia.ee\/en\/wp-json\/wp\/v2\/product_brand?post=717"},{"taxonomy":"product_cat","embeddable":true,"href":"https:\/\/flowersestonia.ee\/en\/wp-json\/wp\/v2\/product_cat?post=717"},{"taxonomy":"product_tag","embeddable":true,"href":"https:\/\/flowersestonia.ee\/en\/wp-json\/wp\/v2\/product_tag?post=717"}],"curies":[{"name":"wp","href":"https:\/\/api.w.org\/{rel}","templated":true}]}}