{"id":470,"date":"2025-01-24T13:41:08","date_gmt":"2025-01-24T13:41:08","guid":{"rendered":"https:\/\/flowersestonia.ee\/?post_type=product&#038;p=470"},"modified":"2025-06-01T19:06:39","modified_gmt":"2025-06-01T16:06:39","slug":"pulmakimpvesuvius","status":"publish","type":"product","link":"https:\/\/flowersestonia.ee\/en\/lillepood\/pulmakimpvesuvius\/","title":{"rendered":"Wedding bouquet \u201cVesuvius\u201d"},"content":{"rendered":"<p data-start=\"124\" data-end=\"278\"><span class=\"relative -mx-px my-[-0.2rem] rounded px-px py-[0.2rem] transition-colors duration-100 ease-in-out\"><strong data-start=\"0\" data-end=\"24\" data-is-only-node=\"\">Pulmakimp \u201eVesuvius\u201d<\/strong> on inspireeritud Vesuuvuse vulkaani j\u00f5ulisusest ja ilust, \u00fchendades endas s\u00fcgavaid punaseid ja oran\u017ee toone, mis s\u00fcmboliseerivad kirge ja armastust.<\/span> <span class=\"relative -mx-px my-[-0.2rem] rounded px-px py-[0.2rem] transition-colors duration-100 ease-in-out\">Kimp on valmistatud k\u00e4sit\u00f6\u00f6na, kasutades kvaliteetseid ja v\u00e4rskeid lilli, mis tagavad pikaajalise v\u00e4rskuse ja ilu.<\/span> <span class=\"relative -mx-px my-[-0.2rem] rounded px-px py-[0.2rem] transition-colors duration-100 ease-in-out\">Selle intensiivne v\u00e4rvipalett sobib ideaalselt pruudile, kes soovib oma pulmap\u00e4evale lisada julgust ja draamat.<\/span><\/p>\n<p data-start=\"280\" data-end=\"293\"><strong data-start=\"280\" data-end=\"293\">Omadused:<\/strong><\/p>\n<ul data-start=\"294\" data-end=\"500\">\n<li data-start=\"294\" data-end=\"335\">\n<p data-start=\"296\" data-end=\"335\"><span class=\"relative -mx-px my-[-0.2rem] rounded px-px py-[0.2rem] transition-colors duration-100 ease-in-out\">K\u00e4sit\u00f6\u00f6na valmistatud autorikimp.<\/span><\/p>\n<\/li>\n<li data-start=\"336\" data-end=\"377\">\n<p data-start=\"338\" data-end=\"377\"><span class=\"relative -mx-px my-[-0.2rem] rounded px-px py-[0.2rem] transition-colors duration-100 ease-in-out\">Valmistatud v\u00e4rsketest ja kvaliteetsetest lilledest.<\/span><\/p>\n<\/li>\n<li data-start=\"378\" data-end=\"419\">\n<p data-start=\"380\" data-end=\"419\"><span class=\"relative -mx-px my-[-0.2rem] rounded px-px py-[0.2rem] transition-colors duration-100 ease-in-out\">Sobib pulmadeks, pidulikeks s\u00fcndmusteks ja kingituseks.<\/span><\/p>\n<\/li>\n<li data-start=\"420\" data-end=\"500\">\n<p data-start=\"422\" data-end=\"500\"><span class=\"relative -mx-px my-[-0.2rem] rounded px-px py-[0.2rem] transition-colors duration-100 ease-in-out\">V\u00f5imalus samap\u00e4evaseks kohaletoimetamiseks Tallinnas tellimisel enne 17:00.<\/span><\/p>\n<\/li>\n<\/ul>\n<p data-start=\"502\" data-end=\"580\"><span class=\"relative -mx-px my-[-0.2rem] rounded px-px py-[0.2rem] transition-colors duration-100 ease-in-out\"><em data-start=\"0\" data-end=\"124\" data-is-last-node=\"\" data-is-only-node=\"\">NB! Kui tellimus tehakse v\u00e4hem kui 5 p\u00e4eva ette, v\u00f5ib lillematerjalist s\u00f5ltuvalt esineda v\u00e4ikeseid erinevusi originaalist.<\/em><\/span><\/p>","protected":false},"excerpt":{"rendered":"<p>Pulmakimp \u201eVesuvius\u201d on inspireeritud Vesuuvuse vulkaani j\u00f5ulisusest ja ilust, \u00fchendades endas s\u00fcgavaid punaseid ja oran\u017ee toone, mis s\u00fcmboliseerivad kirge ja armastust. Kimp on valmistatud k\u00e4sit\u00f6\u00f6na,&#8230;<\/p>","protected":false},"featured_media":306,"comment_status":"open","ping_status":"closed","template":"","meta":[],"etheme_brands":[],"product_brand":[],"product_cat":[29],"product_tag":[],"class_list":{"0":"post-470","1":"product","2":"type-product","3":"status-publish","4":"has-post-thumbnail","6":"product_cat-pulmad","8":"first","9":"instock","10":"taxable","11":"shipping-taxable","12":"purchasable","13":"product-type-simple"},"yoast_head":"<!-- This site is optimized with the Yoast SEO plugin v24.9 - https:\/\/yoast.com\/wordpress\/plugins\/seo\/ -->\n<title>Pulmakimp&quot;Vesuvius&quot; &#8211; Flowers Estonia<\/title>\n<meta name=\"description\" content=\"Tellige julge ja kirglik pulmakimp &quot;Vesuvius&quot; Flowers Estonia lillepoest. K\u00e4sit\u00f6\u00f6na valminud kimp sobib ideaalselt teie eriliseks p\u00e4evaks.\" \/>\n<meta name=\"robots\" content=\"index, follow, max-snippet:-1, max-image-preview:large, max-video-preview:-1\" \/>\n<link rel=\"canonical\" href=\"https:\/\/flowersestonia.ee\/en\/lillepood\/pulmakimpvesuvius\/\" \/>\n<meta property=\"og:locale\" content=\"en_GB\" \/>\n<meta property=\"og:type\" content=\"article\" \/>\n<meta property=\"og:title\" content=\"Pulmakimp&quot;Vesuvius&quot; &#8211; Flowers Estonia\" \/>\n<meta property=\"og:description\" content=\"Tellige julge ja kirglik pulmakimp &quot;Vesuvius&quot; Flowers Estonia lillepoest. K\u00e4sit\u00f6\u00f6na valminud kimp sobib ideaalselt teie eriliseks p\u00e4evaks.\" \/>\n<meta property=\"og:url\" content=\"https:\/\/flowersestonia.ee\/en\/lillepood\/pulmakimpvesuvius\/\" \/>\n<meta property=\"og:site_name\" content=\"Flowers Estonia\" \/>\n<meta property=\"article:modified_time\" content=\"2025-06-01T16:06:39+00:00\" \/>\n<meta property=\"og:image\" content=\"https:\/\/flowersestonia.ee\/wp-content\/uploads\/2025\/01\/\u0438\u0437\u043e\u0431\u0440\u0430\u0436\u0435\u043d\u0438\u0435_viber_2022-03-24_12-14-58-739-jpg.webp\" \/>\n\t<meta property=\"og:image:width\" content=\"1080\" \/>\n\t<meta property=\"og:image:height\" content=\"1080\" \/>\n\t<meta property=\"og:image:type\" content=\"image\/webp\" \/>\n<meta name=\"twitter:card\" content=\"summary_large_image\" \/>\n<meta name=\"twitter:label1\" content=\"Estimated reading time\" \/>\n\t<meta name=\"twitter:data1\" content=\"1 minute\" \/>\n<script type=\"application\/ld+json\" class=\"yoast-schema-graph\">{\"@context\":\"https:\/\/schema.org\",\"@graph\":[{\"@type\":\"WebPage\",\"@id\":\"https:\/\/flowersestonia.ee\/lillepood\/pulmakimpvesuvius\/\",\"url\":\"https:\/\/flowersestonia.ee\/lillepood\/pulmakimpvesuvius\/\",\"name\":\"Pulmakimp\\\"Vesuvius\\\" &#8211; Flowers Estonia\",\"isPartOf\":{\"@id\":\"https:\/\/flowersestonia.ee\/#website\"},\"primaryImageOfPage\":{\"@id\":\"https:\/\/flowersestonia.ee\/lillepood\/pulmakimpvesuvius\/#primaryimage\"},\"image\":{\"@id\":\"https:\/\/flowersestonia.ee\/lillepood\/pulmakimpvesuvius\/#primaryimage\"},\"thumbnailUrl\":\"https:\/\/flowersestonia.ee\/wp-content\/uploads\/2025\/01\/\u0438\u0437\u043e\u0431\u0440\u0430\u0436\u0435\u043d\u0438\u0435_viber_2022-03-24_12-14-58-739-jpg.webp\",\"datePublished\":\"2025-01-24T13:41:08+00:00\",\"dateModified\":\"2025-06-01T16:06:39+00:00\",\"description\":\"Tellige julge ja kirglik pulmakimp \\\"Vesuvius\\\" Flowers Estonia lillepoest. K\u00e4sit\u00f6\u00f6na valminud kimp sobib ideaalselt teie eriliseks p\u00e4evaks.\",\"breadcrumb\":{\"@id\":\"https:\/\/flowersestonia.ee\/lillepood\/pulmakimpvesuvius\/#breadcrumb\"},\"inLanguage\":\"en-GB\",\"potentialAction\":[{\"@type\":\"ReadAction\",\"target\":[\"https:\/\/flowersestonia.ee\/lillepood\/pulmakimpvesuvius\/\"]}]},{\"@type\":\"ImageObject\",\"inLanguage\":\"en-GB\",\"@id\":\"https:\/\/flowersestonia.ee\/lillepood\/pulmakimpvesuvius\/#primaryimage\",\"url\":\"https:\/\/flowersestonia.ee\/wp-content\/uploads\/2025\/01\/\u0438\u0437\u043e\u0431\u0440\u0430\u0436\u0435\u043d\u0438\u0435_viber_2022-03-24_12-14-58-739-jpg.webp\",\"contentUrl\":\"https:\/\/flowersestonia.ee\/wp-content\/uploads\/2025\/01\/\u0438\u0437\u043e\u0431\u0440\u0430\u0436\u0435\u043d\u0438\u0435_viber_2022-03-24_12-14-58-739-jpg.webp\",\"width\":1080,\"height\":1080},{\"@type\":\"BreadcrumbList\",\"@id\":\"https:\/\/flowersestonia.ee\/lillepood\/pulmakimpvesuvius\/#breadcrumb\",\"itemListElement\":[{\"@type\":\"ListItem\",\"position\":1,\"name\":\"\u0413\u043b\u0430\u0432\u043d\u0430\u044f \u0441\u0442\u0440\u0430\u043d\u0438\u0446\u0430\",\"item\":\"https:\/\/flowersestonia.ee\/\"},{\"@type\":\"ListItem\",\"position\":2,\"name\":\"Tooted\",\"item\":\"https:\/\/flowersestonia.ee\/shop\/\"},{\"@type\":\"ListItem\",\"position\":3,\"name\":\"Pulmakimp&#187;Vesuvius&#187;\"}]},{\"@type\":\"WebSite\",\"@id\":\"https:\/\/flowersestonia.ee\/#website\",\"url\":\"https:\/\/flowersestonia.ee\/\",\"name\":\"Flowers Estonia\",\"description\":\"Lillede m\u00fc\u00fck ja kohaletoimetamine\",\"publisher\":{\"@id\":\"https:\/\/flowersestonia.ee\/#organization\"},\"potentialAction\":[{\"@type\":\"SearchAction\",\"target\":{\"@type\":\"EntryPoint\",\"urlTemplate\":\"https:\/\/flowersestonia.ee\/?s={search_term_string}\"},\"query-input\":{\"@type\":\"PropertyValueSpecification\",\"valueRequired\":true,\"valueName\":\"search_term_string\"}}],\"inLanguage\":\"en-GB\"},{\"@type\":\"Organization\",\"@id\":\"https:\/\/flowersestonia.ee\/#organization\",\"name\":\"Flowers Estonia\",\"url\":\"https:\/\/flowersestonia.ee\/\",\"logo\":{\"@type\":\"ImageObject\",\"inLanguage\":\"en-GB\",\"@id\":\"https:\/\/flowersestonia.ee\/#\/schema\/logo\/image\/\",\"url\":\"https:\/\/flowersestonia.ee\/wp-content\/uploads\/2025\/01\/Frame-1.svg\",\"contentUrl\":\"https:\/\/flowersestonia.ee\/wp-content\/uploads\/2025\/01\/Frame-1.svg\",\"width\":350,\"height\":100,\"caption\":\"Flowers Estonia\"},\"image\":{\"@id\":\"https:\/\/flowersestonia.ee\/#\/schema\/logo\/image\/\"}}]}<\/script>\n<!-- \/ Yoast SEO plugin. -->","yoast_head_json":{"title":"Pulmakimp\"Vesuvius\" &#8211; Flowers Estonia","description":"Tellige julge ja kirglik pulmakimp \"Vesuvius\" Flowers Estonia lillepoest. K\u00e4sit\u00f6\u00f6na valminud kimp sobib ideaalselt teie eriliseks p\u00e4evaks.","robots":{"index":"index","follow":"follow","max-snippet":"max-snippet:-1","max-image-preview":"max-image-preview:large","max-video-preview":"max-video-preview:-1"},"canonical":"https:\/\/flowersestonia.ee\/en\/lillepood\/pulmakimpvesuvius\/","og_locale":"en_GB","og_type":"article","og_title":"Pulmakimp\"Vesuvius\" &#8211; Flowers Estonia","og_description":"Tellige julge ja kirglik pulmakimp \"Vesuvius\" Flowers Estonia lillepoest. K\u00e4sit\u00f6\u00f6na valminud kimp sobib ideaalselt teie eriliseks p\u00e4evaks.","og_url":"https:\/\/flowersestonia.ee\/en\/lillepood\/pulmakimpvesuvius\/","og_site_name":"Flowers Estonia","article_modified_time":"2025-06-01T16:06:39+00:00","og_image":[{"width":1080,"height":1080,"url":"https:\/\/flowersestonia.ee\/wp-content\/uploads\/2025\/01\/\u0438\u0437\u043e\u0431\u0440\u0430\u0436\u0435\u043d\u0438\u0435_viber_2022-03-24_12-14-58-739-jpg.webp","type":"image\/webp"}],"twitter_card":"summary_large_image","twitter_misc":{"Estimated reading time":"1 minute"},"schema":{"@context":"https:\/\/schema.org","@graph":[{"@type":"WebPage","@id":"https:\/\/flowersestonia.ee\/lillepood\/pulmakimpvesuvius\/","url":"https:\/\/flowersestonia.ee\/lillepood\/pulmakimpvesuvius\/","name":"Pulmakimp\"Vesuvius\" &#8211; Flowers Estonia","isPartOf":{"@id":"https:\/\/flowersestonia.ee\/#website"},"primaryImageOfPage":{"@id":"https:\/\/flowersestonia.ee\/lillepood\/pulmakimpvesuvius\/#primaryimage"},"image":{"@id":"https:\/\/flowersestonia.ee\/lillepood\/pulmakimpvesuvius\/#primaryimage"},"thumbnailUrl":"https:\/\/flowersestonia.ee\/wp-content\/uploads\/2025\/01\/\u0438\u0437\u043e\u0431\u0440\u0430\u0436\u0435\u043d\u0438\u0435_viber_2022-03-24_12-14-58-739-jpg.webp","datePublished":"2025-01-24T13:41:08+00:00","dateModified":"2025-06-01T16:06:39+00:00","description":"Tellige julge ja kirglik pulmakimp \"Vesuvius\" Flowers Estonia lillepoest. K\u00e4sit\u00f6\u00f6na valminud kimp sobib ideaalselt teie eriliseks p\u00e4evaks.","breadcrumb":{"@id":"https:\/\/flowersestonia.ee\/lillepood\/pulmakimpvesuvius\/#breadcrumb"},"inLanguage":"en-GB","potentialAction":[{"@type":"ReadAction","target":["https:\/\/flowersestonia.ee\/lillepood\/pulmakimpvesuvius\/"]}]},{"@type":"ImageObject","inLanguage":"en-GB","@id":"https:\/\/flowersestonia.ee\/lillepood\/pulmakimpvesuvius\/#primaryimage","url":"https:\/\/flowersestonia.ee\/wp-content\/uploads\/2025\/01\/\u0438\u0437\u043e\u0431\u0440\u0430\u0436\u0435\u043d\u0438\u0435_viber_2022-03-24_12-14-58-739-jpg.webp","contentUrl":"https:\/\/flowersestonia.ee\/wp-content\/uploads\/2025\/01\/\u0438\u0437\u043e\u0431\u0440\u0430\u0436\u0435\u043d\u0438\u0435_viber_2022-03-24_12-14-58-739-jpg.webp","width":1080,"height":1080},{"@type":"BreadcrumbList","@id":"https:\/\/flowersestonia.ee\/lillepood\/pulmakimpvesuvius\/#breadcrumb","itemListElement":[{"@type":"ListItem","position":1,"name":"\u0413\u043b\u0430\u0432\u043d\u0430\u044f \u0441\u0442\u0440\u0430\u043d\u0438\u0446\u0430","item":"https:\/\/flowersestonia.ee\/"},{"@type":"ListItem","position":2,"name":"Tooted","item":"https:\/\/flowersestonia.ee\/shop\/"},{"@type":"ListItem","position":3,"name":"Pulmakimp&#187;Vesuvius&#187;"}]},{"@type":"WebSite","@id":"https:\/\/flowersestonia.ee\/#website","url":"https:\/\/flowersestonia.ee\/","name":"Flowers Estonia","description":"Lillede m\u00fc\u00fck ja kohaletoimetamine","publisher":{"@id":"https:\/\/flowersestonia.ee\/#organization"},"potentialAction":[{"@type":"SearchAction","target":{"@type":"EntryPoint","urlTemplate":"https:\/\/flowersestonia.ee\/?s={search_term_string}"},"query-input":{"@type":"PropertyValueSpecification","valueRequired":true,"valueName":"search_term_string"}}],"inLanguage":"en-GB"},{"@type":"Organization","@id":"https:\/\/flowersestonia.ee\/#organization","name":"Flowers Estonia","url":"https:\/\/flowersestonia.ee\/","logo":{"@type":"ImageObject","inLanguage":"en-GB","@id":"https:\/\/flowersestonia.ee\/#\/schema\/logo\/image\/","url":"https:\/\/flowersestonia.ee\/wp-content\/uploads\/2025\/01\/Frame-1.svg","contentUrl":"https:\/\/flowersestonia.ee\/wp-content\/uploads\/2025\/01\/Frame-1.svg","width":350,"height":100,"caption":"Flowers Estonia"},"image":{"@id":"https:\/\/flowersestonia.ee\/#\/schema\/logo\/image\/"}}]}},"_links":{"self":[{"href":"https:\/\/flowersestonia.ee\/en\/wp-json\/wp\/v2\/product\/470","targetHints":{"allow":["GET"]}}],"collection":[{"href":"https:\/\/flowersestonia.ee\/en\/wp-json\/wp\/v2\/product"}],"about":[{"href":"https:\/\/flowersestonia.ee\/en\/wp-json\/wp\/v2\/types\/product"}],"replies":[{"embeddable":true,"href":"https:\/\/flowersestonia.ee\/en\/wp-json\/wp\/v2\/comments?post=470"}],"version-history":[{"count":4,"href":"https:\/\/flowersestonia.ee\/en\/wp-json\/wp\/v2\/product\/470\/revisions"}],"predecessor-version":[{"id":2513,"href":"https:\/\/flowersestonia.ee\/en\/wp-json\/wp\/v2\/product\/470\/revisions\/2513"}],"wp:featuredmedia":[{"embeddable":true,"href":"https:\/\/flowersestonia.ee\/en\/wp-json\/wp\/v2\/media\/306"}],"wp:attachment":[{"href":"https:\/\/flowersestonia.ee\/en\/wp-json\/wp\/v2\/media?parent=470"}],"wp:term":[{"taxonomy":"brand","embeddable":true,"href":"https:\/\/flowersestonia.ee\/en\/wp-json\/wp\/v2\/etheme_brands?post=470"},{"taxonomy":"product_brand","embeddable":true,"href":"https:\/\/flowersestonia.ee\/en\/wp-json\/wp\/v2\/product_brand?post=470"},{"taxonomy":"product_cat","embeddable":true,"href":"https:\/\/flowersestonia.ee\/en\/wp-json\/wp\/v2\/product_cat?post=470"},{"taxonomy":"product_tag","embeddable":true,"href":"https:\/\/flowersestonia.ee\/en\/wp-json\/wp\/v2\/product_tag?post=470"}],"curies":[{"name":"wp","href":"https:\/\/api.w.org\/{rel}","templated":true}]}}