{"id":463,"date":"2025-01-24T13:41:08","date_gmt":"2025-01-24T13:41:08","guid":{"rendered":"https:\/\/flowersestonia.ee\/?post_type=product&#038;p=463"},"modified":"2026-04-02T20:30:02","modified_gmt":"2026-04-02T17:30:02","slug":"lillekaar","status":"publish","type":"product","link":"https:\/\/flowersestonia.ee\/en\/lillepood\/lillekaar\/","title":{"rendered":"Flower arch"},"content":{"rendered":"<p data-start=\"146\" data-end=\"487\"><strong data-start=\"146\" data-end=\"159\">Flower arch<\/strong> on elegantne ja ajatu dekoratsioonielement, mis sobib suurep\u00e4raselt <strong data-start=\"228\" data-end=\"243\">rentimiseks<\/strong> erinevateks pidulikeks s\u00fcndmusteks \u2013 pulmatseremooniad, fotosessioonid, juubelid ja firmapeod. Kaar on valmistatud kvaliteetsetest materjalidest ning selle neutraalne disain v\u00f5imaldab seda h\u00f5lpsasti kohandada vastavalt s\u00fcndmuse teemav\u00e4rvidele.<\/p>\n<p data-start=\"489\" data-end=\"502\"><strong data-start=\"489\" data-end=\"502\">Omadused:<\/strong><\/p>\n<ul data-start=\"503\" data-end=\"725\">\n<li data-start=\"503\" data-end=\"538\">\n<p data-start=\"505\" data-end=\"538\">Rentimiseks saadaval lillekaar.<\/p>\n<\/li>\n<li data-start=\"539\" data-end=\"584\">\n<p data-start=\"541\" data-end=\"584\">Kvaliteetne ja vastupidav konstruktsioon.<\/p>\n<\/li>\n<li data-start=\"585\" data-end=\"623\">\n<p data-start=\"587\" data-end=\"623\">Sobib sise- ja v\u00e4listingimustesse.<\/p>\n<\/li>\n<li data-start=\"624\" data-end=\"663\">\n<p data-start=\"626\" data-end=\"663\">Lihtne transportida ja kokku panna.<\/p>\n<\/li>\n<li data-start=\"664\" data-end=\"725\">\n<p data-start=\"666\" data-end=\"725\">Kohandatav lillede v\u00f5i kangastega vastavalt teie soovile.<\/p>\n<\/li>\n<\/ul>\n<p data-start=\"727\" data-end=\"872\"><strong data-start=\"727\" data-end=\"872\">NB! Lillekaare rentimiseks palume tellimus esitada v\u00e4hemalt 5 p\u00e4eva ette. L\u00fchema t\u00e4htajaga tellimuste puhul tuleb saadavust eraldi kinnitada.<\/strong><\/p>","protected":false},"excerpt":{"rendered":"<p>Lillekaar on elegantne ja ajatu dekoratsioonielement, mis sobib suurep\u00e4raselt rentimiseks erinevateks pidulikeks s\u00fcndmusteks \u2013 pulmatseremooniad, fotosessioonid, juubelid ja firmapeod. Kaar on valmistatud kvaliteetsetest materjalidest ning&#8230;<\/p>","protected":false},"featured_media":293,"comment_status":"open","ping_status":"closed","template":"","meta":[],"etheme_brands":[],"product_brand":[],"product_cat":[29],"product_tag":[],"class_list":{"0":"post-463","1":"product","2":"type-product","3":"status-publish","4":"has-post-thumbnail","6":"product_cat-pulmad","8":"first","9":"instock","10":"taxable","11":"shipping-taxable","12":"purchasable","13":"product-type-simple"},"yoast_head":"<!-- This site is optimized with the Yoast SEO plugin v24.9 - https:\/\/yoast.com\/wordpress\/plugins\/seo\/ -->\n<title>Lillekaar &#8211; Flowers Estonia<\/title>\n<meta name=\"description\" content=\"Rendige elegantne lillekaar Flowers Estonia lillepoest. Ideaalne valik pulmadeks ja pidulikeks s\u00fcndmusteks, et lisada teie p\u00e4evale romantilist h\u00f5ngu.\" \/>\n<meta name=\"robots\" content=\"index, follow, max-snippet:-1, max-image-preview:large, max-video-preview:-1\" \/>\n<link rel=\"canonical\" href=\"https:\/\/flowersestonia.ee\/en\/lillepood\/lillekaar\/\" \/>\n<meta property=\"og:locale\" content=\"en_GB\" \/>\n<meta property=\"og:type\" content=\"article\" \/>\n<meta property=\"og:title\" content=\"Lillekaar &#8211; Flowers Estonia\" \/>\n<meta property=\"og:description\" content=\"Rendige elegantne lillekaar Flowers Estonia lillepoest. Ideaalne valik pulmadeks ja pidulikeks s\u00fcndmusteks, et lisada teie p\u00e4evale romantilist h\u00f5ngu.\" \/>\n<meta property=\"og:url\" content=\"https:\/\/flowersestonia.ee\/en\/lillepood\/lillekaar\/\" \/>\n<meta property=\"og:site_name\" content=\"Flowers Estonia\" \/>\n<meta property=\"article:modified_time\" content=\"2026-04-02T17:30:02+00:00\" \/>\n<meta property=\"og:image\" content=\"https:\/\/flowersestonia.ee\/wp-content\/uploads\/2025\/01\/thumbnail_kazas-dekoracijas-noformesana-floristika-7-1-jpg.webp\" \/>\n\t<meta property=\"og:image:width\" content=\"960\" \/>\n\t<meta property=\"og:image:height\" content=\"1280\" \/>\n\t<meta property=\"og:image:type\" content=\"image\/webp\" \/>\n<meta name=\"twitter:card\" content=\"summary_large_image\" \/>\n<meta name=\"twitter:label1\" content=\"Estimated reading time\" \/>\n\t<meta name=\"twitter:data1\" content=\"1 minute\" \/>\n<script type=\"application\/ld+json\" class=\"yoast-schema-graph\">{\"@context\":\"https:\/\/schema.org\",\"@graph\":[{\"@type\":\"WebPage\",\"@id\":\"https:\/\/flowersestonia.ee\/lillepood\/lillekaar\/\",\"url\":\"https:\/\/flowersestonia.ee\/lillepood\/lillekaar\/\",\"name\":\"Lillekaar &#8211; Flowers Estonia\",\"isPartOf\":{\"@id\":\"https:\/\/flowersestonia.ee\/#website\"},\"primaryImageOfPage\":{\"@id\":\"https:\/\/flowersestonia.ee\/lillepood\/lillekaar\/#primaryimage\"},\"image\":{\"@id\":\"https:\/\/flowersestonia.ee\/lillepood\/lillekaar\/#primaryimage\"},\"thumbnailUrl\":\"https:\/\/flowersestonia.ee\/wp-content\/uploads\/2025\/01\/thumbnail_kazas-dekoracijas-noformesana-floristika-7-1-jpg.webp\",\"datePublished\":\"2025-01-24T13:41:08+00:00\",\"dateModified\":\"2026-04-02T17:30:02+00:00\",\"description\":\"Rendige elegantne lillekaar Flowers Estonia lillepoest. Ideaalne valik pulmadeks ja pidulikeks s\u00fcndmusteks, et lisada teie p\u00e4evale romantilist h\u00f5ngu.\",\"breadcrumb\":{\"@id\":\"https:\/\/flowersestonia.ee\/lillepood\/lillekaar\/#breadcrumb\"},\"inLanguage\":\"en-GB\",\"potentialAction\":[{\"@type\":\"ReadAction\",\"target\":[\"https:\/\/flowersestonia.ee\/lillepood\/lillekaar\/\"]}]},{\"@type\":\"ImageObject\",\"inLanguage\":\"en-GB\",\"@id\":\"https:\/\/flowersestonia.ee\/lillepood\/lillekaar\/#primaryimage\",\"url\":\"https:\/\/flowersestonia.ee\/wp-content\/uploads\/2025\/01\/thumbnail_kazas-dekoracijas-noformesana-floristika-7-1-jpg.webp\",\"contentUrl\":\"https:\/\/flowersestonia.ee\/wp-content\/uploads\/2025\/01\/thumbnail_kazas-dekoracijas-noformesana-floristika-7-1-jpg.webp\",\"width\":960,\"height\":1280},{\"@type\":\"BreadcrumbList\",\"@id\":\"https:\/\/flowersestonia.ee\/lillepood\/lillekaar\/#breadcrumb\",\"itemListElement\":[{\"@type\":\"ListItem\",\"position\":1,\"name\":\"\u0413\u043b\u0430\u0432\u043d\u0430\u044f \u0441\u0442\u0440\u0430\u043d\u0438\u0446\u0430\",\"item\":\"https:\/\/flowersestonia.ee\/\"},{\"@type\":\"ListItem\",\"position\":2,\"name\":\"Tooted\",\"item\":\"https:\/\/flowersestonia.ee\/shop\/\"},{\"@type\":\"ListItem\",\"position\":3,\"name\":\"Lillekaar\"}]},{\"@type\":\"WebSite\",\"@id\":\"https:\/\/flowersestonia.ee\/#website\",\"url\":\"https:\/\/flowersestonia.ee\/\",\"name\":\"Flowers Estonia\",\"description\":\"Lillede m\u00fc\u00fck ja kohaletoimetamine\",\"publisher\":{\"@id\":\"https:\/\/flowersestonia.ee\/#organization\"},\"potentialAction\":[{\"@type\":\"SearchAction\",\"target\":{\"@type\":\"EntryPoint\",\"urlTemplate\":\"https:\/\/flowersestonia.ee\/?s={search_term_string}\"},\"query-input\":{\"@type\":\"PropertyValueSpecification\",\"valueRequired\":true,\"valueName\":\"search_term_string\"}}],\"inLanguage\":\"en-GB\"},{\"@type\":\"Organization\",\"@id\":\"https:\/\/flowersestonia.ee\/#organization\",\"name\":\"Flowers Estonia\",\"url\":\"https:\/\/flowersestonia.ee\/\",\"logo\":{\"@type\":\"ImageObject\",\"inLanguage\":\"en-GB\",\"@id\":\"https:\/\/flowersestonia.ee\/#\/schema\/logo\/image\/\",\"url\":\"https:\/\/flowersestonia.ee\/wp-content\/uploads\/2025\/01\/Frame-1.svg\",\"contentUrl\":\"https:\/\/flowersestonia.ee\/wp-content\/uploads\/2025\/01\/Frame-1.svg\",\"width\":350,\"height\":100,\"caption\":\"Flowers Estonia\"},\"image\":{\"@id\":\"https:\/\/flowersestonia.ee\/#\/schema\/logo\/image\/\"}}]}<\/script>\n<!-- \/ Yoast SEO plugin. -->","yoast_head_json":{"title":"Lillekaar &#8211; Flowers Estonia","description":"Rendige elegantne lillekaar Flowers Estonia lillepoest. Ideaalne valik pulmadeks ja pidulikeks s\u00fcndmusteks, et lisada teie p\u00e4evale romantilist h\u00f5ngu.","robots":{"index":"index","follow":"follow","max-snippet":"max-snippet:-1","max-image-preview":"max-image-preview:large","max-video-preview":"max-video-preview:-1"},"canonical":"https:\/\/flowersestonia.ee\/en\/lillepood\/lillekaar\/","og_locale":"en_GB","og_type":"article","og_title":"Lillekaar &#8211; Flowers Estonia","og_description":"Rendige elegantne lillekaar Flowers Estonia lillepoest. Ideaalne valik pulmadeks ja pidulikeks s\u00fcndmusteks, et lisada teie p\u00e4evale romantilist h\u00f5ngu.","og_url":"https:\/\/flowersestonia.ee\/en\/lillepood\/lillekaar\/","og_site_name":"Flowers Estonia","article_modified_time":"2026-04-02T17:30:02+00:00","og_image":[{"width":960,"height":1280,"url":"https:\/\/flowersestonia.ee\/wp-content\/uploads\/2025\/01\/thumbnail_kazas-dekoracijas-noformesana-floristika-7-1-jpg.webp","type":"image\/webp"}],"twitter_card":"summary_large_image","twitter_misc":{"Estimated reading time":"1 minute"},"schema":{"@context":"https:\/\/schema.org","@graph":[{"@type":"WebPage","@id":"https:\/\/flowersestonia.ee\/lillepood\/lillekaar\/","url":"https:\/\/flowersestonia.ee\/lillepood\/lillekaar\/","name":"Lillekaar &#8211; Flowers Estonia","isPartOf":{"@id":"https:\/\/flowersestonia.ee\/#website"},"primaryImageOfPage":{"@id":"https:\/\/flowersestonia.ee\/lillepood\/lillekaar\/#primaryimage"},"image":{"@id":"https:\/\/flowersestonia.ee\/lillepood\/lillekaar\/#primaryimage"},"thumbnailUrl":"https:\/\/flowersestonia.ee\/wp-content\/uploads\/2025\/01\/thumbnail_kazas-dekoracijas-noformesana-floristika-7-1-jpg.webp","datePublished":"2025-01-24T13:41:08+00:00","dateModified":"2026-04-02T17:30:02+00:00","description":"Rendige elegantne lillekaar Flowers Estonia lillepoest. Ideaalne valik pulmadeks ja pidulikeks s\u00fcndmusteks, et lisada teie p\u00e4evale romantilist h\u00f5ngu.","breadcrumb":{"@id":"https:\/\/flowersestonia.ee\/lillepood\/lillekaar\/#breadcrumb"},"inLanguage":"en-GB","potentialAction":[{"@type":"ReadAction","target":["https:\/\/flowersestonia.ee\/lillepood\/lillekaar\/"]}]},{"@type":"ImageObject","inLanguage":"en-GB","@id":"https:\/\/flowersestonia.ee\/lillepood\/lillekaar\/#primaryimage","url":"https:\/\/flowersestonia.ee\/wp-content\/uploads\/2025\/01\/thumbnail_kazas-dekoracijas-noformesana-floristika-7-1-jpg.webp","contentUrl":"https:\/\/flowersestonia.ee\/wp-content\/uploads\/2025\/01\/thumbnail_kazas-dekoracijas-noformesana-floristika-7-1-jpg.webp","width":960,"height":1280},{"@type":"BreadcrumbList","@id":"https:\/\/flowersestonia.ee\/lillepood\/lillekaar\/#breadcrumb","itemListElement":[{"@type":"ListItem","position":1,"name":"\u0413\u043b\u0430\u0432\u043d\u0430\u044f \u0441\u0442\u0440\u0430\u043d\u0438\u0446\u0430","item":"https:\/\/flowersestonia.ee\/"},{"@type":"ListItem","position":2,"name":"Tooted","item":"https:\/\/flowersestonia.ee\/shop\/"},{"@type":"ListItem","position":3,"name":"Lillekaar"}]},{"@type":"WebSite","@id":"https:\/\/flowersestonia.ee\/#website","url":"https:\/\/flowersestonia.ee\/","name":"Flowers Estonia","description":"Lillede m\u00fc\u00fck ja kohaletoimetamine","publisher":{"@id":"https:\/\/flowersestonia.ee\/#organization"},"potentialAction":[{"@type":"SearchAction","target":{"@type":"EntryPoint","urlTemplate":"https:\/\/flowersestonia.ee\/?s={search_term_string}"},"query-input":{"@type":"PropertyValueSpecification","valueRequired":true,"valueName":"search_term_string"}}],"inLanguage":"en-GB"},{"@type":"Organization","@id":"https:\/\/flowersestonia.ee\/#organization","name":"Flowers Estonia","url":"https:\/\/flowersestonia.ee\/","logo":{"@type":"ImageObject","inLanguage":"en-GB","@id":"https:\/\/flowersestonia.ee\/#\/schema\/logo\/image\/","url":"https:\/\/flowersestonia.ee\/wp-content\/uploads\/2025\/01\/Frame-1.svg","contentUrl":"https:\/\/flowersestonia.ee\/wp-content\/uploads\/2025\/01\/Frame-1.svg","width":350,"height":100,"caption":"Flowers Estonia"},"image":{"@id":"https:\/\/flowersestonia.ee\/#\/schema\/logo\/image\/"}}]}},"_links":{"self":[{"href":"https:\/\/flowersestonia.ee\/en\/wp-json\/wp\/v2\/product\/463","targetHints":{"allow":["GET"]}}],"collection":[{"href":"https:\/\/flowersestonia.ee\/en\/wp-json\/wp\/v2\/product"}],"about":[{"href":"https:\/\/flowersestonia.ee\/en\/wp-json\/wp\/v2\/types\/product"}],"replies":[{"embeddable":true,"href":"https:\/\/flowersestonia.ee\/en\/wp-json\/wp\/v2\/comments?post=463"}],"version-history":[{"count":4,"href":"https:\/\/flowersestonia.ee\/en\/wp-json\/wp\/v2\/product\/463\/revisions"}],"predecessor-version":[{"id":2507,"href":"https:\/\/flowersestonia.ee\/en\/wp-json\/wp\/v2\/product\/463\/revisions\/2507"}],"wp:featuredmedia":[{"embeddable":true,"href":"https:\/\/flowersestonia.ee\/en\/wp-json\/wp\/v2\/media\/293"}],"wp:attachment":[{"href":"https:\/\/flowersestonia.ee\/en\/wp-json\/wp\/v2\/media?parent=463"}],"wp:term":[{"taxonomy":"brand","embeddable":true,"href":"https:\/\/flowersestonia.ee\/en\/wp-json\/wp\/v2\/etheme_brands?post=463"},{"taxonomy":"product_brand","embeddable":true,"href":"https:\/\/flowersestonia.ee\/en\/wp-json\/wp\/v2\/product_brand?post=463"},{"taxonomy":"product_cat","embeddable":true,"href":"https:\/\/flowersestonia.ee\/en\/wp-json\/wp\/v2\/product_cat?post=463"},{"taxonomy":"product_tag","embeddable":true,"href":"https:\/\/flowersestonia.ee\/en\/wp-json\/wp\/v2\/product_tag?post=463"}],"curies":[{"name":"wp","href":"https:\/\/api.w.org\/{rel}","templated":true}]}}