{"id":324,"date":"2025-01-22T14:06:01","date_gmt":"2025-01-22T14:06:01","guid":{"rendered":"https:\/\/flowersestonia.ee\/?post_type=product&#038;p=324"},"modified":"2025-01-22T14:06:25","modified_gmt":"2025-01-22T14:06:25","slug":"giant-bear","status":"publish","type":"product","link":"https:\/\/flowersestonia.ee\/en\/lillepood\/giant-bear\/","title":{"rendered":"Giant bear"},"content":{"rendered":"<p>Suur pehme karu, ideaalne kingitus armastusele. Pehme ja s\u00f5bralik, sobib igaks erilist hetkeks.<\/p>","protected":false},"excerpt":{"rendered":"<p>Suur pehme karu, ideaalne kingitus armastusele. Pehme ja s\u00f5bralik, sobib igaks erilist hetkeks.<\/p>","protected":false},"featured_media":325,"comment_status":"open","ping_status":"closed","template":"","meta":[],"etheme_brands":[],"product_brand":[],"product_cat":[28],"product_tag":[],"class_list":{"0":"post-324","1":"product","2":"type-product","3":"status-publish","4":"has-post-thumbnail","6":"product_cat-kingitused","8":"first","9":"instock","10":"taxable","11":"shipping-taxable","12":"purchasable","13":"product-type-simple"},"yoast_head":"<!-- This site is optimized with the Yoast SEO plugin v24.9 - https:\/\/yoast.com\/wordpress\/plugins\/seo\/ -->\n<title>Giant bear &#8211; Flowers Estonia<\/title>\n<meta name=\"description\" content=\"Luksuslik suur pehme karu, t\u00e4iuslik kingitus kallimale v\u00f5i s\u00f5brale erilistel puhkudel.\" \/>\n<meta name=\"robots\" content=\"index, follow, max-snippet:-1, max-image-preview:large, max-video-preview:-1\" \/>\n<link rel=\"canonical\" href=\"https:\/\/flowersestonia.ee\/en\/lillepood\/giant-bear\/\" \/>\n<meta property=\"og:locale\" content=\"en_GB\" \/>\n<meta property=\"og:type\" content=\"article\" \/>\n<meta property=\"og:title\" content=\"Giant bear &#8211; Flowers Estonia\" \/>\n<meta property=\"og:description\" content=\"Luksuslik suur pehme karu, t\u00e4iuslik kingitus kallimale v\u00f5i s\u00f5brale erilistel puhkudel.\" \/>\n<meta property=\"og:url\" content=\"https:\/\/flowersestonia.ee\/en\/lillepood\/giant-bear\/\" \/>\n<meta property=\"og:site_name\" content=\"Flowers Estonia\" \/>\n<meta property=\"article:modified_time\" content=\"2025-01-22T14:06:25+00:00\" \/>\n<meta property=\"og:image\" content=\"https:\/\/flowersestonia.ee\/wp-content\/uploads\/2025\/01\/1736497724_32070839.webp\" \/>\n\t<meta property=\"og:image:width\" content=\"1000\" \/>\n\t<meta property=\"og:image:height\" content=\"1000\" \/>\n\t<meta property=\"og:image:type\" content=\"image\/jpeg\" \/>\n<meta name=\"twitter:card\" content=\"summary_large_image\" \/>\n<meta name=\"twitter:label1\" content=\"Estimated reading time\" \/>\n\t<meta name=\"twitter:data1\" content=\"1 minute\" \/>\n<script type=\"application\/ld+json\" class=\"yoast-schema-graph\">{\"@context\":\"https:\/\/schema.org\",\"@graph\":[{\"@type\":\"WebPage\",\"@id\":\"https:\/\/flowersestonia.ee\/lillepood\/giant-bear\/\",\"url\":\"https:\/\/flowersestonia.ee\/lillepood\/giant-bear\/\",\"name\":\"Giant bear &#8211; Flowers Estonia\",\"isPartOf\":{\"@id\":\"https:\/\/flowersestonia.ee\/#website\"},\"primaryImageOfPage\":{\"@id\":\"https:\/\/flowersestonia.ee\/lillepood\/giant-bear\/#primaryimage\"},\"image\":{\"@id\":\"https:\/\/flowersestonia.ee\/lillepood\/giant-bear\/#primaryimage\"},\"thumbnailUrl\":\"https:\/\/flowersestonia.ee\/wp-content\/uploads\/2025\/01\/1736497724_32070839.webp\",\"datePublished\":\"2025-01-22T14:06:01+00:00\",\"dateModified\":\"2025-01-22T14:06:25+00:00\",\"description\":\"Luksuslik suur pehme karu, t\u00e4iuslik kingitus kallimale v\u00f5i s\u00f5brale erilistel puhkudel.\",\"breadcrumb\":{\"@id\":\"https:\/\/flowersestonia.ee\/lillepood\/giant-bear\/#breadcrumb\"},\"inLanguage\":\"en-GB\",\"potentialAction\":[{\"@type\":\"ReadAction\",\"target\":[\"https:\/\/flowersestonia.ee\/lillepood\/giant-bear\/\"]}]},{\"@type\":\"ImageObject\",\"inLanguage\":\"en-GB\",\"@id\":\"https:\/\/flowersestonia.ee\/lillepood\/giant-bear\/#primaryimage\",\"url\":\"https:\/\/flowersestonia.ee\/wp-content\/uploads\/2025\/01\/1736497724_32070839.webp\",\"contentUrl\":\"https:\/\/flowersestonia.ee\/wp-content\/uploads\/2025\/01\/1736497724_32070839.webp\",\"width\":1000,\"height\":1000,\"caption\":\"Giant bear\"},{\"@type\":\"BreadcrumbList\",\"@id\":\"https:\/\/flowersestonia.ee\/lillepood\/giant-bear\/#breadcrumb\",\"itemListElement\":[{\"@type\":\"ListItem\",\"position\":1,\"name\":\"\u0413\u043b\u0430\u0432\u043d\u0430\u044f \u0441\u0442\u0440\u0430\u043d\u0438\u0446\u0430\",\"item\":\"https:\/\/flowersestonia.ee\/\"},{\"@type\":\"ListItem\",\"position\":2,\"name\":\"Tooted\",\"item\":\"https:\/\/flowersestonia.ee\/shop\/\"},{\"@type\":\"ListItem\",\"position\":3,\"name\":\"Giant bear\"}]},{\"@type\":\"WebSite\",\"@id\":\"https:\/\/flowersestonia.ee\/#website\",\"url\":\"https:\/\/flowersestonia.ee\/\",\"name\":\"Flowers Estonia\",\"description\":\"Lillede m\u00fc\u00fck ja kohaletoimetamine\",\"publisher\":{\"@id\":\"https:\/\/flowersestonia.ee\/#organization\"},\"potentialAction\":[{\"@type\":\"SearchAction\",\"target\":{\"@type\":\"EntryPoint\",\"urlTemplate\":\"https:\/\/flowersestonia.ee\/?s={search_term_string}\"},\"query-input\":{\"@type\":\"PropertyValueSpecification\",\"valueRequired\":true,\"valueName\":\"search_term_string\"}}],\"inLanguage\":\"en-GB\"},{\"@type\":\"Organization\",\"@id\":\"https:\/\/flowersestonia.ee\/#organization\",\"name\":\"Flowers Estonia\",\"url\":\"https:\/\/flowersestonia.ee\/\",\"logo\":{\"@type\":\"ImageObject\",\"inLanguage\":\"en-GB\",\"@id\":\"https:\/\/flowersestonia.ee\/#\/schema\/logo\/image\/\",\"url\":\"https:\/\/flowersestonia.ee\/wp-content\/uploads\/2025\/01\/Frame-1.svg\",\"contentUrl\":\"https:\/\/flowersestonia.ee\/wp-content\/uploads\/2025\/01\/Frame-1.svg\",\"width\":350,\"height\":100,\"caption\":\"Flowers Estonia\"},\"image\":{\"@id\":\"https:\/\/flowersestonia.ee\/#\/schema\/logo\/image\/\"}}]}<\/script>\n<!-- \/ Yoast SEO plugin. -->","yoast_head_json":{"title":"Giant bear &#8211; Flowers Estonia","description":"Luksuslik suur pehme karu, t\u00e4iuslik kingitus kallimale v\u00f5i s\u00f5brale erilistel puhkudel.","robots":{"index":"index","follow":"follow","max-snippet":"max-snippet:-1","max-image-preview":"max-image-preview:large","max-video-preview":"max-video-preview:-1"},"canonical":"https:\/\/flowersestonia.ee\/en\/lillepood\/giant-bear\/","og_locale":"en_GB","og_type":"article","og_title":"Giant bear &#8211; Flowers Estonia","og_description":"Luksuslik suur pehme karu, t\u00e4iuslik kingitus kallimale v\u00f5i s\u00f5brale erilistel puhkudel.","og_url":"https:\/\/flowersestonia.ee\/en\/lillepood\/giant-bear\/","og_site_name":"Flowers Estonia","article_modified_time":"2025-01-22T14:06:25+00:00","og_image":[{"width":1000,"height":1000,"url":"https:\/\/flowersestonia.ee\/wp-content\/uploads\/2025\/01\/1736497724_32070839.webp","type":"image\/jpeg"}],"twitter_card":"summary_large_image","twitter_misc":{"Estimated reading time":"1 minute"},"schema":{"@context":"https:\/\/schema.org","@graph":[{"@type":"WebPage","@id":"https:\/\/flowersestonia.ee\/lillepood\/giant-bear\/","url":"https:\/\/flowersestonia.ee\/lillepood\/giant-bear\/","name":"Giant bear &#8211; Flowers Estonia","isPartOf":{"@id":"https:\/\/flowersestonia.ee\/#website"},"primaryImageOfPage":{"@id":"https:\/\/flowersestonia.ee\/lillepood\/giant-bear\/#primaryimage"},"image":{"@id":"https:\/\/flowersestonia.ee\/lillepood\/giant-bear\/#primaryimage"},"thumbnailUrl":"https:\/\/flowersestonia.ee\/wp-content\/uploads\/2025\/01\/1736497724_32070839.webp","datePublished":"2025-01-22T14:06:01+00:00","dateModified":"2025-01-22T14:06:25+00:00","description":"Luksuslik suur pehme karu, t\u00e4iuslik kingitus kallimale v\u00f5i s\u00f5brale erilistel puhkudel.","breadcrumb":{"@id":"https:\/\/flowersestonia.ee\/lillepood\/giant-bear\/#breadcrumb"},"inLanguage":"en-GB","potentialAction":[{"@type":"ReadAction","target":["https:\/\/flowersestonia.ee\/lillepood\/giant-bear\/"]}]},{"@type":"ImageObject","inLanguage":"en-GB","@id":"https:\/\/flowersestonia.ee\/lillepood\/giant-bear\/#primaryimage","url":"https:\/\/flowersestonia.ee\/wp-content\/uploads\/2025\/01\/1736497724_32070839.webp","contentUrl":"https:\/\/flowersestonia.ee\/wp-content\/uploads\/2025\/01\/1736497724_32070839.webp","width":1000,"height":1000,"caption":"Giant bear"},{"@type":"BreadcrumbList","@id":"https:\/\/flowersestonia.ee\/lillepood\/giant-bear\/#breadcrumb","itemListElement":[{"@type":"ListItem","position":1,"name":"\u0413\u043b\u0430\u0432\u043d\u0430\u044f \u0441\u0442\u0440\u0430\u043d\u0438\u0446\u0430","item":"https:\/\/flowersestonia.ee\/"},{"@type":"ListItem","position":2,"name":"Tooted","item":"https:\/\/flowersestonia.ee\/shop\/"},{"@type":"ListItem","position":3,"name":"Giant bear"}]},{"@type":"WebSite","@id":"https:\/\/flowersestonia.ee\/#website","url":"https:\/\/flowersestonia.ee\/","name":"Flowers Estonia","description":"Lillede m\u00fc\u00fck ja kohaletoimetamine","publisher":{"@id":"https:\/\/flowersestonia.ee\/#organization"},"potentialAction":[{"@type":"SearchAction","target":{"@type":"EntryPoint","urlTemplate":"https:\/\/flowersestonia.ee\/?s={search_term_string}"},"query-input":{"@type":"PropertyValueSpecification","valueRequired":true,"valueName":"search_term_string"}}],"inLanguage":"en-GB"},{"@type":"Organization","@id":"https:\/\/flowersestonia.ee\/#organization","name":"Flowers Estonia","url":"https:\/\/flowersestonia.ee\/","logo":{"@type":"ImageObject","inLanguage":"en-GB","@id":"https:\/\/flowersestonia.ee\/#\/schema\/logo\/image\/","url":"https:\/\/flowersestonia.ee\/wp-content\/uploads\/2025\/01\/Frame-1.svg","contentUrl":"https:\/\/flowersestonia.ee\/wp-content\/uploads\/2025\/01\/Frame-1.svg","width":350,"height":100,"caption":"Flowers Estonia"},"image":{"@id":"https:\/\/flowersestonia.ee\/#\/schema\/logo\/image\/"}}]}},"_links":{"self":[{"href":"https:\/\/flowersestonia.ee\/en\/wp-json\/wp\/v2\/product\/324","targetHints":{"allow":["GET"]}}],"collection":[{"href":"https:\/\/flowersestonia.ee\/en\/wp-json\/wp\/v2\/product"}],"about":[{"href":"https:\/\/flowersestonia.ee\/en\/wp-json\/wp\/v2\/types\/product"}],"replies":[{"embeddable":true,"href":"https:\/\/flowersestonia.ee\/en\/wp-json\/wp\/v2\/comments?post=324"}],"version-history":[{"count":1,"href":"https:\/\/flowersestonia.ee\/en\/wp-json\/wp\/v2\/product\/324\/revisions"}],"predecessor-version":[{"id":328,"href":"https:\/\/flowersestonia.ee\/en\/wp-json\/wp\/v2\/product\/324\/revisions\/328"}],"wp:featuredmedia":[{"embeddable":true,"href":"https:\/\/flowersestonia.ee\/en\/wp-json\/wp\/v2\/media\/325"}],"wp:attachment":[{"href":"https:\/\/flowersestonia.ee\/en\/wp-json\/wp\/v2\/media?parent=324"}],"wp:term":[{"taxonomy":"brand","embeddable":true,"href":"https:\/\/flowersestonia.ee\/en\/wp-json\/wp\/v2\/etheme_brands?post=324"},{"taxonomy":"product_brand","embeddable":true,"href":"https:\/\/flowersestonia.ee\/en\/wp-json\/wp\/v2\/product_brand?post=324"},{"taxonomy":"product_cat","embeddable":true,"href":"https:\/\/flowersestonia.ee\/en\/wp-json\/wp\/v2\/product_cat?post=324"},{"taxonomy":"product_tag","embeddable":true,"href":"https:\/\/flowersestonia.ee\/en\/wp-json\/wp\/v2\/product_tag?post=324"}],"curies":[{"name":"wp","href":"https:\/\/api.w.org\/{rel}","templated":true}]}}