{"id":2946,"date":"2025-12-04T16:15:26","date_gmt":"2025-12-04T13:15:26","guid":{"rendered":"https:\/\/flowersestonia.ee\/?post_type=product&#038;p=2946"},"modified":"2026-03-06T19:14:39","modified_gmt":"2026-03-06T16:14:39","slug":"joulupuu","status":"publish","type":"product","link":"https:\/\/flowersestonia.ee\/en\/lillepood\/joulupuu\/","title":{"rendered":"J\u00f5ulupuu"},"content":{"rendered":"<p data-path-to-node=\"3\">Sinu p\u00fchade peamine s\u00fcmbol! Meie <b>kaunistame iga j\u00f5ulupuu k\u00e4sitsi<\/b> ja suure hoolega.<\/p>\n<p data-path-to-node=\"4\"><b>\u2728 Ainulaadne Kaunistus:<\/b> Arvestades k\u00e4sit\u00f6\u00f6 iseloomu, <b>v\u00f5ib dekoor fotol esitatust veidi erineda<\/b>. Sinu puu on seega ainulaadne!<\/p>\n<p data-path-to-node=\"5\"><b>\ud83c\udfa8 Dekoori V\u00e4rvid:<\/b> Saadaval on kolm luksuslikku v\u00e4rvigammat: <b>Punane, Sinine ja Kuldne<\/b>.<\/p>\n<p data-path-to-node=\"6\"><b>\u26a0\ufe0f T\u00c4HTIS:<\/b> Palun <b>m\u00e4rgi soovitud dekoori v\u00e4rv tellimuse kommentaaridesse<\/b>.<\/p>","protected":false},"excerpt":{"rendered":"<p>Sinu p\u00fchade peamine s\u00fcmbol! Meie kaunistame iga j\u00f5ulupuu k\u00e4sitsi ja suure hoolega. \u2728 Ainulaadne Kaunistus: Arvestades k\u00e4sit\u00f6\u00f6 iseloomu, v\u00f5ib dekoor fotol esitatust veidi erineda. Sinu&#8230;<\/p>","protected":false},"featured_media":2947,"comment_status":"open","ping_status":"closed","template":"","meta":[],"etheme_brands":[],"product_brand":[],"product_cat":[25],"product_tag":[],"class_list":{"0":"post-2946","1":"product","2":"type-product","3":"status-publish","4":"has-post-thumbnail","6":"product_cat-talvekimbud","8":"first","9":"outofstock","10":"taxable","11":"shipping-taxable","12":"purchasable","13":"product-type-simple"},"yoast_head":"<!-- This site is optimized with the Yoast SEO plugin v24.9 - https:\/\/yoast.com\/wordpress\/plugins\/seo\/ -->\n<title>J\u00f5ulupuu &#8211; Flowers Estonia<\/title>\n<meta name=\"description\" content=\"Telli kaunistatud j\u00f5ulupuu koju! K\u00e4sitsi dekoreeritud elav j\u00f5ulukuusk toob koju imelise aroomi. Vali dekoratsioon Punane, Sinine v\u00f5i Kuldne. Kiire tarne.\" \/>\n<meta name=\"robots\" content=\"index, follow, max-snippet:-1, max-image-preview:large, max-video-preview:-1\" \/>\n<link rel=\"canonical\" href=\"https:\/\/flowersestonia.ee\/en\/lillepood\/joulupuu\/\" \/>\n<meta property=\"og:locale\" content=\"en_GB\" \/>\n<meta property=\"og:type\" content=\"article\" \/>\n<meta property=\"og:title\" content=\"J\u00f5ulupuu &#8211; Flowers Estonia\" \/>\n<meta property=\"og:description\" content=\"Telli kaunistatud j\u00f5ulupuu koju! K\u00e4sitsi dekoreeritud elav j\u00f5ulukuusk toob koju imelise aroomi. Vali dekoratsioon Punane, Sinine v\u00f5i Kuldne. Kiire tarne.\" \/>\n<meta property=\"og:url\" content=\"https:\/\/flowersestonia.ee\/en\/lillepood\/joulupuu\/\" \/>\n<meta property=\"og:site_name\" content=\"Flowers Estonia\" \/>\n<meta property=\"article:modified_time\" content=\"2026-03-06T16:14:39+00:00\" \/>\n<meta property=\"og:image\" content=\"https:\/\/flowersestonia.ee\/wp-content\/uploads\/2025\/12\/photo_2025-12-04_15-11-32.webp\" \/>\n\t<meta property=\"og:image:width\" content=\"960\" \/>\n\t<meta property=\"og:image:height\" content=\"1280\" \/>\n\t<meta property=\"og:image:type\" content=\"image\/jpeg\" \/>\n<meta name=\"twitter:card\" content=\"summary_large_image\" \/>\n<script type=\"application\/ld+json\" class=\"yoast-schema-graph\">{\"@context\":\"https:\/\/schema.org\",\"@graph\":[{\"@type\":\"WebPage\",\"@id\":\"https:\/\/flowersestonia.ee\/lillepood\/joulupuu\/\",\"url\":\"https:\/\/flowersestonia.ee\/lillepood\/joulupuu\/\",\"name\":\"J\u00f5ulupuu &#8211; Flowers Estonia\",\"isPartOf\":{\"@id\":\"https:\/\/flowersestonia.ee\/#website\"},\"primaryImageOfPage\":{\"@id\":\"https:\/\/flowersestonia.ee\/lillepood\/joulupuu\/#primaryimage\"},\"image\":{\"@id\":\"https:\/\/flowersestonia.ee\/lillepood\/joulupuu\/#primaryimage\"},\"thumbnailUrl\":\"https:\/\/flowersestonia.ee\/wp-content\/uploads\/2025\/12\/photo_2025-12-04_15-11-32.webp\",\"datePublished\":\"2025-12-04T13:15:26+00:00\",\"dateModified\":\"2026-03-06T16:14:39+00:00\",\"description\":\"Telli kaunistatud j\u00f5ulupuu koju! K\u00e4sitsi dekoreeritud elav j\u00f5ulukuusk toob koju imelise aroomi. Vali dekoratsioon Punane, Sinine v\u00f5i Kuldne. Kiire tarne.\",\"breadcrumb\":{\"@id\":\"https:\/\/flowersestonia.ee\/lillepood\/joulupuu\/#breadcrumb\"},\"inLanguage\":\"en-GB\",\"potentialAction\":[{\"@type\":\"ReadAction\",\"target\":[\"https:\/\/flowersestonia.ee\/lillepood\/joulupuu\/\"]}]},{\"@type\":\"ImageObject\",\"inLanguage\":\"en-GB\",\"@id\":\"https:\/\/flowersestonia.ee\/lillepood\/joulupuu\/#primaryimage\",\"url\":\"https:\/\/flowersestonia.ee\/wp-content\/uploads\/2025\/12\/photo_2025-12-04_15-11-32.webp\",\"contentUrl\":\"https:\/\/flowersestonia.ee\/wp-content\/uploads\/2025\/12\/photo_2025-12-04_15-11-32.webp\",\"width\":960,\"height\":1280},{\"@type\":\"BreadcrumbList\",\"@id\":\"https:\/\/flowersestonia.ee\/lillepood\/joulupuu\/#breadcrumb\",\"itemListElement\":[{\"@type\":\"ListItem\",\"position\":1,\"name\":\"\u0413\u043b\u0430\u0432\u043d\u0430\u044f \u0441\u0442\u0440\u0430\u043d\u0438\u0446\u0430\",\"item\":\"https:\/\/flowersestonia.ee\/\"},{\"@type\":\"ListItem\",\"position\":2,\"name\":\"Tooted\",\"item\":\"https:\/\/flowersestonia.ee\/shop\/\"},{\"@type\":\"ListItem\",\"position\":3,\"name\":\"J\u00f5ulupuu\"}]},{\"@type\":\"WebSite\",\"@id\":\"https:\/\/flowersestonia.ee\/#website\",\"url\":\"https:\/\/flowersestonia.ee\/\",\"name\":\"Flowers Estonia\",\"description\":\"Lillede m\u00fc\u00fck ja kohaletoimetamine\",\"publisher\":{\"@id\":\"https:\/\/flowersestonia.ee\/#organization\"},\"potentialAction\":[{\"@type\":\"SearchAction\",\"target\":{\"@type\":\"EntryPoint\",\"urlTemplate\":\"https:\/\/flowersestonia.ee\/?s={search_term_string}\"},\"query-input\":{\"@type\":\"PropertyValueSpecification\",\"valueRequired\":true,\"valueName\":\"search_term_string\"}}],\"inLanguage\":\"en-GB\"},{\"@type\":\"Organization\",\"@id\":\"https:\/\/flowersestonia.ee\/#organization\",\"name\":\"Flowers Estonia\",\"url\":\"https:\/\/flowersestonia.ee\/\",\"logo\":{\"@type\":\"ImageObject\",\"inLanguage\":\"en-GB\",\"@id\":\"https:\/\/flowersestonia.ee\/#\/schema\/logo\/image\/\",\"url\":\"https:\/\/flowersestonia.ee\/wp-content\/uploads\/2025\/01\/Frame-1.svg\",\"contentUrl\":\"https:\/\/flowersestonia.ee\/wp-content\/uploads\/2025\/01\/Frame-1.svg\",\"width\":350,\"height\":100,\"caption\":\"Flowers Estonia\"},\"image\":{\"@id\":\"https:\/\/flowersestonia.ee\/#\/schema\/logo\/image\/\"}}]}<\/script>\n<!-- \/ Yoast SEO plugin. -->","yoast_head_json":{"title":"J\u00f5ulupuu &#8211; Flowers Estonia","description":"Telli kaunistatud j\u00f5ulupuu koju! K\u00e4sitsi dekoreeritud elav j\u00f5ulukuusk toob koju imelise aroomi. Vali dekoratsioon Punane, Sinine v\u00f5i Kuldne. Kiire tarne.","robots":{"index":"index","follow":"follow","max-snippet":"max-snippet:-1","max-image-preview":"max-image-preview:large","max-video-preview":"max-video-preview:-1"},"canonical":"https:\/\/flowersestonia.ee\/en\/lillepood\/joulupuu\/","og_locale":"en_GB","og_type":"article","og_title":"J\u00f5ulupuu &#8211; Flowers Estonia","og_description":"Telli kaunistatud j\u00f5ulupuu koju! K\u00e4sitsi dekoreeritud elav j\u00f5ulukuusk toob koju imelise aroomi. Vali dekoratsioon Punane, Sinine v\u00f5i Kuldne. Kiire tarne.","og_url":"https:\/\/flowersestonia.ee\/en\/lillepood\/joulupuu\/","og_site_name":"Flowers Estonia","article_modified_time":"2026-03-06T16:14:39+00:00","og_image":[{"width":960,"height":1280,"url":"https:\/\/flowersestonia.ee\/wp-content\/uploads\/2025\/12\/photo_2025-12-04_15-11-32.webp","type":"image\/jpeg"}],"twitter_card":"summary_large_image","schema":{"@context":"https:\/\/schema.org","@graph":[{"@type":"WebPage","@id":"https:\/\/flowersestonia.ee\/lillepood\/joulupuu\/","url":"https:\/\/flowersestonia.ee\/lillepood\/joulupuu\/","name":"J\u00f5ulupuu &#8211; Flowers Estonia","isPartOf":{"@id":"https:\/\/flowersestonia.ee\/#website"},"primaryImageOfPage":{"@id":"https:\/\/flowersestonia.ee\/lillepood\/joulupuu\/#primaryimage"},"image":{"@id":"https:\/\/flowersestonia.ee\/lillepood\/joulupuu\/#primaryimage"},"thumbnailUrl":"https:\/\/flowersestonia.ee\/wp-content\/uploads\/2025\/12\/photo_2025-12-04_15-11-32.webp","datePublished":"2025-12-04T13:15:26+00:00","dateModified":"2026-03-06T16:14:39+00:00","description":"Telli kaunistatud j\u00f5ulupuu koju! K\u00e4sitsi dekoreeritud elav j\u00f5ulukuusk toob koju imelise aroomi. Vali dekoratsioon Punane, Sinine v\u00f5i Kuldne. Kiire tarne.","breadcrumb":{"@id":"https:\/\/flowersestonia.ee\/lillepood\/joulupuu\/#breadcrumb"},"inLanguage":"en-GB","potentialAction":[{"@type":"ReadAction","target":["https:\/\/flowersestonia.ee\/lillepood\/joulupuu\/"]}]},{"@type":"ImageObject","inLanguage":"en-GB","@id":"https:\/\/flowersestonia.ee\/lillepood\/joulupuu\/#primaryimage","url":"https:\/\/flowersestonia.ee\/wp-content\/uploads\/2025\/12\/photo_2025-12-04_15-11-32.webp","contentUrl":"https:\/\/flowersestonia.ee\/wp-content\/uploads\/2025\/12\/photo_2025-12-04_15-11-32.webp","width":960,"height":1280},{"@type":"BreadcrumbList","@id":"https:\/\/flowersestonia.ee\/lillepood\/joulupuu\/#breadcrumb","itemListElement":[{"@type":"ListItem","position":1,"name":"\u0413\u043b\u0430\u0432\u043d\u0430\u044f \u0441\u0442\u0440\u0430\u043d\u0438\u0446\u0430","item":"https:\/\/flowersestonia.ee\/"},{"@type":"ListItem","position":2,"name":"Tooted","item":"https:\/\/flowersestonia.ee\/shop\/"},{"@type":"ListItem","position":3,"name":"J\u00f5ulupuu"}]},{"@type":"WebSite","@id":"https:\/\/flowersestonia.ee\/#website","url":"https:\/\/flowersestonia.ee\/","name":"Flowers Estonia","description":"Lillede m\u00fc\u00fck ja kohaletoimetamine","publisher":{"@id":"https:\/\/flowersestonia.ee\/#organization"},"potentialAction":[{"@type":"SearchAction","target":{"@type":"EntryPoint","urlTemplate":"https:\/\/flowersestonia.ee\/?s={search_term_string}"},"query-input":{"@type":"PropertyValueSpecification","valueRequired":true,"valueName":"search_term_string"}}],"inLanguage":"en-GB"},{"@type":"Organization","@id":"https:\/\/flowersestonia.ee\/#organization","name":"Flowers Estonia","url":"https:\/\/flowersestonia.ee\/","logo":{"@type":"ImageObject","inLanguage":"en-GB","@id":"https:\/\/flowersestonia.ee\/#\/schema\/logo\/image\/","url":"https:\/\/flowersestonia.ee\/wp-content\/uploads\/2025\/01\/Frame-1.svg","contentUrl":"https:\/\/flowersestonia.ee\/wp-content\/uploads\/2025\/01\/Frame-1.svg","width":350,"height":100,"caption":"Flowers Estonia"},"image":{"@id":"https:\/\/flowersestonia.ee\/#\/schema\/logo\/image\/"}}]}},"_links":{"self":[{"href":"https:\/\/flowersestonia.ee\/en\/wp-json\/wp\/v2\/product\/2946","targetHints":{"allow":["GET"]}}],"collection":[{"href":"https:\/\/flowersestonia.ee\/en\/wp-json\/wp\/v2\/product"}],"about":[{"href":"https:\/\/flowersestonia.ee\/en\/wp-json\/wp\/v2\/types\/product"}],"replies":[{"embeddable":true,"href":"https:\/\/flowersestonia.ee\/en\/wp-json\/wp\/v2\/comments?post=2946"}],"version-history":[{"count":1,"href":"https:\/\/flowersestonia.ee\/en\/wp-json\/wp\/v2\/product\/2946\/revisions"}],"predecessor-version":[{"id":2950,"href":"https:\/\/flowersestonia.ee\/en\/wp-json\/wp\/v2\/product\/2946\/revisions\/2950"}],"wp:featuredmedia":[{"embeddable":true,"href":"https:\/\/flowersestonia.ee\/en\/wp-json\/wp\/v2\/media\/2947"}],"wp:attachment":[{"href":"https:\/\/flowersestonia.ee\/en\/wp-json\/wp\/v2\/media?parent=2946"}],"wp:term":[{"taxonomy":"brand","embeddable":true,"href":"https:\/\/flowersestonia.ee\/en\/wp-json\/wp\/v2\/etheme_brands?post=2946"},{"taxonomy":"product_brand","embeddable":true,"href":"https:\/\/flowersestonia.ee\/en\/wp-json\/wp\/v2\/product_brand?post=2946"},{"taxonomy":"product_cat","embeddable":true,"href":"https:\/\/flowersestonia.ee\/en\/wp-json\/wp\/v2\/product_cat?post=2946"},{"taxonomy":"product_tag","embeddable":true,"href":"https:\/\/flowersestonia.ee\/en\/wp-json\/wp\/v2\/product_tag?post=2946"}],"curies":[{"name":"wp","href":"https:\/\/api.w.org\/{rel}","templated":true}]}}