{"id":2350,"date":"2025-05-03T15:21:15","date_gmt":"2025-05-03T12:21:15","guid":{"rendered":"https:\/\/flowersestonia.ee\/?post_type=product&#038;p=2350"},"modified":"2026-02-09T12:29:09","modified_gmt":"2026-02-09T09:29:09","slug":"101-valge-roosat-roosi","status":"publish","type":"product","link":"https:\/\/flowersestonia.ee\/en\/lillepood\/101-valge-roosat-roosi\/","title":{"rendered":"101 valge-roosat roosi"},"content":{"rendered":"<p>Kimp sobib suurep\u00e4raselt s\u00fcnnip\u00e4evaks, t\u00e4htp\u00e4evaks, emadep\u00e4evaks v\u00f5i lihtsalt \u00fcllatuseks kallimale. Iga roos on v\u00e4rskelt l\u00f5igatud ja hoolikalt seotud, et pakkuda maksimaalset ilu ja kestvust.<\/p>","protected":false},"excerpt":{"rendered":"<p>Kimp sobib suurep\u00e4raselt s\u00fcnnip\u00e4evaks, t\u00e4htp\u00e4evaks, emadep\u00e4evaks v\u00f5i lihtsalt \u00fcllatuseks kallimale. Iga roos on v\u00e4rskelt l\u00f5igatud ja hoolikalt seotud, et pakkuda maksimaalset ilu ja kestvust.<\/p>","protected":false},"featured_media":2351,"comment_status":"open","ping_status":"closed","template":"","meta":[],"etheme_brands":[],"product_brand":[],"product_cat":[26],"product_tag":[],"class_list":{"0":"post-2350","1":"product","2":"type-product","3":"status-publish","4":"has-post-thumbnail","6":"product_cat-roosid","8":"first","9":"instock","10":"taxable","11":"shipping-taxable","12":"purchasable","13":"product-type-simple"},"yoast_head":"<!-- This site is optimized with the Yoast SEO plugin v24.9 - https:\/\/yoast.com\/wordpress\/plugins\/seo\/ -->\n<title>101 valge-roosat roosi &#8211; Flowers Estonia<\/title>\n<meta name=\"description\" content=\"101 valge-roosat roosi \u2013 luksuslik Aqua rooside kimp, mis \u00fchendab valge ja roosa ilu. T\u00e4iuslik kingitus armastusele ja erilisteks hetkedeks.\" \/>\n<meta name=\"robots\" content=\"index, follow, max-snippet:-1, max-image-preview:large, max-video-preview:-1\" \/>\n<link rel=\"canonical\" href=\"https:\/\/flowersestonia.ee\/en\/lillepood\/101-valge-roosat-roosi\/\" \/>\n<meta property=\"og:locale\" content=\"en_GB\" \/>\n<meta property=\"og:type\" content=\"article\" \/>\n<meta property=\"og:title\" content=\"101 valge-roosat roosi &#8211; Flowers Estonia\" \/>\n<meta property=\"og:description\" content=\"101 valge-roosat roosi \u2013 luksuslik Aqua rooside kimp, mis \u00fchendab valge ja roosa ilu. T\u00e4iuslik kingitus armastusele ja erilisteks hetkedeks.\" \/>\n<meta property=\"og:url\" content=\"https:\/\/flowersestonia.ee\/en\/lillepood\/101-valge-roosat-roosi\/\" \/>\n<meta property=\"og:site_name\" content=\"Flowers Estonia\" \/>\n<meta property=\"article:modified_time\" content=\"2026-02-09T09:29:09+00:00\" \/>\n<meta property=\"og:image\" content=\"https:\/\/flowersestonia.ee\/wp-content\/uploads\/2025\/05\/photo_2025-05-03_14-58-09-2.webp\" \/>\n\t<meta property=\"og:image:width\" content=\"960\" \/>\n\t<meta property=\"og:image:height\" content=\"1280\" \/>\n\t<meta property=\"og:image:type\" content=\"image\/jpeg\" \/>\n<meta name=\"twitter:card\" content=\"summary_large_image\" \/>\n<meta name=\"twitter:label1\" content=\"Estimated reading time\" \/>\n\t<meta name=\"twitter:data1\" content=\"1 minute\" \/>\n<script type=\"application\/ld+json\" class=\"yoast-schema-graph\">{\"@context\":\"https:\/\/schema.org\",\"@graph\":[{\"@type\":\"WebPage\",\"@id\":\"https:\/\/flowersestonia.ee\/lillepood\/101-valge-roosat-roosi\/\",\"url\":\"https:\/\/flowersestonia.ee\/lillepood\/101-valge-roosat-roosi\/\",\"name\":\"101 valge-roosat roosi &#8211; Flowers Estonia\",\"isPartOf\":{\"@id\":\"https:\/\/flowersestonia.ee\/#website\"},\"primaryImageOfPage\":{\"@id\":\"https:\/\/flowersestonia.ee\/lillepood\/101-valge-roosat-roosi\/#primaryimage\"},\"image\":{\"@id\":\"https:\/\/flowersestonia.ee\/lillepood\/101-valge-roosat-roosi\/#primaryimage\"},\"thumbnailUrl\":\"https:\/\/flowersestonia.ee\/wp-content\/uploads\/2025\/05\/photo_2025-05-03_14-58-09-2.webp\",\"datePublished\":\"2025-05-03T12:21:15+00:00\",\"dateModified\":\"2026-02-09T09:29:09+00:00\",\"description\":\"101 valge-roosat roosi \u2013 luksuslik Aqua rooside kimp, mis \u00fchendab valge ja roosa ilu. T\u00e4iuslik kingitus armastusele ja erilisteks hetkedeks.\",\"breadcrumb\":{\"@id\":\"https:\/\/flowersestonia.ee\/lillepood\/101-valge-roosat-roosi\/#breadcrumb\"},\"inLanguage\":\"en-GB\",\"potentialAction\":[{\"@type\":\"ReadAction\",\"target\":[\"https:\/\/flowersestonia.ee\/lillepood\/101-valge-roosat-roosi\/\"]}]},{\"@type\":\"ImageObject\",\"inLanguage\":\"en-GB\",\"@id\":\"https:\/\/flowersestonia.ee\/lillepood\/101-valge-roosat-roosi\/#primaryimage\",\"url\":\"https:\/\/flowersestonia.ee\/wp-content\/uploads\/2025\/05\/photo_2025-05-03_14-58-09-2.webp\",\"contentUrl\":\"https:\/\/flowersestonia.ee\/wp-content\/uploads\/2025\/05\/photo_2025-05-03_14-58-09-2.webp\",\"width\":960,\"height\":1280},{\"@type\":\"BreadcrumbList\",\"@id\":\"https:\/\/flowersestonia.ee\/lillepood\/101-valge-roosat-roosi\/#breadcrumb\",\"itemListElement\":[{\"@type\":\"ListItem\",\"position\":1,\"name\":\"\u0413\u043b\u0430\u0432\u043d\u0430\u044f \u0441\u0442\u0440\u0430\u043d\u0438\u0446\u0430\",\"item\":\"https:\/\/flowersestonia.ee\/\"},{\"@type\":\"ListItem\",\"position\":2,\"name\":\"Tooted\",\"item\":\"https:\/\/flowersestonia.ee\/shop\/\"},{\"@type\":\"ListItem\",\"position\":3,\"name\":\"101 valge-roosat roosi\"}]},{\"@type\":\"WebSite\",\"@id\":\"https:\/\/flowersestonia.ee\/#website\",\"url\":\"https:\/\/flowersestonia.ee\/\",\"name\":\"Flowers Estonia\",\"description\":\"Lillede m\u00fc\u00fck ja kohaletoimetamine\",\"publisher\":{\"@id\":\"https:\/\/flowersestonia.ee\/#organization\"},\"potentialAction\":[{\"@type\":\"SearchAction\",\"target\":{\"@type\":\"EntryPoint\",\"urlTemplate\":\"https:\/\/flowersestonia.ee\/?s={search_term_string}\"},\"query-input\":{\"@type\":\"PropertyValueSpecification\",\"valueRequired\":true,\"valueName\":\"search_term_string\"}}],\"inLanguage\":\"en-GB\"},{\"@type\":\"Organization\",\"@id\":\"https:\/\/flowersestonia.ee\/#organization\",\"name\":\"Flowers Estonia\",\"url\":\"https:\/\/flowersestonia.ee\/\",\"logo\":{\"@type\":\"ImageObject\",\"inLanguage\":\"en-GB\",\"@id\":\"https:\/\/flowersestonia.ee\/#\/schema\/logo\/image\/\",\"url\":\"https:\/\/flowersestonia.ee\/wp-content\/uploads\/2025\/01\/Frame-1.svg\",\"contentUrl\":\"https:\/\/flowersestonia.ee\/wp-content\/uploads\/2025\/01\/Frame-1.svg\",\"width\":350,\"height\":100,\"caption\":\"Flowers Estonia\"},\"image\":{\"@id\":\"https:\/\/flowersestonia.ee\/#\/schema\/logo\/image\/\"}}]}<\/script>\n<!-- \/ Yoast SEO plugin. -->","yoast_head_json":{"title":"101 valge-roosat roosi &#8211; Flowers Estonia","description":"101 valge-roosat roosi \u2013 luksuslik Aqua rooside kimp, mis \u00fchendab valge ja roosa ilu. T\u00e4iuslik kingitus armastusele ja erilisteks hetkedeks.","robots":{"index":"index","follow":"follow","max-snippet":"max-snippet:-1","max-image-preview":"max-image-preview:large","max-video-preview":"max-video-preview:-1"},"canonical":"https:\/\/flowersestonia.ee\/en\/lillepood\/101-valge-roosat-roosi\/","og_locale":"en_GB","og_type":"article","og_title":"101 valge-roosat roosi &#8211; Flowers Estonia","og_description":"101 valge-roosat roosi \u2013 luksuslik Aqua rooside kimp, mis \u00fchendab valge ja roosa ilu. T\u00e4iuslik kingitus armastusele ja erilisteks hetkedeks.","og_url":"https:\/\/flowersestonia.ee\/en\/lillepood\/101-valge-roosat-roosi\/","og_site_name":"Flowers Estonia","article_modified_time":"2026-02-09T09:29:09+00:00","og_image":[{"width":960,"height":1280,"url":"https:\/\/flowersestonia.ee\/wp-content\/uploads\/2025\/05\/photo_2025-05-03_14-58-09-2.webp","type":"image\/jpeg"}],"twitter_card":"summary_large_image","twitter_misc":{"Estimated reading time":"1 minute"},"schema":{"@context":"https:\/\/schema.org","@graph":[{"@type":"WebPage","@id":"https:\/\/flowersestonia.ee\/lillepood\/101-valge-roosat-roosi\/","url":"https:\/\/flowersestonia.ee\/lillepood\/101-valge-roosat-roosi\/","name":"101 valge-roosat roosi &#8211; Flowers Estonia","isPartOf":{"@id":"https:\/\/flowersestonia.ee\/#website"},"primaryImageOfPage":{"@id":"https:\/\/flowersestonia.ee\/lillepood\/101-valge-roosat-roosi\/#primaryimage"},"image":{"@id":"https:\/\/flowersestonia.ee\/lillepood\/101-valge-roosat-roosi\/#primaryimage"},"thumbnailUrl":"https:\/\/flowersestonia.ee\/wp-content\/uploads\/2025\/05\/photo_2025-05-03_14-58-09-2.webp","datePublished":"2025-05-03T12:21:15+00:00","dateModified":"2026-02-09T09:29:09+00:00","description":"101 valge-roosat roosi \u2013 luksuslik Aqua rooside kimp, mis \u00fchendab valge ja roosa ilu. T\u00e4iuslik kingitus armastusele ja erilisteks hetkedeks.","breadcrumb":{"@id":"https:\/\/flowersestonia.ee\/lillepood\/101-valge-roosat-roosi\/#breadcrumb"},"inLanguage":"en-GB","potentialAction":[{"@type":"ReadAction","target":["https:\/\/flowersestonia.ee\/lillepood\/101-valge-roosat-roosi\/"]}]},{"@type":"ImageObject","inLanguage":"en-GB","@id":"https:\/\/flowersestonia.ee\/lillepood\/101-valge-roosat-roosi\/#primaryimage","url":"https:\/\/flowersestonia.ee\/wp-content\/uploads\/2025\/05\/photo_2025-05-03_14-58-09-2.webp","contentUrl":"https:\/\/flowersestonia.ee\/wp-content\/uploads\/2025\/05\/photo_2025-05-03_14-58-09-2.webp","width":960,"height":1280},{"@type":"BreadcrumbList","@id":"https:\/\/flowersestonia.ee\/lillepood\/101-valge-roosat-roosi\/#breadcrumb","itemListElement":[{"@type":"ListItem","position":1,"name":"\u0413\u043b\u0430\u0432\u043d\u0430\u044f \u0441\u0442\u0440\u0430\u043d\u0438\u0446\u0430","item":"https:\/\/flowersestonia.ee\/"},{"@type":"ListItem","position":2,"name":"Tooted","item":"https:\/\/flowersestonia.ee\/shop\/"},{"@type":"ListItem","position":3,"name":"101 valge-roosat roosi"}]},{"@type":"WebSite","@id":"https:\/\/flowersestonia.ee\/#website","url":"https:\/\/flowersestonia.ee\/","name":"Flowers Estonia","description":"Lillede m\u00fc\u00fck ja kohaletoimetamine","publisher":{"@id":"https:\/\/flowersestonia.ee\/#organization"},"potentialAction":[{"@type":"SearchAction","target":{"@type":"EntryPoint","urlTemplate":"https:\/\/flowersestonia.ee\/?s={search_term_string}"},"query-input":{"@type":"PropertyValueSpecification","valueRequired":true,"valueName":"search_term_string"}}],"inLanguage":"en-GB"},{"@type":"Organization","@id":"https:\/\/flowersestonia.ee\/#organization","name":"Flowers Estonia","url":"https:\/\/flowersestonia.ee\/","logo":{"@type":"ImageObject","inLanguage":"en-GB","@id":"https:\/\/flowersestonia.ee\/#\/schema\/logo\/image\/","url":"https:\/\/flowersestonia.ee\/wp-content\/uploads\/2025\/01\/Frame-1.svg","contentUrl":"https:\/\/flowersestonia.ee\/wp-content\/uploads\/2025\/01\/Frame-1.svg","width":350,"height":100,"caption":"Flowers Estonia"},"image":{"@id":"https:\/\/flowersestonia.ee\/#\/schema\/logo\/image\/"}}]}},"_links":{"self":[{"href":"https:\/\/flowersestonia.ee\/en\/wp-json\/wp\/v2\/product\/2350","targetHints":{"allow":["GET"]}}],"collection":[{"href":"https:\/\/flowersestonia.ee\/en\/wp-json\/wp\/v2\/product"}],"about":[{"href":"https:\/\/flowersestonia.ee\/en\/wp-json\/wp\/v2\/types\/product"}],"replies":[{"embeddable":true,"href":"https:\/\/flowersestonia.ee\/en\/wp-json\/wp\/v2\/comments?post=2350"}],"version-history":[{"count":3,"href":"https:\/\/flowersestonia.ee\/en\/wp-json\/wp\/v2\/product\/2350\/revisions"}],"predecessor-version":[{"id":2377,"href":"https:\/\/flowersestonia.ee\/en\/wp-json\/wp\/v2\/product\/2350\/revisions\/2377"}],"wp:featuredmedia":[{"embeddable":true,"href":"https:\/\/flowersestonia.ee\/en\/wp-json\/wp\/v2\/media\/2351"}],"wp:attachment":[{"href":"https:\/\/flowersestonia.ee\/en\/wp-json\/wp\/v2\/media?parent=2350"}],"wp:term":[{"taxonomy":"brand","embeddable":true,"href":"https:\/\/flowersestonia.ee\/en\/wp-json\/wp\/v2\/etheme_brands?post=2350"},{"taxonomy":"product_brand","embeddable":true,"href":"https:\/\/flowersestonia.ee\/en\/wp-json\/wp\/v2\/product_brand?post=2350"},{"taxonomy":"product_cat","embeddable":true,"href":"https:\/\/flowersestonia.ee\/en\/wp-json\/wp\/v2\/product_cat?post=2350"},{"taxonomy":"product_tag","embeddable":true,"href":"https:\/\/flowersestonia.ee\/en\/wp-json\/wp\/v2\/product_tag?post=2350"}],"curies":[{"name":"wp","href":"https:\/\/api.w.org\/{rel}","templated":true}]}}