{"id":1471,"date":"2025-02-06T19:20:14","date_gmt":"2025-02-06T19:20:14","guid":{"rendered":"https:\/\/flowersestonia.ee\/?page_id=1471"},"modified":"2025-05-08T16:17:39","modified_gmt":"2025-05-08T13:17:39","slug":"kontakt","status":"publish","type":"page","link":"https:\/\/flowersestonia.ee\/en\/kontakt\/","title":{"rendered":"Contact"},"content":{"rendered":"<div data-elementor-type=\"wp-page\" data-elementor-id=\"1471\" class=\"elementor elementor-1471\" data-elementor-post-type=\"page\">\n\t\t\t\t<div class=\"elementor-element elementor-element-4b1bca6f e-flex e-con-boxed e-con e-parent\" data-id=\"4b1bca6f\" data-element_type=\"container\" data-settings=\"{&quot;background_background&quot;:&quot;classic&quot;}\">\n\t\t\t\t\t<div class=\"e-con-inner\">\n\t\t<div class=\"elementor-element elementor-element-683caa4c e-grid e-con-full e-con e-child\" data-id=\"683caa4c\" data-element_type=\"container\">\n\t\t<div class=\"elementor-element elementor-element-3b9bf5b4 e-con-full e-flex e-con e-child\" data-id=\"3b9bf5b4\" data-element_type=\"container\">\n\t\t<div class=\"elementor-element elementor-element-3ccbd5ee e-con-full e-flex e-con e-child\" data-id=\"3ccbd5ee\" data-element_type=\"container\" data-settings=\"{&quot;background_background&quot;:&quot;classic&quot;}\">\n\t\t\t\t<div class=\"elementor-element elementor-element-4173a31 elementor-widget elementor-widget-heading\" data-id=\"4173a31\" data-element_type=\"widget\" data-widget_type=\"heading.default\">\n\t\t\t\t<div class=\"elementor-widget-container\">\n\t\t\t\t\t<h2 class=\"elementor-heading-title elementor-size-default\">Contact<\/h2>\t\t\t\t<\/div>\n\t\t\t\t<\/div>\n\t\t\t\t<div class=\"elementor-element elementor-element-606db680 elementor-widget elementor-widget-heading\" data-id=\"606db680\" data-element_type=\"widget\" data-widget_type=\"heading.default\">\n\t\t\t\t<div class=\"elementor-widget-container\">\n\t\t\t\t\t<h2 class=\"elementor-heading-title elementor-size-default\">Kesklinna esindus<\/h2>\t\t\t\t<\/div>\n\t\t\t\t<\/div>\n\t\t\t\t<div class=\"elementor-element elementor-element-1ad6c9be elementor-widget elementor-widget-text-editor\" data-id=\"1ad6c9be\" data-element_type=\"widget\" data-widget_type=\"text-editor.default\">\n\t\t\t\t<div class=\"elementor-widget-container\">\n\t\t\t\t\t\t\t\t\t<p><a href=\"https:\/\/www.google.com\/maps\/search\/kreutzwaldi+19\/@59.4315758,24.7627713,16.33z?entry=ttu&amp;g_ep=EgoyMDI0MTAwMi4xIKXMDSoASAFQAw%3D%3D\"><strong>F. R. Kreutzwaldi tn 19, 10147 Tallinn \ud83d\udccd<\/strong><\/a><\/p><p>E-P 9:00-21:00<\/p><p>Tel. +37256012613<\/p><p>E-mail: info@flowersestonia.ee<\/p>\t\t\t\t\t\t\t\t<\/div>\n\t\t\t\t<\/div>\n\t\t\t\t<\/div>\n\t\t<div class=\"elementor-element elementor-element-24239c5f e-con-full e-flex e-con e-child\" data-id=\"24239c5f\" data-element_type=\"container\" data-settings=\"{&quot;background_background&quot;:&quot;classic&quot;}\">\n\t\t\t\t<div class=\"elementor-element elementor-element-777ea9ab elementor-widget elementor-widget-heading\" data-id=\"777ea9ab\" data-element_type=\"widget\" data-widget_type=\"heading.default\">\n\t\t\t\t<div class=\"elementor-widget-container\">\n\t\t\t\t\t<h2 class=\"elementor-heading-title elementor-size-default\">Ettev\u00f5te<\/h2>\t\t\t\t<\/div>\n\t\t\t\t<\/div>\n\t\t\t\t<div class=\"elementor-element elementor-element-730bfedf elementor-widget elementor-widget-text-editor\" data-id=\"730bfedf\" data-element_type=\"widget\" data-widget_type=\"text-editor.default\">\n\t\t\t\t<div class=\"elementor-widget-container\">\n\t\t\t\t\t\t\t\t\t<h2 class=\"title\">STAFFMEH O\u00dc<\/h2><p>Reg. 17026133<\/p><p>\u00d5ism\u00e4e tee 105-43 Tallinn Harjumaa 13515<\/p><p>E-mail: staffmeh@gmail.com<\/p>\t\t\t\t\t\t\t\t<\/div>\n\t\t\t\t<\/div>\n\t\t\t\t<\/div>\n\t\t\t\t<\/div>\n\t\t<div class=\"elementor-element elementor-element-18c37c0 e-con-full e-flex e-con e-child\" data-id=\"18c37c0\" data-element_type=\"container\" data-settings=\"{&quot;background_background&quot;:&quot;classic&quot;}\">\n\t\t\t\t<\/div>\n\t\t\t\t<\/div>\n\t\t\t\t\t<\/div>\n\t\t\t\t<\/div>\n\t\t\t\t<\/div>","protected":false},"excerpt":{"rendered":"<p>Kontakt Kesklinna esindus F. R. Kreutzwaldi tn 19, 10147 Tallinn \ud83d\udccd E-P 9:00-21:00 Tel. +37256012613 E-mail: info@flowersestonia.ee Ettev\u00f5te STAFFMEH O\u00dc Reg. 17026133 \u00d5ism\u00e4e tee 105-43&#8230;<\/p>","protected":false},"author":1,"featured_media":1356,"parent":0,"menu_order":0,"comment_status":"closed","ping_status":"closed","template":"","meta":{"footnotes":""},"class_list":["post-1471","page","type-page","status-publish","has-post-thumbnail","hentry"],"yoast_head":"<!-- This site is optimized with the Yoast SEO plugin v24.9 - https:\/\/yoast.com\/wordpress\/plugins\/seo\/ -->\n<title>Kontakt &#8211; Flowers Estonia<\/title>\n<meta name=\"description\" content=\"Otsid lillepoodi kontaktandmeid? V\u00f5ta \u00fchendust Flowers Estonia lillepoega Tallinnas \u2013 telefon :+37256012613 , e-post : info@flowersestonia.ee\" \/>\n<meta name=\"robots\" content=\"index, follow, max-snippet:-1, max-image-preview:large, max-video-preview:-1\" \/>\n<link rel=\"canonical\" href=\"https:\/\/flowersestonia.ee\/en\/kontakt\/\" \/>\n<meta property=\"og:locale\" content=\"en_GB\" \/>\n<meta property=\"og:type\" content=\"article\" \/>\n<meta property=\"og:title\" content=\"Kontakt &#8211; Flowers Estonia\" \/>\n<meta property=\"og:description\" content=\"Otsid lillepoodi kontaktandmeid? V\u00f5ta \u00fchendust Flowers Estonia lillepoega Tallinnas \u2013 telefon :+37256012613 , e-post : info@flowersestonia.ee\" \/>\n<meta property=\"og:url\" content=\"https:\/\/flowersestonia.ee\/en\/kontakt\/\" \/>\n<meta property=\"og:site_name\" content=\"Flowers Estonia\" \/>\n<meta property=\"article:modified_time\" content=\"2025-05-08T13:17:39+00:00\" \/>\n<meta name=\"twitter:card\" content=\"summary_large_image\" \/>\n<meta name=\"twitter:label1\" content=\"Estimated reading time\" \/>\n\t<meta name=\"twitter:data1\" content=\"1 minute\" \/>\n<script type=\"application\/ld+json\" class=\"yoast-schema-graph\">{\"@context\":\"https:\/\/schema.org\",\"@graph\":[{\"@type\":\"WebPage\",\"@id\":\"https:\/\/flowersestonia.ee\/kontakt\/\",\"url\":\"https:\/\/flowersestonia.ee\/kontakt\/\",\"name\":\"Kontakt &#8211; Flowers Estonia\",\"isPartOf\":{\"@id\":\"https:\/\/flowersestonia.ee\/#website\"},\"primaryImageOfPage\":{\"@id\":\"https:\/\/flowersestonia.ee\/kontakt\/#primaryimage\"},\"image\":{\"@id\":\"https:\/\/flowersestonia.ee\/kontakt\/#primaryimage\"},\"thumbnailUrl\":\"https:\/\/flowersestonia.ee\/wp-content\/uploads\/2025\/01\/IMG_761111.svg\",\"datePublished\":\"2025-02-06T19:20:14+00:00\",\"dateModified\":\"2025-05-08T13:17:39+00:00\",\"description\":\"Otsid lillepoodi kontaktandmeid? V\u00f5ta \u00fchendust Flowers Estonia lillepoega Tallinnas \u2013 telefon :+37256012613 , e-post : info@flowersestonia.ee\",\"breadcrumb\":{\"@id\":\"https:\/\/flowersestonia.ee\/kontakt\/#breadcrumb\"},\"inLanguage\":\"en-GB\",\"potentialAction\":[{\"@type\":\"ReadAction\",\"target\":[\"https:\/\/flowersestonia.ee\/kontakt\/\"]}]},{\"@type\":\"ImageObject\",\"inLanguage\":\"en-GB\",\"@id\":\"https:\/\/flowersestonia.ee\/kontakt\/#primaryimage\",\"url\":\"https:\/\/flowersestonia.ee\/wp-content\/uploads\/2025\/01\/IMG_761111.svg\",\"contentUrl\":\"https:\/\/flowersestonia.ee\/wp-content\/uploads\/2025\/01\/IMG_761111.svg\",\"width\":828,\"height\":806,\"caption\":\"Lillepood Flowers Estonia\"},{\"@type\":\"BreadcrumbList\",\"@id\":\"https:\/\/flowersestonia.ee\/kontakt\/#breadcrumb\",\"itemListElement\":[{\"@type\":\"ListItem\",\"position\":1,\"name\":\"\u0413\u043b\u0430\u0432\u043d\u0430\u044f \u0441\u0442\u0440\u0430\u043d\u0438\u0446\u0430\",\"item\":\"https:\/\/flowersestonia.ee\/\"},{\"@type\":\"ListItem\",\"position\":2,\"name\":\"Kontakt\"}]},{\"@type\":\"WebSite\",\"@id\":\"https:\/\/flowersestonia.ee\/#website\",\"url\":\"https:\/\/flowersestonia.ee\/\",\"name\":\"Flowers Estonia\",\"description\":\"Lillede m\u00fc\u00fck ja kohaletoimetamine\",\"publisher\":{\"@id\":\"https:\/\/flowersestonia.ee\/#organization\"},\"potentialAction\":[{\"@type\":\"SearchAction\",\"target\":{\"@type\":\"EntryPoint\",\"urlTemplate\":\"https:\/\/flowersestonia.ee\/?s={search_term_string}\"},\"query-input\":{\"@type\":\"PropertyValueSpecification\",\"valueRequired\":true,\"valueName\":\"search_term_string\"}}],\"inLanguage\":\"en-GB\"},{\"@type\":\"Organization\",\"@id\":\"https:\/\/flowersestonia.ee\/#organization\",\"name\":\"Flowers Estonia\",\"url\":\"https:\/\/flowersestonia.ee\/\",\"logo\":{\"@type\":\"ImageObject\",\"inLanguage\":\"en-GB\",\"@id\":\"https:\/\/flowersestonia.ee\/#\/schema\/logo\/image\/\",\"url\":\"https:\/\/flowersestonia.ee\/wp-content\/uploads\/2025\/01\/Frame-1.svg\",\"contentUrl\":\"https:\/\/flowersestonia.ee\/wp-content\/uploads\/2025\/01\/Frame-1.svg\",\"width\":350,\"height\":100,\"caption\":\"Flowers Estonia\"},\"image\":{\"@id\":\"https:\/\/flowersestonia.ee\/#\/schema\/logo\/image\/\"}}]}<\/script>\n<!-- \/ Yoast SEO plugin. -->","yoast_head_json":{"title":"Kontakt &#8211; Flowers Estonia","description":"Otsid lillepoodi kontaktandmeid? V\u00f5ta \u00fchendust Flowers Estonia lillepoega Tallinnas \u2013 telefon :+37256012613 , e-post : info@flowersestonia.ee","robots":{"index":"index","follow":"follow","max-snippet":"max-snippet:-1","max-image-preview":"max-image-preview:large","max-video-preview":"max-video-preview:-1"},"canonical":"https:\/\/flowersestonia.ee\/en\/kontakt\/","og_locale":"en_GB","og_type":"article","og_title":"Kontakt &#8211; Flowers Estonia","og_description":"Otsid lillepoodi kontaktandmeid? V\u00f5ta \u00fchendust Flowers Estonia lillepoega Tallinnas \u2013 telefon :+37256012613 , e-post : info@flowersestonia.ee","og_url":"https:\/\/flowersestonia.ee\/en\/kontakt\/","og_site_name":"Flowers Estonia","article_modified_time":"2025-05-08T13:17:39+00:00","twitter_card":"summary_large_image","twitter_misc":{"Estimated reading time":"1 minute"},"schema":{"@context":"https:\/\/schema.org","@graph":[{"@type":"WebPage","@id":"https:\/\/flowersestonia.ee\/kontakt\/","url":"https:\/\/flowersestonia.ee\/kontakt\/","name":"Kontakt &#8211; Flowers Estonia","isPartOf":{"@id":"https:\/\/flowersestonia.ee\/#website"},"primaryImageOfPage":{"@id":"https:\/\/flowersestonia.ee\/kontakt\/#primaryimage"},"image":{"@id":"https:\/\/flowersestonia.ee\/kontakt\/#primaryimage"},"thumbnailUrl":"https:\/\/flowersestonia.ee\/wp-content\/uploads\/2025\/01\/IMG_761111.svg","datePublished":"2025-02-06T19:20:14+00:00","dateModified":"2025-05-08T13:17:39+00:00","description":"Otsid lillepoodi kontaktandmeid? V\u00f5ta \u00fchendust Flowers Estonia lillepoega Tallinnas \u2013 telefon :+37256012613 , e-post : info@flowersestonia.ee","breadcrumb":{"@id":"https:\/\/flowersestonia.ee\/kontakt\/#breadcrumb"},"inLanguage":"en-GB","potentialAction":[{"@type":"ReadAction","target":["https:\/\/flowersestonia.ee\/kontakt\/"]}]},{"@type":"ImageObject","inLanguage":"en-GB","@id":"https:\/\/flowersestonia.ee\/kontakt\/#primaryimage","url":"https:\/\/flowersestonia.ee\/wp-content\/uploads\/2025\/01\/IMG_761111.svg","contentUrl":"https:\/\/flowersestonia.ee\/wp-content\/uploads\/2025\/01\/IMG_761111.svg","width":828,"height":806,"caption":"Lillepood Flowers Estonia"},{"@type":"BreadcrumbList","@id":"https:\/\/flowersestonia.ee\/kontakt\/#breadcrumb","itemListElement":[{"@type":"ListItem","position":1,"name":"\u0413\u043b\u0430\u0432\u043d\u0430\u044f \u0441\u0442\u0440\u0430\u043d\u0438\u0446\u0430","item":"https:\/\/flowersestonia.ee\/"},{"@type":"ListItem","position":2,"name":"Kontakt"}]},{"@type":"WebSite","@id":"https:\/\/flowersestonia.ee\/#website","url":"https:\/\/flowersestonia.ee\/","name":"Flowers Estonia","description":"Lillede m\u00fc\u00fck ja kohaletoimetamine","publisher":{"@id":"https:\/\/flowersestonia.ee\/#organization"},"potentialAction":[{"@type":"SearchAction","target":{"@type":"EntryPoint","urlTemplate":"https:\/\/flowersestonia.ee\/?s={search_term_string}"},"query-input":{"@type":"PropertyValueSpecification","valueRequired":true,"valueName":"search_term_string"}}],"inLanguage":"en-GB"},{"@type":"Organization","@id":"https:\/\/flowersestonia.ee\/#organization","name":"Flowers Estonia","url":"https:\/\/flowersestonia.ee\/","logo":{"@type":"ImageObject","inLanguage":"en-GB","@id":"https:\/\/flowersestonia.ee\/#\/schema\/logo\/image\/","url":"https:\/\/flowersestonia.ee\/wp-content\/uploads\/2025\/01\/Frame-1.svg","contentUrl":"https:\/\/flowersestonia.ee\/wp-content\/uploads\/2025\/01\/Frame-1.svg","width":350,"height":100,"caption":"Flowers Estonia"},"image":{"@id":"https:\/\/flowersestonia.ee\/#\/schema\/logo\/image\/"}}]}},"_links":{"self":[{"href":"https:\/\/flowersestonia.ee\/en\/wp-json\/wp\/v2\/pages\/1471","targetHints":{"allow":["GET"]}}],"collection":[{"href":"https:\/\/flowersestonia.ee\/en\/wp-json\/wp\/v2\/pages"}],"about":[{"href":"https:\/\/flowersestonia.ee\/en\/wp-json\/wp\/v2\/types\/page"}],"author":[{"embeddable":true,"href":"https:\/\/flowersestonia.ee\/en\/wp-json\/wp\/v2\/users\/1"}],"replies":[{"embeddable":true,"href":"https:\/\/flowersestonia.ee\/en\/wp-json\/wp\/v2\/comments?post=1471"}],"version-history":[{"count":10,"href":"https:\/\/flowersestonia.ee\/en\/wp-json\/wp\/v2\/pages\/1471\/revisions"}],"predecessor-version":[{"id":1504,"href":"https:\/\/flowersestonia.ee\/en\/wp-json\/wp\/v2\/pages\/1471\/revisions\/1504"}],"wp:featuredmedia":[{"embeddable":true,"href":"https:\/\/flowersestonia.ee\/en\/wp-json\/wp\/v2\/media\/1356"}],"wp:attachment":[{"href":"https:\/\/flowersestonia.ee\/en\/wp-json\/wp\/v2\/media?parent=1471"}],"curies":[{"name":"wp","href":"https:\/\/api.w.org\/{rel}","templated":true}]}}