{"id":1218,"date":"2025-02-04T16:08:28","date_gmt":"2025-02-04T16:08:28","guid":{"rendered":"https:\/\/flowersestonia.ee\/?page_id=1218"},"modified":"2025-02-09T14:44:11","modified_gmt":"2025-02-09T14:44:11","slug":"muugitingimused","status":"publish","type":"page","link":"https:\/\/flowersestonia.ee\/en\/muugitingimused\/","title":{"rendered":"Terms and conditions"},"content":{"rendered":"<div data-elementor-type=\"wp-page\" data-elementor-id=\"1218\" class=\"elementor elementor-1218\" data-elementor-post-type=\"page\">\n\t\t\t\t<div class=\"elementor-element elementor-element-d28e11a e-flex e-con-boxed e-con e-parent\" data-id=\"d28e11a\" data-element_type=\"container\">\n\t\t\t\t\t<div class=\"e-con-inner\">\n\t\t\t\t<div class=\"elementor-element elementor-element-6d883fb elementor-widget elementor-widget-text-editor\" data-id=\"6d883fb\" data-element_type=\"widget\" data-widget_type=\"text-editor.default\">\n\t\t\t\t<div class=\"elementor-widget-container\">\n\t\t\t\t\t\t\t\t\t<h2><b>Terms and conditions<\/b><\/h2><p>Veebipoe <strong>flowersestonia.ee<\/strong> (edaspidi Veebipood) omanik on\u00a0<\/p><h4 class=\"fs-1375 fs-175-800 lh-1125 fw-bold\">STAFFMEH O\u00dc<\/h4><p>(Reg.Nr: 17026133) Juriidilise aadressiga\u00a0Harju maakond, Tallinn, Haabersti linnaosa, \u00d5ism\u00e4e tee 105-43, 13515<\/p><p><b>M\u00fc\u00fcgilepingu kehtivus, kauba- ja hinnainfo<\/b><\/p><ol><li aria-level=\"1\">M\u00fc\u00fcgitingimused kehtivad Veebipoest kaupade ostmisel.<\/li><li aria-level=\"1\">Veebipoes m\u00fc\u00fcdavate toodete hinnad on m\u00e4rgitud toodete juurde.Hinnale lisandub tasu<br \/>kauba k\u00e4ttetoimetamise eest.<\/li><li aria-level=\"1\">Kauba k\u00e4ttetoimetamise tasu s\u00f5ltub ostja asukohast ning k\u00e4ttetoimetamise viisist.<\/li><li aria-level=\"1\">K\u00e4ttetoimetamise tasu kuvatakse ostjale tellimuse vormistamisel.<\/li><li aria-level=\"1\">Teave kauba kohta on esitatud Veebipoes vahetult kauba juures.<\/li><li aria-level=\"1\">Esitatud hinnad sisaldavad Eesti Vabariigis kehtivat k\u00e4ibemaksu 22%.<\/li><\/ol><p><b>Tellimuse vormistamine<\/b><\/p><ol><li aria-level=\"1\">Kauba tellimiseks tuleb lisada soovitud tooted ostukorvi.<\/li><li aria-level=\"1\">Tellimuse vormistamiseks tuleb t\u00e4ita n\u00f5utud andmev\u00e4ljad ning valida sobiv toodete kohaletoimetamise viis.<\/li><li aria-level=\"1\">Seej\u00e4rel kuvatakse ekraanile tasu suurus, mille saab tasuda pangalingi kaudu v\u00f5i muu makselahenduse abil.<br \/>Leping j\u00f5ustub alates tasumisele kuuluva summa laekumisest Veebipoe arvelduskontole.<\/li><li aria-level=\"1\">Kui tellitud kaupa ei ole v\u00f5imalik tarnida seoses kauba l\u00f5ppemisega v\u00f5i muul p\u00f5hjusel,<br \/>teavitatakse sellest ostjat esimesel v\u00f5imalusel ning tagastatakse tasutud raha (sh kauba<br \/>k\u00e4ttetoimetamise kulud) \u00fcldjuhul 1-2 t\u00f6\u00f6p\u00e4eva jooksul.<\/li><li aria-level=\"1\">S\u00f5ltuvalt makseviisist v\u00f5ib laekumine aega v\u00f5tta kuni 7 t\u00f6\u00f6p\u00e4eva.<\/li><\/ol><p><b>Delivery<\/b><\/p><ol><li aria-level=\"1\">Kaupu saadetakse j\u00e4rgmistesse riikidesse: Eesti<\/li><li aria-level=\"1\">Kauba saatmiskulud kannab ostja ning vastav hinnainfo on kuvatud saatmisviisi juures.<\/li><li>Kohaletoimetamise meetodi valiku \u00f5igsuse eest vastutab klient.<\/li><li aria-level=\"1\">Juhul kui kohaletoimetamise aadress ei ole koosk\u00f5las valitud kohaletoimetamise tsooniga, Veebipooel on \u00f5igus tellimust t\u00fchistada.<\/li><li aria-level=\"1\">Tallinna sisesed saadetised j\u00f5uavad \u00fcldjuhul ostja m\u00e4\u00e4ratud sihtpunkti samal p\u00e4eval, juhul kui leping on j\u00f5ustunud enne 17:00, muul juhul j\u00e4rgmise p\u00e4eva jooksul .<\/li><li aria-level=\"1\">Suurematel t\u00e4htp\u00e4evadel (s\u00f5brap\u00e4ev, naistep\u00e4ev, emadep\u00e4ev, 1. september) kiirtoimetamist ei toimu, tellimusi t\u00e4idetakse jooksvalt p\u00e4eva jooksul. Parim variant sel juhul on ettetellimine.<\/li><\/ol><p><b>Taganemis\u00f5igus<\/b><\/p><ol><li aria-level=\"1\">P\u00e4rast tellimuse k\u00e4ttesaamist on ostjal \u00f5igus e-poes s\u00f5lmitud lepingust taganeda 14 p\u00e4eva jooksul<br \/>(antud \u00f5igus kehtib kaartide, jookide ja kommide puhul).<\/li><li aria-level=\"1\">Kui kaubaks on\u00a0<strong>lilletooted<\/strong>, tegemist on kiiresti rikneva kauba kategooriaga, j\u00e4relikult\u00a0<strong>tagastamise \u00f5igus puudub\u00a0<\/strong>(<em>vastavalt V\u00f5la\u00f5igusseaduse \u00a7-le 53 lg 4 p 4<\/em>)<strong><br \/><\/strong><\/li><li aria-level=\"1\">Taganemis\u00f5igus ei kohaldu, kui ostjaks on juriidiline isik.<\/li><li aria-level=\"1\">14-p\u00e4evase tagastamis\u00f5iguse kasutamiseks ei tohi tellitud kaupa kasutada muul viisil kui on vajalik kauba olemuses, omadustes ja toimimises veendumiseks viisil nagu see on lubatud kauba testimiseks f\u00fc\u00fcsilises poes.<\/li><li aria-level=\"1\">Kui kaupa on kasutatud muuks otstarbeks kui on vajalik kauba olemuses, omadustes ja toimimise veendumiseks v\u00f5i sellel on kasutamise v\u00f5i kulumise m\u00e4rke, on Veebipoel \u00f5igus alandada tagastatavat tasu vastavalt kauba v\u00e4\u00e4rtuse v\u00e4henemisele<\/li><li aria-level=\"1\">Ostja v\u00f5ib lepingust taganeda mitte hiljem kui 1 p\u00e4ev enne planeeritud tellimuse tarneaga.<\/li><li aria-level=\"1\"><strong>Suurte tellimuste t\u00fchistamine(n\u00e4iteks pulmad) ja tellimused mis on tehtud(s\u00f5brap\u00e4evaks, 8 m\u00e4rtsiks, emade p\u00e4evaks) on v\u00f5imalik t\u00fchistada 5 p\u00e4eva enne planeeritud tellimuse tarneaga.<br \/><\/strong><\/li><li aria-level=\"1\">Tellimust\u00a0<strong>EI SAA<\/strong>\u00a0t\u00fchistada juhul, kui olete tellinud isikliku tellimuse, mida ei ole meie veebipoes.<\/li><li aria-level=\"1\">Veebipoel on \u00f5igus taganeda m\u00fc\u00fcgitehingust ning n\u00f5uda ostjalt tagasi kaup, kui kauba hind veebipoes on eksituse t\u00f5ttu m\u00e4rgitud oluliselt alla kauba turuhinna.<\/li><\/ol><p><b>Pretensiooni esitamise \u00f5igus<\/b><\/p><ol><li aria-level=\"1\">Veebipood vastutab ostjale m\u00fc\u00fcdud kauba lepingutingimustele mittevastavuse v\u00f5i puuduse eest, mis oli olemas juba asja \u00fcleandmise hetkel<\/li><li aria-level=\"1\">Kui Veebipoest ostetud kaubal on puudused, mille eest Veebipood vastutab, parandab v\u00f5i asendab Veebipood puudusega kauba. Kui kaupa ei ole v\u00f5imalik parandada ega asendada, tagastab Veebipood ostjale k\u00f5ik m\u00fc\u00fcgilepinguga kaasnenud tasud<\/li><\/ol><p><b>Vaidluste lahendamine<\/b><\/p><ol><li aria-level=\"1\">Kui ostjal on Veebipoe osas pretensioone, tuleb need saata e-kirja aadressile <strong>info@flowersestonia.ee<\/strong> v\u00f5i helistada telefonil:<strong>+37256012613<\/strong><\/li><li aria-level=\"1\">Kui ostja ja Veebipood ei suuda lahenda vaidlust kokkuleppe teel, siis on ostjal v\u00f5imalik p\u00f6\u00f6rduda Tarbijavaidluste komisjoni poole.<\/li><\/ol>\t\t\t\t\t\t\t\t<\/div>\n\t\t\t\t<\/div>\n\t\t\t\t\t<\/div>\n\t\t\t\t<\/div>\n\t\t\t\t<\/div>","protected":false},"excerpt":{"rendered":"<p>M\u00fc\u00fcgitingimused Veebipoe flowersestonia.ee (edaspidi Veebipood) omanik on\u00a0 STAFFMEH O\u00dc (Reg.Nr: 17026133) Juriidilise aadressiga\u00a0Harju maakond, Tallinn, Haabersti linnaosa, \u00d5ism\u00e4e tee 105-43, 13515 M\u00fc\u00fcgilepingu kehtivus, kauba- ja&#8230;<\/p>","protected":false},"author":1,"featured_media":0,"parent":0,"menu_order":0,"comment_status":"closed","ping_status":"closed","template":"","meta":{"footnotes":""},"class_list":["post-1218","page","type-page","status-publish","hentry"],"yoast_head":"<!-- This site is optimized with the Yoast SEO plugin v24.9 - https:\/\/yoast.com\/wordpress\/plugins\/seo\/ -->\n<title>M\u00fc\u00fcgitingimused &#8211; Flowers Estonia<\/title>\n<meta name=\"robots\" content=\"index, follow, max-snippet:-1, max-image-preview:large, max-video-preview:-1\" \/>\n<link rel=\"canonical\" href=\"https:\/\/flowersestonia.ee\/en\/muugitingimused\/\" \/>\n<meta property=\"og:locale\" content=\"en_GB\" \/>\n<meta property=\"og:type\" content=\"article\" \/>\n<meta property=\"og:title\" content=\"M\u00fc\u00fcgitingimused &#8211; Flowers Estonia\" \/>\n<meta property=\"og:description\" content=\"M\u00fc\u00fcgitingimused Veebipoe flowersestonia.ee (edaspidi Veebipood) omanik on\u00a0 STAFFMEH O\u00dc (Reg.Nr: 17026133) Juriidilise aadressiga\u00a0Harju maakond, Tallinn, Haabersti linnaosa, \u00d5ism\u00e4e tee 105-43, 13515 M\u00fc\u00fcgilepingu kehtivus, kauba- ja...\" \/>\n<meta property=\"og:url\" content=\"https:\/\/flowersestonia.ee\/en\/muugitingimused\/\" \/>\n<meta property=\"og:site_name\" content=\"Flowers Estonia\" \/>\n<meta property=\"article:modified_time\" content=\"2025-02-09T14:44:11+00:00\" \/>\n<meta name=\"twitter:card\" content=\"summary_large_image\" \/>\n<meta name=\"twitter:label1\" content=\"Estimated reading time\" \/>\n\t<meta name=\"twitter:data1\" content=\"3 minutes\" \/>\n<script type=\"application\/ld+json\" class=\"yoast-schema-graph\">{\"@context\":\"https:\/\/schema.org\",\"@graph\":[{\"@type\":\"WebPage\",\"@id\":\"https:\/\/flowersestonia.ee\/muugitingimused\/\",\"url\":\"https:\/\/flowersestonia.ee\/muugitingimused\/\",\"name\":\"M\u00fc\u00fcgitingimused &#8211; Flowers Estonia\",\"isPartOf\":{\"@id\":\"https:\/\/flowersestonia.ee\/#website\"},\"datePublished\":\"2025-02-04T16:08:28+00:00\",\"dateModified\":\"2025-02-09T14:44:11+00:00\",\"breadcrumb\":{\"@id\":\"https:\/\/flowersestonia.ee\/muugitingimused\/#breadcrumb\"},\"inLanguage\":\"en-GB\",\"potentialAction\":[{\"@type\":\"ReadAction\",\"target\":[\"https:\/\/flowersestonia.ee\/muugitingimused\/\"]}]},{\"@type\":\"BreadcrumbList\",\"@id\":\"https:\/\/flowersestonia.ee\/muugitingimused\/#breadcrumb\",\"itemListElement\":[{\"@type\":\"ListItem\",\"position\":1,\"name\":\"\u0413\u043b\u0430\u0432\u043d\u0430\u044f \u0441\u0442\u0440\u0430\u043d\u0438\u0446\u0430\",\"item\":\"https:\/\/flowersestonia.ee\/\"},{\"@type\":\"ListItem\",\"position\":2,\"name\":\"M\u00fc\u00fcgitingimused\"}]},{\"@type\":\"WebSite\",\"@id\":\"https:\/\/flowersestonia.ee\/#website\",\"url\":\"https:\/\/flowersestonia.ee\/\",\"name\":\"Flowers Estonia\",\"description\":\"Lillede m\u00fc\u00fck ja kohaletoimetamine\",\"publisher\":{\"@id\":\"https:\/\/flowersestonia.ee\/#organization\"},\"potentialAction\":[{\"@type\":\"SearchAction\",\"target\":{\"@type\":\"EntryPoint\",\"urlTemplate\":\"https:\/\/flowersestonia.ee\/?s={search_term_string}\"},\"query-input\":{\"@type\":\"PropertyValueSpecification\",\"valueRequired\":true,\"valueName\":\"search_term_string\"}}],\"inLanguage\":\"en-GB\"},{\"@type\":\"Organization\",\"@id\":\"https:\/\/flowersestonia.ee\/#organization\",\"name\":\"Flowers Estonia\",\"url\":\"https:\/\/flowersestonia.ee\/\",\"logo\":{\"@type\":\"ImageObject\",\"inLanguage\":\"en-GB\",\"@id\":\"https:\/\/flowersestonia.ee\/#\/schema\/logo\/image\/\",\"url\":\"https:\/\/flowersestonia.ee\/wp-content\/uploads\/2025\/01\/Frame-1.svg\",\"contentUrl\":\"https:\/\/flowersestonia.ee\/wp-content\/uploads\/2025\/01\/Frame-1.svg\",\"width\":350,\"height\":100,\"caption\":\"Flowers Estonia\"},\"image\":{\"@id\":\"https:\/\/flowersestonia.ee\/#\/schema\/logo\/image\/\"}}]}<\/script>\n<!-- \/ Yoast SEO plugin. -->","yoast_head_json":{"title":"M\u00fc\u00fcgitingimused &#8211; Flowers Estonia","robots":{"index":"index","follow":"follow","max-snippet":"max-snippet:-1","max-image-preview":"max-image-preview:large","max-video-preview":"max-video-preview:-1"},"canonical":"https:\/\/flowersestonia.ee\/en\/muugitingimused\/","og_locale":"en_GB","og_type":"article","og_title":"M\u00fc\u00fcgitingimused &#8211; Flowers Estonia","og_description":"M\u00fc\u00fcgitingimused Veebipoe flowersestonia.ee (edaspidi Veebipood) omanik on\u00a0 STAFFMEH O\u00dc (Reg.Nr: 17026133) Juriidilise aadressiga\u00a0Harju maakond, Tallinn, Haabersti linnaosa, \u00d5ism\u00e4e tee 105-43, 13515 M\u00fc\u00fcgilepingu kehtivus, kauba- ja...","og_url":"https:\/\/flowersestonia.ee\/en\/muugitingimused\/","og_site_name":"Flowers Estonia","article_modified_time":"2025-02-09T14:44:11+00:00","twitter_card":"summary_large_image","twitter_misc":{"Estimated reading time":"3 minutes"},"schema":{"@context":"https:\/\/schema.org","@graph":[{"@type":"WebPage","@id":"https:\/\/flowersestonia.ee\/muugitingimused\/","url":"https:\/\/flowersestonia.ee\/muugitingimused\/","name":"M\u00fc\u00fcgitingimused &#8211; Flowers Estonia","isPartOf":{"@id":"https:\/\/flowersestonia.ee\/#website"},"datePublished":"2025-02-04T16:08:28+00:00","dateModified":"2025-02-09T14:44:11+00:00","breadcrumb":{"@id":"https:\/\/flowersestonia.ee\/muugitingimused\/#breadcrumb"},"inLanguage":"en-GB","potentialAction":[{"@type":"ReadAction","target":["https:\/\/flowersestonia.ee\/muugitingimused\/"]}]},{"@type":"BreadcrumbList","@id":"https:\/\/flowersestonia.ee\/muugitingimused\/#breadcrumb","itemListElement":[{"@type":"ListItem","position":1,"name":"\u0413\u043b\u0430\u0432\u043d\u0430\u044f \u0441\u0442\u0440\u0430\u043d\u0438\u0446\u0430","item":"https:\/\/flowersestonia.ee\/"},{"@type":"ListItem","position":2,"name":"M\u00fc\u00fcgitingimused"}]},{"@type":"WebSite","@id":"https:\/\/flowersestonia.ee\/#website","url":"https:\/\/flowersestonia.ee\/","name":"Flowers Estonia","description":"Lillede m\u00fc\u00fck ja kohaletoimetamine","publisher":{"@id":"https:\/\/flowersestonia.ee\/#organization"},"potentialAction":[{"@type":"SearchAction","target":{"@type":"EntryPoint","urlTemplate":"https:\/\/flowersestonia.ee\/?s={search_term_string}"},"query-input":{"@type":"PropertyValueSpecification","valueRequired":true,"valueName":"search_term_string"}}],"inLanguage":"en-GB"},{"@type":"Organization","@id":"https:\/\/flowersestonia.ee\/#organization","name":"Flowers Estonia","url":"https:\/\/flowersestonia.ee\/","logo":{"@type":"ImageObject","inLanguage":"en-GB","@id":"https:\/\/flowersestonia.ee\/#\/schema\/logo\/image\/","url":"https:\/\/flowersestonia.ee\/wp-content\/uploads\/2025\/01\/Frame-1.svg","contentUrl":"https:\/\/flowersestonia.ee\/wp-content\/uploads\/2025\/01\/Frame-1.svg","width":350,"height":100,"caption":"Flowers Estonia"},"image":{"@id":"https:\/\/flowersestonia.ee\/#\/schema\/logo\/image\/"}}]}},"_links":{"self":[{"href":"https:\/\/flowersestonia.ee\/en\/wp-json\/wp\/v2\/pages\/1218","targetHints":{"allow":["GET"]}}],"collection":[{"href":"https:\/\/flowersestonia.ee\/en\/wp-json\/wp\/v2\/pages"}],"about":[{"href":"https:\/\/flowersestonia.ee\/en\/wp-json\/wp\/v2\/types\/page"}],"author":[{"embeddable":true,"href":"https:\/\/flowersestonia.ee\/en\/wp-json\/wp\/v2\/users\/1"}],"replies":[{"embeddable":true,"href":"https:\/\/flowersestonia.ee\/en\/wp-json\/wp\/v2\/comments?post=1218"}],"version-history":[{"count":10,"href":"https:\/\/flowersestonia.ee\/en\/wp-json\/wp\/v2\/pages\/1218\/revisions"}],"predecessor-version":[{"id":1660,"href":"https:\/\/flowersestonia.ee\/en\/wp-json\/wp\/v2\/pages\/1218\/revisions\/1660"}],"wp:attachment":[{"href":"https:\/\/flowersestonia.ee\/en\/wp-json\/wp\/v2\/media?parent=1218"}],"curies":[{"name":"wp","href":"https:\/\/api.w.org\/{rel}","templated":true}]}}